{"id":52801,"date":"2026-04-02T23:54:32","date_gmt":"2026-04-02T20:54:32","guid":{"rendered":"http:\/\/new.ceasuri.md\/shop\/uncategorized\/emporio-armani-cleo-ar11499\/"},"modified":"2026-04-20T01:29:48","modified_gmt":"2026-04-19T22:29:48","slug":"emporio-armani-cleo-ar11499","status":"publish","type":"product","link":"https:\/\/ceasuri.md\/ru\/shop\/branduri\/emporio-armani\/emporio-armani-cleo-ar11499\/","title":{"rendered":"\u0427\u0430\u0441\u044b EMPORIO ARMANI CLEO AR11499"},"content":{"rendered":"<p>Acest accesoriu, realizat \u00een stilul clasic modern \u0219i decorat cu cristale str\u0103lucitoare, va fi un complement perfect pentru o \u021binut\u0103 elegant\u0103.<\/p>\n<p>Ceas de dam\u0103 cu carcas\u0103 rotund\u0103 din o\u021bel.<\/p>\n<p>Cadran sidefat cu marcaje punctiforme \u0219i cifre romane. Logo-ul m\u0103rcii \u00een  pozi\u021bia \u201eora 12\u201d.<\/p>\n<p>Coroan\u0103 protejat\u0103.<\/p>\n<p>Br\u0103\u021bar\u0103 din o\u021bel cu \u00eenchiz\u0103toare pliabil\u0103.<\/p>\n<p>Stilat \u0219i elegant, acest accesoriu va fi un complement perfect pentru orice \u021binut\u0103.<\/p>","protected":false},"excerpt":{"rendered":"<p>Acest accesoriu, realizat \u00een stilul clasic modern \u0219i decorat cu cristale str\u0103lucitoare, va fi un complement perfect pentru o \u021binut\u0103 elegant\u0103. Ceas de dam\u0103 cu carcas\u0103 rotund\u0103 din o\u021bel. Cadran sidefat cu marcaje punctiforme \u0219i cifre romane. Logo-ul m\u0103rcii \u00een pozi\u021bia \u201eora 12\u201d. Coroan\u0103 protejat\u0103. Br\u0103\u021bar\u0103 din o\u021bel cu \u00eenchiz\u0103toare pliabil\u0103. Stilat \u0219i elegant, acest [&hellip;]<\/p>\n","protected":false},"featured_media":52802,"comment_status":"closed","ping_status":"open","template":"","meta":{"_acf_changed":false},"product_brand":[],"product_cat":[25,617],"product_tag":[],"class_list":{"0":"post-52801","1":"product","2":"type-product","3":"status-publish","4":"has-post-thumbnail","6":"product_cat-ceasuri-dama","7":"product_cat-emporio-armani","8":"pa_brand-emporio-armani","9":"pa_braslet-otel-inoxidabil","10":"pa_corpus-32-mm","11":"pa_decor-cristale-swarowski","12":"pa_forma-rotund","13":"pa_garatia-24-luni","14":"pa_korpus-roz-gold","15":"pa_kvarc-quartz","16":"pa_material-otel-inoxidabil","17":"pa_mehanizm-quartz","18":"pa_remeshok-argintiu","19":"pa_remeshok-roz-gold","20":"pa_steklo-cristal-mineral","21":"pa_strana-italia","22":"pa_voda-3-atm","24":"first","25":"instock","26":"purchasable","27":"product-type-simple"},"acf":[],"_links":{"self":[{"href":"https:\/\/ceasuri.md\/ru\/wp-json\/wp\/v2\/product\/52801","targetHints":{"allow":["GET"]}}],"collection":[{"href":"https:\/\/ceasuri.md\/ru\/wp-json\/wp\/v2\/product"}],"about":[{"href":"https:\/\/ceasuri.md\/ru\/wp-json\/wp\/v2\/types\/product"}],"replies":[{"embeddable":true,"href":"https:\/\/ceasuri.md\/ru\/wp-json\/wp\/v2\/comments?post=52801"}],"wp:featuredmedia":[{"embeddable":true,"href":"https:\/\/ceasuri.md\/ru\/wp-json\/wp\/v2\/media\/52802"}],"wp:attachment":[{"href":"https:\/\/ceasuri.md\/ru\/wp-json\/wp\/v2\/media?parent=52801"}],"wp:term":[{"taxonomy":"product_brand","embeddable":true,"href":"https:\/\/ceasuri.md\/ru\/wp-json\/wp\/v2\/product_brand?post=52801"},{"taxonomy":"product_cat","embeddable":true,"href":"https:\/\/ceasuri.md\/ru\/wp-json\/wp\/v2\/product_cat?post=52801"},{"taxonomy":"product_tag","embeddable":true,"href":"https:\/\/ceasuri.md\/ru\/wp-json\/wp\/v2\/product_tag?post=52801"}],"curies":[{"name":"wp","href":"https:\/\/api.w.org\/{rel}","templated":true}]}}