{"id":52797,"date":"2026-04-02T23:54:32","date_gmt":"2026-04-02T20:54:32","guid":{"rendered":"http:\/\/new.ceasuri.md\/shop\/uncategorized\/emporio-armani-cleo-ar11485\/"},"modified":"2026-04-20T01:29:47","modified_gmt":"2026-04-19T22:29:47","slug":"emporio-armani-cleo-ar11485","status":"publish","type":"product","link":"https:\/\/ceasuri.md\/ru\/shop\/branduri\/emporio-armani\/emporio-armani-cleo-ar11485\/","title":{"rendered":"\u0427\u0430\u0441\u044b EMPORIO ARMANI CLEO AR11485"},"content":{"rendered":"<p>Ceasul elegant cu cadran sidefat va fi accesoriul perfect pentru \u021binuta ta de prim\u0103var\u0103.<\/p>\n<p>Carcas\u0103 rotund\u0103 din o\u021bel cu placare aur roz.<\/p>\n<p>Indicatoare sub form\u0103 de cifre romane. Logo-ul m\u0103rcii la ora 12.<\/p>\n<p>Cadranul \u0219i carcasa sunt decorate cu cristale Swarovski.<\/p>\n<p>Curea din piele.<\/p>","protected":false},"excerpt":{"rendered":"<p>Ceasul elegant cu cadran sidefat va fi accesoriul perfect pentru \u021binuta ta de prim\u0103var\u0103. Carcas\u0103 rotund\u0103 din o\u021bel cu placare aur roz. Indicatoare sub form\u0103 de cifre romane. Logo-ul m\u0103rcii la ora 12. Cadranul \u0219i carcasa sunt decorate cu cristale Swarovski. Curea din piele.<\/p>","protected":false},"featured_media":52798,"comment_status":"closed","ping_status":"open","template":"","meta":{"_acf_changed":false},"product_brand":[],"product_cat":[25,617],"product_tag":[],"class_list":{"0":"post-52797","1":"product","2":"type-product","3":"status-publish","4":"has-post-thumbnail","6":"product_cat-ceasuri-dama","7":"product_cat-emporio-armani","8":"pa_brand-emporio-armani","9":"pa_braslet-otel-inoxidabil","10":"pa_corpus-32-mm","11":"pa_decor-cristale-swarowski","12":"pa_forma-rotund","13":"pa_garatia-24-luni","14":"pa_korpus-roz-gold","15":"pa_kvarc-quartz","16":"pa_material-otel-inoxidabil","17":"pa_mehanizm-quartz","18":"pa_remeshok-negru","19":"pa_steklo-cristal-mineral","20":"pa_strana-italia","21":"pa_voda-5-atm","23":"first","24":"instock","25":"purchasable","26":"product-type-simple"},"acf":[],"_links":{"self":[{"href":"https:\/\/ceasuri.md\/ru\/wp-json\/wp\/v2\/product\/52797","targetHints":{"allow":["GET"]}}],"collection":[{"href":"https:\/\/ceasuri.md\/ru\/wp-json\/wp\/v2\/product"}],"about":[{"href":"https:\/\/ceasuri.md\/ru\/wp-json\/wp\/v2\/types\/product"}],"replies":[{"embeddable":true,"href":"https:\/\/ceasuri.md\/ru\/wp-json\/wp\/v2\/comments?post=52797"}],"wp:featuredmedia":[{"embeddable":true,"href":"https:\/\/ceasuri.md\/ru\/wp-json\/wp\/v2\/media\/52798"}],"wp:attachment":[{"href":"https:\/\/ceasuri.md\/ru\/wp-json\/wp\/v2\/media?parent=52797"}],"wp:term":[{"taxonomy":"product_brand","embeddable":true,"href":"https:\/\/ceasuri.md\/ru\/wp-json\/wp\/v2\/product_brand?post=52797"},{"taxonomy":"product_cat","embeddable":true,"href":"https:\/\/ceasuri.md\/ru\/wp-json\/wp\/v2\/product_cat?post=52797"},{"taxonomy":"product_tag","embeddable":true,"href":"https:\/\/ceasuri.md\/ru\/wp-json\/wp\/v2\/product_tag?post=52797"}],"curies":[{"name":"wp","href":"https:\/\/api.w.org\/{rel}","templated":true}]}}