{"id":52789,"date":"2026-04-02T23:54:32","date_gmt":"2026-04-02T20:54:32","guid":{"rendered":"http:\/\/new.ceasuri.md\/shop\/uncategorized\/emporio-armani-mario-ar11243\/"},"modified":"2026-04-20T01:29:46","modified_gmt":"2026-04-19T22:29:46","slug":"emporio-armani-mario-ar11243","status":"publish","type":"product","link":"https:\/\/ceasuri.md\/ru\/shop\/branduri\/emporio-armani\/emporio-armani-mario-ar11243\/","title":{"rendered":"\u0427\u0430\u0441\u044b EMPORIO ARMANI MARIO AR11243"},"content":{"rendered":"<p>Un ceas multifunc\u021bional din o\u021bel, cu un design \u00eengrijit care dezv\u0103luie caracterul masculin \u0219i de afaceri al purt\u0103torului s\u0103u.<\/p>\n<p>Ceas cronograf cu cronometru \u0219i tahimetru.<\/p>\n<p>Format de timp de 12 \u0219i 24 de ore. Fereastr\u0103 pentru dat\u0103.<\/p>\n<p>Curea din piele neagr\u0103 cu cataram\u0103 clasic\u0103.<\/p>","protected":false},"excerpt":{"rendered":"<p>Un ceas multifunc\u021bional din o\u021bel, cu un design \u00eengrijit care dezv\u0103luie caracterul masculin \u0219i de afaceri al purt\u0103torului s\u0103u. Ceas cronograf cu cronometru \u0219i tahimetru. Format de timp de 12 \u0219i 24 de ore. Fereastr\u0103 pentru dat\u0103. Curea din piele neagr\u0103 cu cataram\u0103 clasic\u0103.<\/p>","protected":false},"featured_media":52790,"comment_status":"closed","ping_status":"open","template":"","meta":{"_acf_changed":false},"product_brand":[],"product_cat":[20,617],"product_tag":[],"class_list":{"0":"post-52789","1":"product","2":"type-product","3":"status-publish","4":"has-post-thumbnail","6":"product_cat-ceasuri-barbati","7":"product_cat-emporio-armani","8":"pa_brand-emporio-armani","9":"pa_braslet-piele","10":"pa_corpus-43-mm","11":"pa_forma-rotund","12":"pa_funcii-cronograf","13":"pa_funcii-data","14":"pa_funcii-tahimetru","15":"pa_garatia-24-luni","16":"pa_korpus-argintiu","17":"pa_korpus-negru","18":"pa_kvarc-quartz","19":"pa_material-otel-inoxidabil","20":"pa_mehanizm-quartz","21":"pa_remeshok-negru","22":"pa_steklo-cristal-mineral","23":"pa_strana-italia","24":"pa_voda-3-atm","26":"first","27":"instock","28":"purchasable","29":"product-type-simple"},"acf":[],"_links":{"self":[{"href":"https:\/\/ceasuri.md\/ru\/wp-json\/wp\/v2\/product\/52789","targetHints":{"allow":["GET"]}}],"collection":[{"href":"https:\/\/ceasuri.md\/ru\/wp-json\/wp\/v2\/product"}],"about":[{"href":"https:\/\/ceasuri.md\/ru\/wp-json\/wp\/v2\/types\/product"}],"replies":[{"embeddable":true,"href":"https:\/\/ceasuri.md\/ru\/wp-json\/wp\/v2\/comments?post=52789"}],"wp:featuredmedia":[{"embeddable":true,"href":"https:\/\/ceasuri.md\/ru\/wp-json\/wp\/v2\/media\/52790"}],"wp:attachment":[{"href":"https:\/\/ceasuri.md\/ru\/wp-json\/wp\/v2\/media?parent=52789"}],"wp:term":[{"taxonomy":"product_brand","embeddable":true,"href":"https:\/\/ceasuri.md\/ru\/wp-json\/wp\/v2\/product_brand?post=52789"},{"taxonomy":"product_cat","embeddable":true,"href":"https:\/\/ceasuri.md\/ru\/wp-json\/wp\/v2\/product_cat?post=52789"},{"taxonomy":"product_tag","embeddable":true,"href":"https:\/\/ceasuri.md\/ru\/wp-json\/wp\/v2\/product_tag?post=52789"}],"curies":[{"name":"wp","href":"https:\/\/api.w.org\/{rel}","templated":true}]}}