{"id":52776,"date":"2026-04-02T23:53:49","date_gmt":"2026-04-02T20:53:49","guid":{"rendered":"http:\/\/new.ceasuri.md\/shop\/uncategorized\/orient-star-contemporary-re-au0006s00b\/"},"modified":"2026-04-20T01:29:44","modified_gmt":"2026-04-19T22:29:44","slug":"orient-star-contemporary-re-au0006s00b","status":"publish","type":"product","link":"https:\/\/ceasuri.md\/ru\/shop\/branduri\/orient-star\/orient-star-contemporary-re-au0006s00b\/","title":{"rendered":"\u0427\u0430\u0441\u044b ORIENT STAR CONTEMPORARY RE-AU0006S00B"},"content":{"rendered":"<p>Ceas de m\u00e2n\u0103 Orient Star pentru b\u0103rba\u021bi, mecanic cu func\u021bionare automat\u0103, din colec\u021bia Contemporary.<\/p>\n<p>Calibru F6N43. Rezerv\u0103 de putere de p\u00e2n\u0103 la 50 de ore. 21.600 de vibra\u021bii pe or\u0103. Num\u0103r de pietre &#8211; 24.<\/p>\n<p>Cadranul are un indicator retrograd al rezervei de energie. Indicarea datei curente. M\u00e2ini \u0219i markeri cu acoperire luminescent\u0103 (str\u0103lucesc \u00een \u00eentuneric).<\/p>\n<p> ..<\/p>\n<p>Func\u021bia de oprire a secundei (opre\u0219te m\u00e2na a doua pentru a seta ora exact\u0103).<\/p>\n<p>Cristal de safir rezistent la zg\u00e2rieturi, cu strat anti-reflexie.<\/p>\n<p>Fundul carcasei transparent cu \u0219urub.<\/p>\n<p>Rezistent la ap\u0103 WR100 (10 atm).<\/p>","protected":false},"excerpt":{"rendered":"<p>Ceas de m\u00e2n\u0103 Orient Star pentru b\u0103rba\u021bi, mecanic cu func\u021bionare automat\u0103, din colec\u021bia Contemporary. Calibru F6N43. Rezerv\u0103 de putere de p\u00e2n\u0103 la 50 de ore. 21.600 de vibra\u021bii pe or\u0103. Num\u0103r de pietre &#8211; 24. Cadranul are un indicator retrograd al rezervei de energie. Indicarea datei curente. M\u00e2ini \u0219i markeri cu acoperire luminescent\u0103 (str\u0103lucesc \u00een [&hellip;]<\/p>\n","protected":false},"featured_media":52777,"comment_status":"closed","ping_status":"open","template":"","meta":{"_acf_changed":false},"product_brand":[],"product_cat":[20,106,598],"product_tag":[],"class_list":{"0":"post-52776","1":"product","2":"type-product","3":"status-publish","4":"has-post-thumbnail","6":"product_cat-ceasuri-barbati","7":"product_cat-ceasuri-premium","8":"product_cat-orient-star","9":"pa_brand-orient-star","10":"pa_braslet-otel-inoxidabil","11":"pa_corpus-38-mm","12":"pa_forma-rotund","13":"pa_funcii-data","14":"pa_funcii-rezerva-de-energie","15":"pa_garatia-24-luni","16":"pa_korpus-argintiu","17":"pa_material-otel-inoxidabil","18":"pa_mehanizm-mecanic","19":"pa_mehanizm-mecanism-automatic","20":"pa_remeshok-argintiu","21":"pa_steklo-cristal-safir","22":"pa_strana-japonia","23":"pa_voda-10-atm","25":"first","26":"instock","27":"purchasable","28":"product-type-simple"},"acf":[],"_links":{"self":[{"href":"https:\/\/ceasuri.md\/ru\/wp-json\/wp\/v2\/product\/52776","targetHints":{"allow":["GET"]}}],"collection":[{"href":"https:\/\/ceasuri.md\/ru\/wp-json\/wp\/v2\/product"}],"about":[{"href":"https:\/\/ceasuri.md\/ru\/wp-json\/wp\/v2\/types\/product"}],"replies":[{"embeddable":true,"href":"https:\/\/ceasuri.md\/ru\/wp-json\/wp\/v2\/comments?post=52776"}],"wp:featuredmedia":[{"embeddable":true,"href":"https:\/\/ceasuri.md\/ru\/wp-json\/wp\/v2\/media\/52777"}],"wp:attachment":[{"href":"https:\/\/ceasuri.md\/ru\/wp-json\/wp\/v2\/media?parent=52776"}],"wp:term":[{"taxonomy":"product_brand","embeddable":true,"href":"https:\/\/ceasuri.md\/ru\/wp-json\/wp\/v2\/product_brand?post=52776"},{"taxonomy":"product_cat","embeddable":true,"href":"https:\/\/ceasuri.md\/ru\/wp-json\/wp\/v2\/product_cat?post=52776"},{"taxonomy":"product_tag","embeddable":true,"href":"https:\/\/ceasuri.md\/ru\/wp-json\/wp\/v2\/product_tag?post=52776"}],"curies":[{"name":"wp","href":"https:\/\/api.w.org\/{rel}","templated":true}]}}