{"id":52774,"date":"2026-04-02T23:53:49","date_gmt":"2026-04-02T20:53:49","guid":{"rendered":"http:\/\/new.ceasuri.md\/shop\/uncategorized\/casio-collection-ws-1500h-3bvef\/"},"modified":"2026-04-20T01:32:07","modified_gmt":"2026-04-19T22:32:07","slug":"casio-collection-ws-1500h-3bvef","status":"publish","type":"product","link":"https:\/\/ceasuri.md\/ru\/shop\/branduri\/casio\/casio-collection-ws-1500h-3bvef\/","title":{"rendered":"\u0427\u0430\u0441\u044b CASIO COLLECTION WS-1500H-3BVEF"},"content":{"rendered":"<p>Dac\u0103 sunte\u021bi un pescar pasionat, acest ceas va fi o adev\u0103rat\u0103 descoperire pentru dumneavoastr\u0103, fiind pur \u0219i simplu indispensabil la pescuit.<\/p>\n<p>Cadranul este iluminat cu LED. Lumina de fundal poate fi setat\u0103 la 1,5 sau 3 secunde. Culoarea luminii de fundal: portocaliu.<\/p>\n<p>Indicatorul de pescuit &#8211; determin\u0103 momentul cel mai potrivit pentru pescuit. Pe ecran sunt afi\u0219ate simboluri sub forma unuia dintre cele patru niveluri, \u00een func\u021bie de momentul ideal pentru pescuit.<\/p>\n<p>Afi\u0219area v\u00e2rstei lunii la o dat\u0103 specific\u0103 \u0219i graficul fazelor lunii.<\/p>\n<p>Al doilea fus orar. Format de timp de 12 \u0219i 24 de ore. Cronometru cu precizie de 1\/100 s \u0219i timp de m\u0103surare de 24 de ore. Cronometru cu num\u0103r\u0103toare invers\u0103 de la 1 minut la 24 de ore cu repetare automat\u0103.<\/p>\n<p>Func\u021bii de activare\/dezactivare a sunetului \u0219i activare\/dezactivare a orei de var\u0103.<\/p>\n<p>Rezisten\u021b\u0103 la ap\u0103 100 m.<\/p>\n<p>Curea din material polimeric cu cataram\u0103 clasic\u0103.<\/p>","protected":false},"excerpt":{"rendered":"<p>Dac\u0103 sunte\u021bi un pescar pasionat, acest ceas va fi o adev\u0103rat\u0103 descoperire pentru dumneavoastr\u0103, fiind pur \u0219i simplu indispensabil la pescuit. Cadranul este iluminat cu LED. Lumina de fundal poate fi setat\u0103 la 1,5 sau 3 secunde. Culoarea luminii de fundal: portocaliu. Indicatorul de pescuit &#8211; determin\u0103 momentul cel mai potrivit pentru pescuit. Pe ecran [&hellip;]<\/p>\n","protected":false},"featured_media":52775,"comment_status":"closed","ping_status":"open","template":"","meta":{"_acf_changed":false},"product_brand":[],"product_cat":[27,20],"product_tag":[],"class_list":{"0":"post-52774","1":"product","2":"type-product","3":"status-publish","4":"has-post-thumbnail","6":"product_cat-casio","7":"product_cat-ceasuri-barbati","8":"pa_brand-casio","9":"pa_braslet-plastic","10":"pa_corpus-50-mm","11":"pa_forma-rotund","12":"pa_funcii-alarma","13":"pa_funcii-calendar","14":"pa_funcii-cronometru","15":"pa_funcii-fazele-lunii","16":"pa_funcii-iluminare","17":"pa_funcii-timp-mondial","18":"pa_garatia-24-luni","19":"pa_korpus-verde","20":"pa_kvarc-quartz","21":"pa_material-plastic","22":"pa_mehanizm-electronic","23":"pa_remeshok-verde","24":"pa_steklo-plastic","25":"pa_strana-japonia","26":"pa_voda-10-atm","28":"first","29":"instock","30":"purchasable","31":"product-type-simple"},"acf":[],"_links":{"self":[{"href":"https:\/\/ceasuri.md\/ru\/wp-json\/wp\/v2\/product\/52774","targetHints":{"allow":["GET"]}}],"collection":[{"href":"https:\/\/ceasuri.md\/ru\/wp-json\/wp\/v2\/product"}],"about":[{"href":"https:\/\/ceasuri.md\/ru\/wp-json\/wp\/v2\/types\/product"}],"replies":[{"embeddable":true,"href":"https:\/\/ceasuri.md\/ru\/wp-json\/wp\/v2\/comments?post=52774"}],"wp:featuredmedia":[{"embeddable":true,"href":"https:\/\/ceasuri.md\/ru\/wp-json\/wp\/v2\/media\/52775"}],"wp:attachment":[{"href":"https:\/\/ceasuri.md\/ru\/wp-json\/wp\/v2\/media?parent=52774"}],"wp:term":[{"taxonomy":"product_brand","embeddable":true,"href":"https:\/\/ceasuri.md\/ru\/wp-json\/wp\/v2\/product_brand?post=52774"},{"taxonomy":"product_cat","embeddable":true,"href":"https:\/\/ceasuri.md\/ru\/wp-json\/wp\/v2\/product_cat?post=52774"},{"taxonomy":"product_tag","embeddable":true,"href":"https:\/\/ceasuri.md\/ru\/wp-json\/wp\/v2\/product_tag?post=52774"}],"curies":[{"name":"wp","href":"https:\/\/api.w.org\/{rel}","templated":true}]}}