{"id":52770,"date":"2026-04-02T23:53:49","date_gmt":"2026-04-02T20:53:49","guid":{"rendered":"http:\/\/new.ceasuri.md\/shop\/uncategorized\/casio-g-shock-gw-9500-1er\/"},"modified":"2026-04-20T01:32:07","modified_gmt":"2026-04-19T22:32:07","slug":"casio-g-shock-gw-9500-1er","status":"publish","type":"product","link":"https:\/\/ceasuri.md\/ru\/shop\/branduri\/casio\/casio-g-shock-gw-9500-1er\/","title":{"rendered":"\u0427\u0430\u0441\u044b CASIO G-SHOCK GW-9500-1ER"},"content":{"rendered":"<p>Gama de ceasuri G-SHOCK Master of G, conceput\u0103 pentru profesioni\u0219tii care lucreaz\u0103 \u00een cele mai dure condi\u021bii, prezint\u0103 modelul MUDMAN cu senzor triplu \u0219i construc\u021bie rezistent\u0103 la murd\u0103rie.<\/p>\n<p>Butonul frontal mare \u0219i u\u0219or de utilizat \u0219i cele trei butoane cu senzor de pe p\u0103r\u021bile laterale au o form\u0103 care permite scurgerea murd\u0103riei \u0219i a apei \u0219i sunt protejate de componente cilindrice din o\u021bel inoxidabil.<\/p>\n<p>Designul \u00eendr\u0103zne\u021b include un ecran LCD cu dou\u0103 straturi, precum \u0219i un senzor triplu pentru afi\u0219area altitudinii, direc\u021biei, temperaturii \u0219i presiunii barometrice. Modulul sub\u021bire \u0219i construc\u021bia Carbon Core Guard \u00eenseamn\u0103 c\u0103 toate aceste func\u021bii sunt integrate \u00eentr-un ceas mai sub\u021bire \u0219i mai compact, oferind un suport robust \u0219i fiabil, cu o potrivire confortabil\u0103.<\/p>\n<p>Designul sub\u021bire, dar puternic al MUDMAN combin\u0103 func\u021bionalitatea complet\u0103 \u0219i aspectul creat cu ajutorul unei combina\u021bii complexe de componente.<\/p>\n<p>Busola digital\u0103 a devenit mai practic\u0103 ca niciodat\u0103, datorit\u0103 ecranului LCD cu dou\u0103 straturi, care afi\u0219eaz\u0103 grafica busolei \u00een partea superioar\u0103 \u0219i ora \u0219i alte indica\u021bii \u00een partea inferioar\u0103. Duc\u00e2nd practicitatea la un nou nivel, energia solar\u0103 cu control radio asigur\u0103 cronometrarea, iar Super Illuminator asigur\u0103 vizibilitatea chiar \u0219i \u00een locuri \u00eentunecate.<\/p>\n<p>Pe capacul din spate al carcasei este gravat personajul iconic MUDMAN sub forma unui marmot care \u021bine \u00een m\u00e2n\u0103 o busol\u0103.<\/p>","protected":false},"excerpt":{"rendered":"<p>Gama de ceasuri G-SHOCK Master of G, conceput\u0103 pentru profesioni\u0219tii care lucreaz\u0103 \u00een cele mai dure condi\u021bii, prezint\u0103 modelul MUDMAN cu senzor triplu \u0219i construc\u021bie rezistent\u0103 la murd\u0103rie. Butonul frontal mare \u0219i u\u0219or de utilizat \u0219i cele trei butoane cu senzor de pe p\u0103r\u021bile laterale au o form\u0103 care permite scurgerea murd\u0103riei \u0219i a apei [&hellip;]<\/p>\n","protected":false},"featured_media":52771,"comment_status":"closed","ping_status":"open","template":"","meta":{"_acf_changed":false},"product_brand":[],"product_cat":[27,20,419],"product_tag":[],"class_list":{"0":"post-52770","1":"product","2":"type-product","3":"status-publish","4":"has-post-thumbnail","6":"product_cat-casio","7":"product_cat-ceasuri-barbati","8":"product_cat-g-shock","9":"pa_brand-casio","10":"pa_brand-g-shock","11":"pa_braslet-plastic","12":"pa_corpus-53-mm","13":"pa_forma-rotund","14":"pa_funcii-alarma","15":"pa_funcii-altimetru","16":"pa_funcii-barometru","17":"pa_funcii-busola","18":"pa_funcii-calendar","19":"pa_funcii-cronometru","20":"pa_funcii-iluminare","21":"pa_funcii-rezerva-de-energie","22":"pa_funcii-termometru","23":"pa_funcii-timp-mondial","24":"pa_garatia-24-luni","25":"pa_korpus-negru","26":"pa_korpus-rosu","27":"pa_kvarc-quartz","28":"pa_material-carbon","29":"pa_material-plastic","30":"pa_mehanizm-baterie-solara","31":"pa_mehanizm-electronic","32":"pa_remeshok-negru","33":"pa_steklo-cristal-mineral","34":"pa_strana-japonia","35":"pa_voda-20-atm","37":"first","38":"instock","39":"purchasable","40":"product-type-simple"},"acf":[],"_links":{"self":[{"href":"https:\/\/ceasuri.md\/ru\/wp-json\/wp\/v2\/product\/52770","targetHints":{"allow":["GET"]}}],"collection":[{"href":"https:\/\/ceasuri.md\/ru\/wp-json\/wp\/v2\/product"}],"about":[{"href":"https:\/\/ceasuri.md\/ru\/wp-json\/wp\/v2\/types\/product"}],"replies":[{"embeddable":true,"href":"https:\/\/ceasuri.md\/ru\/wp-json\/wp\/v2\/comments?post=52770"}],"wp:featuredmedia":[{"embeddable":true,"href":"https:\/\/ceasuri.md\/ru\/wp-json\/wp\/v2\/media\/52771"}],"wp:attachment":[{"href":"https:\/\/ceasuri.md\/ru\/wp-json\/wp\/v2\/media?parent=52770"}],"wp:term":[{"taxonomy":"product_brand","embeddable":true,"href":"https:\/\/ceasuri.md\/ru\/wp-json\/wp\/v2\/product_brand?post=52770"},{"taxonomy":"product_cat","embeddable":true,"href":"https:\/\/ceasuri.md\/ru\/wp-json\/wp\/v2\/product_cat?post=52770"},{"taxonomy":"product_tag","embeddable":true,"href":"https:\/\/ceasuri.md\/ru\/wp-json\/wp\/v2\/product_tag?post=52770"}],"curies":[{"name":"wp","href":"https:\/\/api.w.org\/{rel}","templated":true}]}}