{"id":52766,"date":"2026-04-02T23:53:49","date_gmt":"2026-04-02T20:53:49","guid":{"rendered":"http:\/\/new.ceasuri.md\/shop\/uncategorized\/casio-g-shock-gw-9400-1er\/"},"modified":"2026-04-28T16:51:34","modified_gmt":"2026-04-28T13:51:34","slug":"casio-g-shock-gw-9400-1er","status":"publish","type":"product","link":"https:\/\/ceasuri.md\/ru\/shop\/branduri\/casio\/casio-g-shock-gw-9400-1er\/","title":{"rendered":"\u0427\u0430\u0441\u044b CASIO G-SHOCK GW-9400-1ER"},"content":{"rendered":"<p>V\u0103 prezent\u0103m RANGEMAN, cea mai nou\u0103 ad\u0103ugire la seria Master of G de ceasuri rezistente \u0219i fiabile, concepute \u0219i construite pentru a func\u021biona \u00een cele mai dure condi\u021bii. RANGEMAN este echipat cu un senzor triplu, care \u00eei permite s\u0103 memoreze indica\u021biile de altitudine, presiune barometric\u0103, temperatur\u0103 \u0219i direc\u021bie.<\/p>\n<p>Butoanele cilindrice asigur\u0103 o func\u021bionare excelent\u0103 \u0219i o rezisten\u021b\u0103 sporit\u0103 la \u0219ocuri. Butonul senzorului utilizat frecvent (\u00een centrul din dreapta) are un capac metalic care \u00eel protejeaz\u0103 de loviturile laterale \u0219i \u00eempiedic\u0103 p\u0103trunderea obiectelor str\u0103ine. Ap\u0103sarea butonului senzorului \u00een orice mod duce la trecerea direct\u0103 la ecranul senzorului. Fiecare mod al senzorului are propriul semnal sonor, ceea ce \u00eenseamn\u0103 c\u0103 pute\u021bi determina \u00een ce mod intra\u021bi f\u0103r\u0103 a v\u0103 uita la ceas.<\/p>\n<p>Toate acestea, precum \u0219i \u00eenregistrarea timpului cu o singur\u0103 atingere, m\u0103surarea timpului scurs cu o singur\u0103 atingere \u0219i multe altele fac din RANGEMAN alegerea ideal\u0103 pentru cei a c\u0103ror profesie sau activitate necesit\u0103 o fiabilitate de neclintit.<\/p>\n<p>Alimentare cu energie solar\u0103, indicator de \u00eenc\u0103rcare a bateriei. Durata de func\u021bionare a bateriei f\u0103r\u0103 re\u00eenc\u0103rcare &#8211; 8 luni, cu func\u021bia de economisire a energiei activat\u0103 &#8211; 23 luni. Tehnologia Multi Band 6 permite recep\u021bionarea semnalelor de la \u0219ase turnuri radio situate \u00een diferite puncte ale globului.<\/p>\n<p>Cronometru cu precizie de 1\/100 s \u0219i timp de m\u0103surare de 1000 ore. Cronometru cu num\u0103r\u0103toare invers\u0103 de la 1 minut la 24 ore. Ora mondial\u0103. Format de timp de 12 \u0219i 24 de ore. Func\u021bie de activare\/dezactivare a sunetului.<\/p>","protected":false},"excerpt":{"rendered":"<p>V\u0103 prezent\u0103m RANGEMAN, cea mai nou\u0103 ad\u0103ugire la seria Master of G de ceasuri rezistente \u0219i fiabile, concepute \u0219i construite pentru a func\u021biona \u00een cele mai dure condi\u021bii. RANGEMAN este echipat cu un senzor triplu, care \u00eei permite s\u0103 memoreze indica\u021biile de altitudine, presiune barometric\u0103, temperatur\u0103 \u0219i direc\u021bie. Butoanele cilindrice asigur\u0103 o func\u021bionare excelent\u0103 \u0219i [&hellip;]<\/p>\n","protected":false},"featured_media":52767,"comment_status":"closed","ping_status":"open","template":"","meta":{"_acf_changed":false},"product_brand":[],"product_cat":[27,20,419],"product_tag":[],"class_list":{"0":"post-52766","1":"product","2":"type-product","3":"status-publish","4":"has-post-thumbnail","6":"product_cat-casio","7":"product_cat-ceasuri-barbati","8":"product_cat-g-shock","9":"pa_brand-casio","10":"pa_brand-g-shock","11":"pa_braslet-plastic","12":"pa_corpus-54-mm","13":"pa_forma-rotund","14":"pa_funcii-alarma","15":"pa_funcii-altimetru","16":"pa_funcii-barometru","17":"pa_funcii-busola","18":"pa_funcii-calendar","19":"pa_funcii-cronometru","20":"pa_funcii-iluminare","21":"pa_funcii-rezerva-de-energie","22":"pa_funcii-termometru","23":"pa_garatia-24-luni","24":"pa_korpus-negru","25":"pa_korpus-rosu","26":"pa_kvarc-quartz","27":"pa_material-plastic","28":"pa_mehanizm-baterie-solara","29":"pa_mehanizm-electronic","30":"pa_remeshok-negru","31":"pa_steklo-cristal-mineral","32":"pa_strana-japonia","33":"pa_voda-20-atm","35":"first","36":"instock","37":"purchasable","38":"product-type-simple"},"acf":[],"_links":{"self":[{"href":"https:\/\/ceasuri.md\/ru\/wp-json\/wp\/v2\/product\/52766","targetHints":{"allow":["GET"]}}],"collection":[{"href":"https:\/\/ceasuri.md\/ru\/wp-json\/wp\/v2\/product"}],"about":[{"href":"https:\/\/ceasuri.md\/ru\/wp-json\/wp\/v2\/types\/product"}],"replies":[{"embeddable":true,"href":"https:\/\/ceasuri.md\/ru\/wp-json\/wp\/v2\/comments?post=52766"}],"wp:featuredmedia":[{"embeddable":true,"href":"https:\/\/ceasuri.md\/ru\/wp-json\/wp\/v2\/media\/52767"}],"wp:attachment":[{"href":"https:\/\/ceasuri.md\/ru\/wp-json\/wp\/v2\/media?parent=52766"}],"wp:term":[{"taxonomy":"product_brand","embeddable":true,"href":"https:\/\/ceasuri.md\/ru\/wp-json\/wp\/v2\/product_brand?post=52766"},{"taxonomy":"product_cat","embeddable":true,"href":"https:\/\/ceasuri.md\/ru\/wp-json\/wp\/v2\/product_cat?post=52766"},{"taxonomy":"product_tag","embeddable":true,"href":"https:\/\/ceasuri.md\/ru\/wp-json\/wp\/v2\/product_tag?post=52766"}],"curies":[{"name":"wp","href":"https:\/\/api.w.org\/{rel}","templated":true}]}}