{"id":52761,"date":"2026-04-02T23:53:49","date_gmt":"2026-04-02T20:53:49","guid":{"rendered":"http:\/\/new.ceasuri.md\/shop\/uncategorized\/casio-g-shock-gbx-100-2aer\/"},"modified":"2026-04-07T04:42:51","modified_gmt":"2026-04-07T01:42:51","slug":"casio-g-shock-gbx-100-2aer","status":"publish","type":"product","link":"https:\/\/ceasuri.md\/ru\/shop\/branduri\/casio\/casio-g-shock-gbx-100-2aer\/","title":{"rendered":"Ceas CASIO G-SHOCK GBX-100-2AER"},"content":{"rendered":"<p>Cuceri\u021bi valurile cu ceasul GBX-100 cu func\u021bie de conectare la smartphone din gama sportiv\u0103 G-LIDE, destinat\u0103 celor mai buni surferi din lume \u0219i iubitorilor de sporturi extreme.<\/p>\n<p>Cadranul mare al ceasului, cu afi\u0219aj LCD de \u00eenalt\u0103 rezolu\u021bie Memory in Pixel (MIP), ofer\u0103 acelea\u0219i indica\u021bii clare ale graficelor de maree \u0219i ale fazelor lunii ca \u0219i modelele anterioare, precum \u0219i ora \u0219i nivelurile de maree\/reflux \u0219i ora r\u0103s\u0103ritului\/apusului soarelui \u2014 toate acestea pot fi v\u0103zute dintr-o singur\u0103 privire.<\/p>\n<p>Surferii care particip\u0103 la competi\u021bii dificile din \u00eentreaga lume apreciaz\u0103 at\u00e2t func\u021biile pentru antrenament, c\u00e2t \u0219i pentru surfing. GBX-100 monitorizeaz\u0103 distan\u021ba parcurs\u0103, ritmul, tururile \u0219i viteza, precum \u0219i o serie de indicatori pentru surfing, care sunt afi\u0219a\u021bi direct pe \u00eencheietura m\u00e2inii.<\/p>\n<p>Finisajul bezelului din o\u021bel inoxidabil adaug\u0103 ultima tu\u0219\u0103 ceasului sportiv, care se remarc\u0103 prin rezisten\u021b\u0103 \u0219i aspect elegant \u0219i stilat.<\/p>\n<p>Av\u00e2nd \u00een vedere condi\u021biile instabile ale mediului \u00eenconjur\u0103tor, ceasul este echipat cu o structur\u0103 de protec\u021bie din r\u0103\u0219in\u0103 pentru a rezista la lovituri de sus, de jos \u0219i din ambele p\u0103r\u021bi, precum \u0219i cu o structur\u0103 de protec\u021bie pentru butonul din pozi\u021bia \u201e6 ore\u201d, pentru a asigura toat\u0103 rezisten\u021ba la \u0219ocuri pe care o a\u0219tepta\u021bi de la G-SHOCK.<\/p>\n<p>Cureaua este fabricat\u0103 din uretan moale pe baz\u0103 biologic\u0103, cu o fant\u0103 la baza pozi\u021biei \u201e6 ore\u201d pentru o potrivire mai bun\u0103 \u0219i pentru a elimina apa \u0219i transpira\u021bia, asigur\u00e2nd confortul purt\u0103rii, astfel \u00eenc\u00e2t s\u0103 v\u0103 pute\u021bi concentra pe surfing.<\/p>","protected":false},"excerpt":{"rendered":"<p>Cuceri\u021bi valurile cu ceasul GBX-100 cu func\u021bie de conectare la smartphone din gama sportiv\u0103 G-LIDE, destinat\u0103 celor mai buni surferi din lume \u0219i iubitorilor de sporturi extreme. Cadranul mare al ceasului, cu afi\u0219aj LCD de \u00eenalt\u0103 rezolu\u021bie Memory in Pixel (MIP), ofer\u0103 acelea\u0219i indica\u021bii clare ale graficelor de maree \u0219i ale fazelor lunii ca \u0219i [&hellip;]<\/p>\n","protected":false},"featured_media":52762,"comment_status":"closed","ping_status":"open","template":"","meta":{"_acf_changed":false},"product_brand":[],"product_cat":[27,20,419],"product_tag":[],"class_list":{"0":"post-52761","1":"product","2":"type-product","3":"status-publish","4":"has-post-thumbnail","6":"product_cat-casio","7":"product_cat-ceasuri-barbati","8":"product_cat-g-shock","9":"pa_brand-casio","10":"pa_brand-g-shock","11":"pa_braslet-plastic","12":"pa_corpus-46x51mm","13":"pa_forma-octogonala","14":"pa_funcii-accelerometru","15":"pa_funcii-alarma","16":"pa_funcii-bluetooth-smart","17":"pa_funcii-calendar","18":"pa_funcii-cronometru","19":"pa_funcii-fazele-lunii","20":"pa_funcii-iluminare","21":"pa_funcii-timp-mondial","22":"pa_garatia-24-luni","23":"pa_korpus-albastru","24":"pa_korpus-argintiu","25":"pa_material-otel-inoxidabil","26":"pa_material-plastic","27":"pa_mehanizm-electronic","28":"pa_remeshok-albastru","29":"pa_steklo-cristal-mineral","30":"pa_strana-japonia","31":"pa_voda-20-atm","33":"first","34":"instock","35":"purchasable","36":"product-type-simple"},"acf":[],"_links":{"self":[{"href":"https:\/\/ceasuri.md\/ru\/wp-json\/wp\/v2\/product\/52761","targetHints":{"allow":["GET"]}}],"collection":[{"href":"https:\/\/ceasuri.md\/ru\/wp-json\/wp\/v2\/product"}],"about":[{"href":"https:\/\/ceasuri.md\/ru\/wp-json\/wp\/v2\/types\/product"}],"replies":[{"embeddable":true,"href":"https:\/\/ceasuri.md\/ru\/wp-json\/wp\/v2\/comments?post=52761"}],"wp:featuredmedia":[{"embeddable":true,"href":"https:\/\/ceasuri.md\/ru\/wp-json\/wp\/v2\/media\/52762"}],"wp:attachment":[{"href":"https:\/\/ceasuri.md\/ru\/wp-json\/wp\/v2\/media?parent=52761"}],"wp:term":[{"taxonomy":"product_brand","embeddable":true,"href":"https:\/\/ceasuri.md\/ru\/wp-json\/wp\/v2\/product_brand?post=52761"},{"taxonomy":"product_cat","embeddable":true,"href":"https:\/\/ceasuri.md\/ru\/wp-json\/wp\/v2\/product_cat?post=52761"},{"taxonomy":"product_tag","embeddable":true,"href":"https:\/\/ceasuri.md\/ru\/wp-json\/wp\/v2\/product_tag?post=52761"}],"curies":[{"name":"wp","href":"https:\/\/api.w.org\/{rel}","templated":true}]}}