{"id":52757,"date":"2026-04-02T23:53:49","date_gmt":"2026-04-02T20:53:49","guid":{"rendered":"http:\/\/new.ceasuri.md\/shop\/uncategorized\/casio-g-shock-gaw-100b-1aer\/"},"modified":"2026-04-20T01:32:03","modified_gmt":"2026-04-19T22:32:03","slug":"casio-g-shock-gaw-100b-1aer","status":"publish","type":"product","link":"https:\/\/ceasuri.md\/ru\/shop\/branduri\/casio\/casio-g-shock-gaw-100b-1aer\/","title":{"rendered":"Ceas CASIO G-SHOCK GAW-100B-1AER"},"content":{"rendered":"<p>Ceasurile rezistente la \u0219ocuri, cu baterie solar\u0103 \u0219i control radio, vor fi apreciate de b\u0103rba\u021bii dinamici \u0219i moderni.<\/p>\n<p>Alimentare cu energie solar\u0103 Tough Solar &#8211; baterii solare de mare putere, indicator de \u00eenc\u0103rcare a bateriei. Func\u021bie de economisire automat\u0103 a energiei. Durata de func\u021bionare a bateriei f\u0103r\u0103 re\u00eenc\u0103rcare este de aproximativ 7 luni, iar cu func\u021bia de economisire a energiei activat\u0103, de aproximativ 18 luni.<\/p>\n<p>Tehnologia Multi Band 6 permite recep\u021bionarea semnalelor de la \u0219ase turnuri radio situate \u00een diferite puncte ale globului, care transmit semnale temporale de la anumite ceasuri atomice. Corectarea orei curente prin semnal radio pe teritoriul aproape \u00eentregii Europe, al SUA, Japoniei \u0219i Chinei.<\/p>\n<p>Cadranul este iluminat de dou\u0103 LED-uri, iar \u00een cazul ilumin\u0103rii insuficiente, atunci c\u00e2nd roti\u021bi \u00eencheietura m\u00e2inii spre fa\u021b\u0103, iluminarea se activeaz\u0103 automat.<\/p>\n<p>Ora mondial\u0103 \u2013 48 de ora\u0219e (31 de fusuri orare), ora universal\u0103 coordonat\u0103 (UTC). Func\u021bie de activare\/dezactivare a orei de var\u0103. Format de timp de 12 \u0219i 24 de ore. Cronometru cu precizie de 1\/100 s \u0219i timp de m\u0103surare de 1 or\u0103. Cronometru cu num\u0103r\u0103toare invers\u0103 de la 1 min la 100 min.<\/p>\n<p>Func\u021bie de deplasare a acelor. Func\u021bie de activare\/dezactivare a sunetului.<\/p>\n<p>Rezisten\u021b\u0103 la ap\u0103 200 m.<\/p>","protected":false},"excerpt":{"rendered":"<p>Ceasurile rezistente la \u0219ocuri, cu baterie solar\u0103 \u0219i control radio, vor fi apreciate de b\u0103rba\u021bii dinamici \u0219i moderni. Alimentare cu energie solar\u0103 Tough Solar &#8211; baterii solare de mare putere, indicator de \u00eenc\u0103rcare a bateriei. Func\u021bie de economisire automat\u0103 a energiei. Durata de func\u021bionare a bateriei f\u0103r\u0103 re\u00eenc\u0103rcare este de aproximativ 7 luni, iar cu [&hellip;]<\/p>\n","protected":false},"featured_media":52758,"comment_status":"closed","ping_status":"open","template":"","meta":{"_acf_changed":false},"product_brand":[],"product_cat":[27,20,419],"product_tag":[],"class_list":{"0":"post-52757","1":"product","2":"type-product","3":"status-publish","4":"has-post-thumbnail","6":"product_cat-casio","7":"product_cat-ceasuri-barbati","8":"product_cat-g-shock","9":"pa_brand-casio","10":"pa_brand-g-shock","11":"pa_braslet-plastic","12":"pa_corpus-53-mm","13":"pa_forma-rotund","14":"pa_funcii-alarma","15":"pa_funcii-calendar","16":"pa_funcii-cronometru","17":"pa_funcii-iluminare","18":"pa_funcii-rezerva-de-energie","19":"pa_funcii-timp-mondial","20":"pa_garatia-24-luni","21":"pa_korpus-negru","22":"pa_kvarc-quartz","23":"pa_material-otel-inoxidabil","24":"pa_material-plastic","25":"pa_mehanizm-baterie-solara","26":"pa_mehanizm-electronic","27":"pa_mehanizm-quartz","28":"pa_remeshok-negru","29":"pa_steklo-cristal-mineral","30":"pa_strana-japonia","31":"pa_voda-20-atm","33":"first","34":"instock","35":"purchasable","36":"product-type-simple"},"acf":[],"_links":{"self":[{"href":"https:\/\/ceasuri.md\/ru\/wp-json\/wp\/v2\/product\/52757","targetHints":{"allow":["GET"]}}],"collection":[{"href":"https:\/\/ceasuri.md\/ru\/wp-json\/wp\/v2\/product"}],"about":[{"href":"https:\/\/ceasuri.md\/ru\/wp-json\/wp\/v2\/types\/product"}],"replies":[{"embeddable":true,"href":"https:\/\/ceasuri.md\/ru\/wp-json\/wp\/v2\/comments?post=52757"}],"wp:featuredmedia":[{"embeddable":true,"href":"https:\/\/ceasuri.md\/ru\/wp-json\/wp\/v2\/media\/52758"}],"wp:attachment":[{"href":"https:\/\/ceasuri.md\/ru\/wp-json\/wp\/v2\/media?parent=52757"}],"wp:term":[{"taxonomy":"product_brand","embeddable":true,"href":"https:\/\/ceasuri.md\/ru\/wp-json\/wp\/v2\/product_brand?post=52757"},{"taxonomy":"product_cat","embeddable":true,"href":"https:\/\/ceasuri.md\/ru\/wp-json\/wp\/v2\/product_cat?post=52757"},{"taxonomy":"product_tag","embeddable":true,"href":"https:\/\/ceasuri.md\/ru\/wp-json\/wp\/v2\/product_tag?post=52757"}],"curies":[{"name":"wp","href":"https:\/\/api.w.org\/{rel}","templated":true}]}}