{"id":52753,"date":"2026-04-02T23:53:49","date_gmt":"2026-04-02T20:53:49","guid":{"rendered":"http:\/\/new.ceasuri.md\/shop\/uncategorized\/casio-g-shock-ga-140-1a1er\/"},"modified":"2026-04-07T04:42:50","modified_gmt":"2026-04-07T01:42:50","slug":"casio-g-shock-ga-140-1a1er","status":"publish","type":"product","link":"https:\/\/ceasuri.md\/ru\/shop\/branduri\/casio\/casio-g-shock-ga-140-1a1er\/","title":{"rendered":"Ceas CASIO G-SHOCK GA-140-1A1ER"},"content":{"rendered":"<p>Ceasurile se disting nu numai prin design, ci \u0219i prin combina\u021bia perfect\u0103 \u00eentre precizie \u0219i func\u021bionalitate. Noua versiune a modelului din seria de ceasuri GA. Ceasurile GA-140 sunt realizate \u00een stilul modelului clasic GA-100.<\/p>\n<p>Carcasa rezistent\u0103 la \u0219ocuri protejeaz\u0103 mecanismul de lovituri \u0219i vibra\u021bii.<\/p>\n<p>Iluminare automat\u0103 cu LED-uri \u2014 atunci c\u00e2nd ceasul este \u00eentors cu fa\u021ba spre utilizator, afi\u0219ajul se ilumineaz\u0103 automat. Culoarea ilumin\u0103rii: portocaliu.<\/p>\n<p>Format de afi\u0219are a orei: 12 \u0219i 24 de ore. Ora mondial\u0103 \u2014 48 de ora\u0219e (29 de fusuri orare), ora universal\u0103 coordonat\u0103 (UTC). Func\u021bie de activare\/dezactivare a orei de var\u0103. Cronometru cu precizie de 1\/1000 secunde \u0219i timp de m\u0103surare de 100 ore. Cronometru cu num\u0103r\u0103toare invers\u0103 de la 1 minut la 24 ore, cu repetare automat\u0103.<\/p>\n<p>Rezisten\u021b\u0103 la ap\u0103 200 m.<\/p>","protected":false},"excerpt":{"rendered":"<p>Ceasurile se disting nu numai prin design, ci \u0219i prin combina\u021bia perfect\u0103 \u00eentre precizie \u0219i func\u021bionalitate. Noua versiune a modelului din seria de ceasuri GA. Ceasurile GA-140 sunt realizate \u00een stilul modelului clasic GA-100. Carcasa rezistent\u0103 la \u0219ocuri protejeaz\u0103 mecanismul de lovituri \u0219i vibra\u021bii. Iluminare automat\u0103 cu LED-uri \u2014 atunci c\u00e2nd ceasul este \u00eentors cu [&hellip;]<\/p>\n","protected":false},"featured_media":52754,"comment_status":"closed","ping_status":"open","template":"","meta":{"_acf_changed":false},"product_brand":[],"product_cat":[27,20,419],"product_tag":[],"class_list":{"0":"post-52753","1":"product","2":"type-product","3":"status-publish","4":"has-post-thumbnail","6":"product_cat-casio","7":"product_cat-ceasuri-barbati","8":"product_cat-g-shock","9":"pa_brand-casio","10":"pa_brand-g-shock","11":"pa_braslet-plastic","12":"pa_corpus-51-mm","13":"pa_forma-rotund","14":"pa_funcii-alarma","15":"pa_funcii-calendar","16":"pa_funcii-cronometru","17":"pa_funcii-iluminare","18":"pa_funcii-timp-mondial","19":"pa_garatia-24-luni","20":"pa_korpus-negru","21":"pa_material-plastic","22":"pa_mehanizm-electronic","23":"pa_mehanizm-quartz","24":"pa_remeshok-negru","25":"pa_steklo-cristal-mineral","26":"pa_strana-japonia","27":"pa_voda-20-atm","29":"first","30":"instock","31":"purchasable","32":"product-type-simple"},"acf":[],"_links":{"self":[{"href":"https:\/\/ceasuri.md\/ru\/wp-json\/wp\/v2\/product\/52753","targetHints":{"allow":["GET"]}}],"collection":[{"href":"https:\/\/ceasuri.md\/ru\/wp-json\/wp\/v2\/product"}],"about":[{"href":"https:\/\/ceasuri.md\/ru\/wp-json\/wp\/v2\/types\/product"}],"replies":[{"embeddable":true,"href":"https:\/\/ceasuri.md\/ru\/wp-json\/wp\/v2\/comments?post=52753"}],"wp:featuredmedia":[{"embeddable":true,"href":"https:\/\/ceasuri.md\/ru\/wp-json\/wp\/v2\/media\/52754"}],"wp:attachment":[{"href":"https:\/\/ceasuri.md\/ru\/wp-json\/wp\/v2\/media?parent=52753"}],"wp:term":[{"taxonomy":"product_brand","embeddable":true,"href":"https:\/\/ceasuri.md\/ru\/wp-json\/wp\/v2\/product_brand?post=52753"},{"taxonomy":"product_cat","embeddable":true,"href":"https:\/\/ceasuri.md\/ru\/wp-json\/wp\/v2\/product_cat?post=52753"},{"taxonomy":"product_tag","embeddable":true,"href":"https:\/\/ceasuri.md\/ru\/wp-json\/wp\/v2\/product_tag?post=52753"}],"curies":[{"name":"wp","href":"https:\/\/api.w.org\/{rel}","templated":true}]}}