{"id":52748,"date":"2026-04-02T23:53:49","date_gmt":"2026-04-02T20:53:49","guid":{"rendered":"http:\/\/new.ceasuri.md\/shop\/uncategorized\/casio-g-shock-ga-100-1a4er\/"},"modified":"2026-04-17T14:37:46","modified_gmt":"2026-04-17T11:37:46","slug":"casio-g-shock-ga-100-1a4er","status":"publish","type":"product","link":"https:\/\/ceasuri.md\/ru\/shop\/branduri\/casio\/casio-g-shock-ga-100-1a4er\/","title":{"rendered":"Ceas CASIO G-SHOCK GA-100-1A4ER"},"content":{"rendered":"<p>Acest model combinat G-SHOCK \u00eembin\u0103 afi\u0219ajul analogic \u0219i cel digital. Pozi\u021bionarea simetric\u0103 a acestora confer\u0103 ceasului un aspect dinamic.<\/p>\n<p>Cadranul este iluminat cu LED, func\u021bia de iluminare automat\u0103 se activeaz\u0103 atunci c\u00e2nd ceasul este orientat spre fa\u021ba dvs.<\/p>\n<p>Carcasa rezistent\u0103 la \u0219ocuri protejeaz\u0103 mecanismul \u00eempotriva loviturilor \u0219i vibra\u021biilor. Protec\u021bie \u00eempotriva c\u00e2mpurilor magnetice.<\/p>\n<p>Cronometru cu precizie de 1\/1000 de secund\u0103 \u0219i durat\u0103 de m\u0103surare de 100 de ore. Calcularea vitezei pe baza distan\u021bei selectate.<\/p>\n<p>Temporizator cu num\u0103r\u0103toare invers\u0103 de la 1 minut la 24 de ore, cu resetare automat\u0103. Format de 12 \u0219i 24 de ore.<\/p>\n<p>Rezisten\u021b\u0103 la ap\u0103 200 m.<\/p>","protected":false},"excerpt":{"rendered":"<p>Acest model combinat G-SHOCK \u00eembin\u0103 afi\u0219ajul analogic \u0219i cel digital. Pozi\u021bionarea simetric\u0103 a acestora confer\u0103 ceasului un aspect dinamic. Cadranul este iluminat cu LED, func\u021bia de iluminare automat\u0103 se activeaz\u0103 atunci c\u00e2nd ceasul este orientat spre fa\u021ba dvs. Carcasa rezistent\u0103 la \u0219ocuri protejeaz\u0103 mecanismul \u00eempotriva loviturilor \u0219i vibra\u021biilor. Protec\u021bie \u00eempotriva c\u00e2mpurilor magnetice. Cronometru cu precizie [&hellip;]<\/p>\n","protected":false},"featured_media":52749,"comment_status":"closed","ping_status":"open","template":"","meta":{"_acf_changed":false},"product_brand":[],"product_cat":[27,20,419],"product_tag":[],"class_list":{"0":"post-52748","1":"product","2":"type-product","3":"status-publish","4":"has-post-thumbnail","6":"product_cat-casio","7":"product_cat-ceasuri-barbati","8":"product_cat-g-shock","9":"pa_brand-casio","10":"pa_brand-g-shock","11":"pa_braslet-plastic","12":"pa_corpus-51-mm","13":"pa_forma-rotund","14":"pa_funcii-alarma","15":"pa_funcii-calendar","16":"pa_funcii-cronometru","17":"pa_funcii-iluminare","18":"pa_funcii-timp-mondial","19":"pa_garatia-24-luni","20":"pa_korpus-negru","21":"pa_korpus-rosu","22":"pa_kvarc-quartz","23":"pa_material-plastic","24":"pa_mehanizm-electronic","25":"pa_mehanizm-quartz","26":"pa_remeshok-negru","27":"pa_steklo-cristal-mineral","28":"pa_strana-japonia","29":"pa_voda-20-atm","31":"first","32":"instock","33":"purchasable","34":"product-type-simple"},"acf":[],"_links":{"self":[{"href":"https:\/\/ceasuri.md\/ru\/wp-json\/wp\/v2\/product\/52748","targetHints":{"allow":["GET"]}}],"collection":[{"href":"https:\/\/ceasuri.md\/ru\/wp-json\/wp\/v2\/product"}],"about":[{"href":"https:\/\/ceasuri.md\/ru\/wp-json\/wp\/v2\/types\/product"}],"replies":[{"embeddable":true,"href":"https:\/\/ceasuri.md\/ru\/wp-json\/wp\/v2\/comments?post=52748"}],"wp:featuredmedia":[{"embeddable":true,"href":"https:\/\/ceasuri.md\/ru\/wp-json\/wp\/v2\/media\/52749"}],"wp:attachment":[{"href":"https:\/\/ceasuri.md\/ru\/wp-json\/wp\/v2\/media?parent=52748"}],"wp:term":[{"taxonomy":"product_brand","embeddable":true,"href":"https:\/\/ceasuri.md\/ru\/wp-json\/wp\/v2\/product_brand?post=52748"},{"taxonomy":"product_cat","embeddable":true,"href":"https:\/\/ceasuri.md\/ru\/wp-json\/wp\/v2\/product_cat?post=52748"},{"taxonomy":"product_tag","embeddable":true,"href":"https:\/\/ceasuri.md\/ru\/wp-json\/wp\/v2\/product_tag?post=52748"}],"curies":[{"name":"wp","href":"https:\/\/api.w.org\/{rel}","templated":true}]}}