{"id":52744,"date":"2026-04-02T23:53:49","date_gmt":"2026-04-02T20:53:49","guid":{"rendered":"http:\/\/new.ceasuri.md\/shop\/uncategorized\/casio-edifice-efv-610d-3cvuef\/"},"modified":"2026-04-07T04:42:48","modified_gmt":"2026-04-07T01:42:48","slug":"casio-edifice-efv-610d-3cvuef","status":"publish","type":"product","link":"https:\/\/ceasuri.md\/ru\/shop\/branduri\/casio\/casio-edifice-efv-610d-3cvuef\/","title":{"rendered":"Ceas CASIO EDIFICE EFV-610D-3CVUEF"},"content":{"rendered":"<p>Noul model Edifice v\u0103 va \u00eenc\u00e2nta prin precizia \u0219i caracterul s\u0103u practic.<\/p>\n<p>Ceas cronograf cu cronometru cu precizie de 1\/10 secunde \u0219i timp de m\u0103surare de 1 or\u0103.<\/p>\n<p>Cadranul cu marcaje sub form\u0103 de linii este realizat cu tehnologia Sunray (raze solare) \u0219i protejat cu sticl\u0103 mineral\u0103. Fereastra datei se afl\u0103 \u00een pozi\u021bia ora 3.<\/p>\n<p>Acoperirea luminescent\u0103 ne\u0219lefuit\u0103 asigur\u0103 o luminozitate prelungit\u0103 \u00een \u00eentuneric, chiar \u0219i dup\u0103 o expunere scurt\u0103 la lumin\u0103.<\/p>\n<p>Capac posterior cu fixare cu \u0219urub. Impermeabilitate 100 m.<\/p>\n<p>Carcas\u0103 \u0219i br\u0103\u021bar\u0103 din o\u021bel inoxidabil. \u00cenchiz\u0103toare tripl\u0103 rabatabil\u0103, care se deschide cu o singur\u0103 atingere. Z\u0103vorul de siguran\u021b\u0103 de pe br\u0103\u021bar\u0103 \u00eempiedic\u0103 deschiderea accidental\u0103.<\/p>","protected":false},"excerpt":{"rendered":"<p>Noul model Edifice v\u0103 va \u00eenc\u00e2nta prin precizia \u0219i caracterul s\u0103u practic. Ceas cronograf cu cronometru cu precizie de 1\/10 secunde \u0219i timp de m\u0103surare de 1 or\u0103. Cadranul cu marcaje sub form\u0103 de linii este realizat cu tehnologia Sunray (raze solare) \u0219i protejat cu sticl\u0103 mineral\u0103. Fereastra datei se afl\u0103 \u00een pozi\u021bia ora 3. [&hellip;]<\/p>\n","protected":false},"featured_media":52745,"comment_status":"closed","ping_status":"open","template":"","meta":{"_acf_changed":false},"product_brand":[],"product_cat":[27,20,536],"product_tag":[],"class_list":{"0":"post-52744","1":"product","2":"type-product","3":"status-publish","4":"has-post-thumbnail","6":"product_cat-casio","7":"product_cat-ceasuri-barbati","8":"product_cat-edifice","9":"pa_brand-casio","10":"pa_brand-edifice","11":"pa_braslet-otel-inoxidabil","12":"pa_corpus-44-mm","13":"pa_forma-rotund","14":"pa_funcii-cronograf","15":"pa_funcii-data","16":"pa_garatia-24-luni","17":"pa_korpus-argintiu","18":"pa_material-otel-inoxidabil","19":"pa_mehanizm-quartz","20":"pa_remeshok-argintiu","21":"pa_steklo-cristal-mineral","22":"pa_strana-japonia","23":"pa_voda-10-atm","25":"first","26":"instock","27":"purchasable","28":"product-type-simple"},"acf":[],"_links":{"self":[{"href":"https:\/\/ceasuri.md\/ru\/wp-json\/wp\/v2\/product\/52744","targetHints":{"allow":["GET"]}}],"collection":[{"href":"https:\/\/ceasuri.md\/ru\/wp-json\/wp\/v2\/product"}],"about":[{"href":"https:\/\/ceasuri.md\/ru\/wp-json\/wp\/v2\/types\/product"}],"replies":[{"embeddable":true,"href":"https:\/\/ceasuri.md\/ru\/wp-json\/wp\/v2\/comments?post=52744"}],"wp:featuredmedia":[{"embeddable":true,"href":"https:\/\/ceasuri.md\/ru\/wp-json\/wp\/v2\/media\/52745"}],"wp:attachment":[{"href":"https:\/\/ceasuri.md\/ru\/wp-json\/wp\/v2\/media?parent=52744"}],"wp:term":[{"taxonomy":"product_brand","embeddable":true,"href":"https:\/\/ceasuri.md\/ru\/wp-json\/wp\/v2\/product_brand?post=52744"},{"taxonomy":"product_cat","embeddable":true,"href":"https:\/\/ceasuri.md\/ru\/wp-json\/wp\/v2\/product_cat?post=52744"},{"taxonomy":"product_tag","embeddable":true,"href":"https:\/\/ceasuri.md\/ru\/wp-json\/wp\/v2\/product_tag?post=52744"}],"curies":[{"name":"wp","href":"https:\/\/api.w.org\/{rel}","templated":true}]}}