{"id":52740,"date":"2026-04-02T23:53:49","date_gmt":"2026-04-02T20:53:49","guid":{"rendered":"http:\/\/new.ceasuri.md\/shop\/uncategorized\/casio-edifice-efv-560d-2avuef\/"},"modified":"2026-04-07T04:42:47","modified_gmt":"2026-04-07T01:42:47","slug":"casio-edifice-efv-560d-2avuef","status":"publish","type":"product","link":"https:\/\/ceasuri.md\/ru\/shop\/branduri\/casio\/casio-edifice-efv-560d-2avuef\/","title":{"rendered":"Ceas CASIO EDIFICE EFV-560D-2AVUEF"},"content":{"rendered":"<p>EDIFICE este un ceas pentru toate v\u00e2rstele, potrivit pentru un num\u0103r mare de persoane.<\/p>\n<p>Cronograf concis \u0219i discret, cu carcas\u0103 din o\u021bel \u0219i br\u0103\u021bar\u0103.<\/p>\n<p>Carcasa din o\u021bel asigur\u0103 func\u021bionarea precis\u0103 a mecanismului cu cuar\u021b.<\/p>\n<p>Ceas cronograf cu cronometru cu precizie de 1 secund\u0103 \u0219i timp de m\u0103surare de 30 de minute. Format de timp de 12 \u0219i 24 de ore.<\/p>\n<p>Cap de \u00eenf\u0103\u0219urare cu protec\u021bie. Capac posterior cu fixare cu \u0219urub.<\/p>\n<p>Br\u0103\u021bar\u0103 cu tripl\u0103 \u00eenchiz\u0103toare rabatabil\u0103, care se deschide cu o singur\u0103 atingere.<\/p>\n<p>Rezisten\u021b\u0103 la ap\u0103 100 m.<\/p>","protected":false},"excerpt":{"rendered":"<p>EDIFICE este un ceas pentru toate v\u00e2rstele, potrivit pentru un num\u0103r mare de persoane. Cronograf concis \u0219i discret, cu carcas\u0103 din o\u021bel \u0219i br\u0103\u021bar\u0103. Carcasa din o\u021bel asigur\u0103 func\u021bionarea precis\u0103 a mecanismului cu cuar\u021b. Ceas cronograf cu cronometru cu precizie de 1 secund\u0103 \u0219i timp de m\u0103surare de 30 de minute. Format de timp de [&hellip;]<\/p>\n","protected":false},"featured_media":52741,"comment_status":"closed","ping_status":"open","template":"","meta":{"_acf_changed":false},"product_brand":[],"product_cat":[27,20,536],"product_tag":[],"class_list":{"0":"post-52740","1":"product","2":"type-product","3":"status-publish","4":"has-post-thumbnail","6":"product_cat-casio","7":"product_cat-ceasuri-barbati","8":"product_cat-edifice","9":"pa_brand-casio","10":"pa_brand-edifice","11":"pa_braslet-otel-inoxidabil","12":"pa_corpus-44-mm","13":"pa_forma-rotund","14":"pa_funcii-cronograf","15":"pa_funcii-data","16":"pa_garatia-24-luni","17":"pa_korpus-argintiu","18":"pa_material-otel-inoxidabil","19":"pa_mehanizm-quartz","20":"pa_remeshok-argintiu","21":"pa_steklo-cristal-mineral","22":"pa_strana-japonia","23":"pa_voda-10-atm","25":"first","26":"instock","27":"purchasable","28":"product-type-simple"},"acf":[],"_links":{"self":[{"href":"https:\/\/ceasuri.md\/ru\/wp-json\/wp\/v2\/product\/52740","targetHints":{"allow":["GET"]}}],"collection":[{"href":"https:\/\/ceasuri.md\/ru\/wp-json\/wp\/v2\/product"}],"about":[{"href":"https:\/\/ceasuri.md\/ru\/wp-json\/wp\/v2\/types\/product"}],"replies":[{"embeddable":true,"href":"https:\/\/ceasuri.md\/ru\/wp-json\/wp\/v2\/comments?post=52740"}],"wp:featuredmedia":[{"embeddable":true,"href":"https:\/\/ceasuri.md\/ru\/wp-json\/wp\/v2\/media\/52741"}],"wp:attachment":[{"href":"https:\/\/ceasuri.md\/ru\/wp-json\/wp\/v2\/media?parent=52740"}],"wp:term":[{"taxonomy":"product_brand","embeddable":true,"href":"https:\/\/ceasuri.md\/ru\/wp-json\/wp\/v2\/product_brand?post=52740"},{"taxonomy":"product_cat","embeddable":true,"href":"https:\/\/ceasuri.md\/ru\/wp-json\/wp\/v2\/product_cat?post=52740"},{"taxonomy":"product_tag","embeddable":true,"href":"https:\/\/ceasuri.md\/ru\/wp-json\/wp\/v2\/product_tag?post=52740"}],"curies":[{"name":"wp","href":"https:\/\/api.w.org\/{rel}","templated":true}]}}