{"id":52737,"date":"2026-04-02T23:53:49","date_gmt":"2026-04-02T20:53:49","guid":{"rendered":"http:\/\/new.ceasuri.md\/shop\/uncategorized\/casio-edifice-efs-s630dc-2avuef\/"},"modified":"2026-04-16T21:26:32","modified_gmt":"2026-04-16T18:26:32","slug":"casio-edifice-efs-s630dc-2avuef","status":"publish","type":"product","link":"https:\/\/ceasuri.md\/ru\/shop\/branduri\/casio\/casio-edifice-efs-s630dc-2avuef\/","title":{"rendered":"Ceas CASIO EFS-S630DC-2AVUEF Edifice"},"content":{"rendered":"<p>Modelul, inspirat din sporturile cu motor, cu m\u0103iestria \u0219i expresivitatea sa, va fi pe placul oric\u0103rui b\u0103rbat care caut\u0103 un stil unic. Se remarc\u0103 prin trei caracteristici pe care le ve\u021bi aprecia: energia solar\u0103, cadranul albastru \u0219i sticla de safir.<\/p>\n<p>Ceasul este echipat cu dat\u0103 \u00een pozi\u021bia \u201e4 ore\u201d, indicator de timp de 24 de ore \u0219i func\u021bie de cronograf, a c\u0103rei func\u021bionare este afi\u0219at\u0103 pe dou\u0103 subcadrane clare \u2014 minute \u0219i secunde. Ceasul poate fi utilizat pentru m\u0103surarea intervalelor de p\u00e2n\u0103 la 30 de minute.<\/p>\n<p>Carcasa ceasului din o\u021bel este completat\u0103 de un br\u0103\u021bar\u0103 din o\u021bel de culoare neagr\u0103. Cadranul albastru este protejat de sticl\u0103 de safir. Acele \u0219i punctele de pe indexurile ceasului sunt acoperite cu un strat luminescent pentru o mai bun\u0103 lizibilitate \u00een condi\u021bii de iluminare slab\u0103.<\/p>\n<p>Rezisten\u021ba la ap\u0103 a acestui model este de 100 de metri.<\/p>\n<p>Avantajul ceasului este energia solar\u0103, care permite \u00eenc\u0103rcarea bateriei ceasului de la lumin\u0103. Bateria are o durat\u0103 de via\u021b\u0103 mai lung\u0103 dec\u00e2t o baterie obi\u0219nuit\u0103, ceea ce elimin\u0103 necesitatea \u00eenlocuirii sale regulate.<\/p>","protected":false},"excerpt":{"rendered":"<p>Modelul, inspirat din sporturile cu motor, cu m\u0103iestria \u0219i expresivitatea sa, va fi pe placul oric\u0103rui b\u0103rbat care caut\u0103 un stil unic. Se remarc\u0103 prin trei caracteristici pe care le ve\u021bi aprecia: energia solar\u0103, cadranul albastru \u0219i sticla de safir. Ceasul este echipat cu dat\u0103 \u00een pozi\u021bia \u201e4 ore\u201d, indicator de timp de 24 de [&hellip;]<\/p>\n","protected":false},"featured_media":52738,"comment_status":"closed","ping_status":"open","template":"","meta":{"_acf_changed":false},"product_brand":[],"product_cat":[27,20,536],"product_tag":[],"class_list":{"0":"post-52737","1":"product","2":"type-product","3":"status-publish","4":"has-post-thumbnail","6":"product_cat-casio","7":"product_cat-ceasuri-barbati","8":"product_cat-edifice","9":"pa_brand-casio","10":"pa_brand-edifice","11":"pa_braslet-otel-inoxidabil","12":"pa_corpus-44-mm","13":"pa_forma-rotund","14":"pa_funcii-cronograf","15":"pa_funcii-data","16":"pa_funcii-rezerva-de-energie","17":"pa_garatia-24-luni","18":"pa_korpus-negru","19":"pa_kvarc-quartz","20":"pa_material-otel-inoxidabil","21":"pa_mehanizm-baterie-solara","22":"pa_mehanizm-quartz","23":"pa_remeshok-negru","24":"pa_steklo-cristal-safir","25":"pa_strana-japonia","26":"pa_voda-10-atm","28":"first","29":"instock","30":"purchasable","31":"product-type-simple"},"acf":[],"_links":{"self":[{"href":"https:\/\/ceasuri.md\/ru\/wp-json\/wp\/v2\/product\/52737","targetHints":{"allow":["GET"]}}],"collection":[{"href":"https:\/\/ceasuri.md\/ru\/wp-json\/wp\/v2\/product"}],"about":[{"href":"https:\/\/ceasuri.md\/ru\/wp-json\/wp\/v2\/types\/product"}],"replies":[{"embeddable":true,"href":"https:\/\/ceasuri.md\/ru\/wp-json\/wp\/v2\/comments?post=52737"}],"wp:featuredmedia":[{"embeddable":true,"href":"https:\/\/ceasuri.md\/ru\/wp-json\/wp\/v2\/media\/52738"}],"wp:attachment":[{"href":"https:\/\/ceasuri.md\/ru\/wp-json\/wp\/v2\/media?parent=52737"}],"wp:term":[{"taxonomy":"product_brand","embeddable":true,"href":"https:\/\/ceasuri.md\/ru\/wp-json\/wp\/v2\/product_brand?post=52737"},{"taxonomy":"product_cat","embeddable":true,"href":"https:\/\/ceasuri.md\/ru\/wp-json\/wp\/v2\/product_cat?post=52737"},{"taxonomy":"product_tag","embeddable":true,"href":"https:\/\/ceasuri.md\/ru\/wp-json\/wp\/v2\/product_tag?post=52737"}],"curies":[{"name":"wp","href":"https:\/\/api.w.org\/{rel}","templated":true}]}}