{"id":52733,"date":"2026-04-02T23:53:49","date_gmt":"2026-04-02T20:53:49","guid":{"rendered":"http:\/\/new.ceasuri.md\/shop\/uncategorized\/casio-g-shock-dw-5600ue-1er\/"},"modified":"2026-04-20T01:31:58","modified_gmt":"2026-04-19T22:31:58","slug":"casio-g-shock-dw-5600ue-1er","status":"publish","type":"product","link":"https:\/\/ceasuri.md\/ru\/shop\/branduri\/casio\/casio-g-shock-dw-5600ue-1er\/","title":{"rendered":"Ceas CASIO G-SHOCK DW-5600UE-1ER"},"content":{"rendered":"<p>Acest ceas multifunc\u021bional este ideal pentru tinerii activi, care iubesc sportul.<\/p>\n<p>Carcasa rezistent\u0103 la \u0219ocuri protejeaz\u0103 mecanismul de lovituri \u0219i vibra\u021bii.<\/p>\n<p>Cadranul este iluminat cu LED-uri. Culoarea ilumin\u0103rii: alb. Indicator luminos.<\/p>\n<p>Tipuri de alarme: zilnic\u0103, lunar\u0103, \u00een fiecare zi a unei anumite luni, la o anumit\u0103 dat\u0103. Format de timp de 12 \u0219i 24 de ore. Cronometru cu dou\u0103 precizii: 1\/100 s (p\u00e2n\u0103 la 1 or\u0103) \u0219i 1 s (dup\u0103 1 or\u0103) \u0219i timp de m\u0103surare de 24 de ore. Cronometru cu num\u0103r\u0103toare invers\u0103 de la 1 s la 24 ore cu repetare automat\u0103.<\/p>\n<p>Rezisten\u021b\u0103 la ap\u0103 200 m.<\/p>\n<p>Curea cu \u00eenchiz\u0103toare clasic\u0103.<\/p>","protected":false},"excerpt":{"rendered":"<p>Acest ceas multifunc\u021bional este ideal pentru tinerii activi, care iubesc sportul. Carcasa rezistent\u0103 la \u0219ocuri protejeaz\u0103 mecanismul de lovituri \u0219i vibra\u021bii. Cadranul este iluminat cu LED-uri. Culoarea ilumin\u0103rii: alb. Indicator luminos. Tipuri de alarme: zilnic\u0103, lunar\u0103, \u00een fiecare zi a unei anumite luni, la o anumit\u0103 dat\u0103. Format de timp de 12 \u0219i 24 de [&hellip;]<\/p>\n","protected":false},"featured_media":52734,"comment_status":"closed","ping_status":"open","template":"","meta":{"_acf_changed":false},"product_brand":[],"product_cat":[27,20,419],"product_tag":[],"class_list":{"0":"post-52733","1":"product","2":"type-product","3":"status-publish","4":"has-post-thumbnail","6":"product_cat-casio","7":"product_cat-ceasuri-barbati","8":"product_cat-g-shock","9":"pa_brand-casio","10":"pa_brand-g-shock","11":"pa_braslet-plastic","12":"pa_corpus-43x49mm","13":"pa_forma-octogonala","14":"pa_funcii-alarma","15":"pa_funcii-calendar","16":"pa_funcii-cronometru","17":"pa_funcii-iluminare","18":"pa_garatia-24-luni","19":"pa_korpus-negru","20":"pa_kvarc-quartz","21":"pa_material-plastic","22":"pa_mehanizm-electronic","23":"pa_mehanizm-quartz","24":"pa_remeshok-negru","25":"pa_steklo-cristal-mineral","26":"pa_strana-japonia","27":"pa_voda-20-atm","29":"first","30":"instock","31":"purchasable","32":"product-type-simple"},"acf":[],"_links":{"self":[{"href":"https:\/\/ceasuri.md\/ru\/wp-json\/wp\/v2\/product\/52733","targetHints":{"allow":["GET"]}}],"collection":[{"href":"https:\/\/ceasuri.md\/ru\/wp-json\/wp\/v2\/product"}],"about":[{"href":"https:\/\/ceasuri.md\/ru\/wp-json\/wp\/v2\/types\/product"}],"replies":[{"embeddable":true,"href":"https:\/\/ceasuri.md\/ru\/wp-json\/wp\/v2\/comments?post=52733"}],"wp:featuredmedia":[{"embeddable":true,"href":"https:\/\/ceasuri.md\/ru\/wp-json\/wp\/v2\/media\/52734"}],"wp:attachment":[{"href":"https:\/\/ceasuri.md\/ru\/wp-json\/wp\/v2\/media?parent=52733"}],"wp:term":[{"taxonomy":"product_brand","embeddable":true,"href":"https:\/\/ceasuri.md\/ru\/wp-json\/wp\/v2\/product_brand?post=52733"},{"taxonomy":"product_cat","embeddable":true,"href":"https:\/\/ceasuri.md\/ru\/wp-json\/wp\/v2\/product_cat?post=52733"},{"taxonomy":"product_tag","embeddable":true,"href":"https:\/\/ceasuri.md\/ru\/wp-json\/wp\/v2\/product_tag?post=52733"}],"curies":[{"name":"wp","href":"https:\/\/api.w.org\/{rel}","templated":true}]}}