{"id":52729,"date":"2026-04-02T23:53:49","date_gmt":"2026-04-02T20:53:49","guid":{"rendered":"http:\/\/new.ceasuri.md\/shop\/uncategorized\/casio-baby-g-bgd-10k-7er\/"},"modified":"2026-04-15T20:35:40","modified_gmt":"2026-04-15T17:35:40","slug":"casio-baby-g-bgd-10k-7er","status":"publish","type":"product","link":"https:\/\/ceasuri.md\/ru\/shop\/branduri\/casio\/casio-baby-g-bgd-10k-7er\/","title":{"rendered":"Ceas CASIO BABY-G BGD-10K-7ER"},"content":{"rendered":"<p>Noua serie BABY-G + PLUS, programat\u0103 s\u0103 coincid\u0103 cu cea de-a 30-a aniversare a BABY-G \u00een 2024.<\/p>\n<p>BGD-10K, un set compact de ceas digital \u0219i suport de carcas\u0103, vine cu o lunet\u0103 \u0219i o curea care pot fi \u00eendep\u0103rtate cu u\u0219urin\u021b\u0103 &#8211; nu este nevoie de unelte speciale. Purta\u021bi-l ca pe un ceas de m\u00e2n\u0103 sau plasa\u021bi carcasa central\u0103 \u00een suport, transform\u00e2nd ceasul \u00eentr-un breloc unic care indic\u0103 ora. Ag\u0103\u021ba\u021bi-l la curea sau la geant\u0103 &#8211; bucura\u021bi-v\u0103 de libertatea de a combina \u00een fiecare zi op\u021biunile \u00een func\u021bie de starea de spirit \u0219i de \u021binut\u0103.<\/p>\n<p>Variantele de culori pop-casual sunt inspirate de culorile la mod\u0103 din anul 2000, care sunt din nou \u00een vog\u0103. Ad\u0103uga\u021bi autocolante pe suportul din silicon; decora\u021bi-l \u00een felul dvs. pentru a-l face cu adev\u0103rat al dvs. Decora\u021bi partea superioar\u0103 \u0219i p\u0103r\u021bile laterale ale panourilor acrilice ale suportului din silicon pentru a-l face cu adev\u0103rat personalizat.<\/p>\n<p>Ecranul LCD din col\u021bul din dreapta sus se rote\u0219te la intervale de 30 de secunde, afi\u0219\u00e2nd cinci anima\u021bii de pixeli \u00een stil retro, cu personaje, inclusiv un c\u00e2ine \u0219i o pisic\u0103, pentru a spori distrac\u021bia.<\/p>\n<p>Nu este doar distractiv, ci \u0219i practic. BGD-10K este, de asemenea, rezistent la \u0219ocuri, rezistent la ap\u0103 p\u00e2n\u0103 la 100 de metri \u0219i dispune de o serie de func\u021bii practice.<\/p>\n<p>P\u0103stra\u021bi-o mereu pe Kuromi al\u0103turi de dvs. cu carcasa Kuromi \u00een edi\u021bie limitat\u0103 inclus\u0103 cu orice ceas BABY-G+PLUS!<\/p>\n<p>C\u00e2nd cump\u0103ra\u021bi acest ceas Casio, primi\u021bi cadou o cutie breloc Kuromi \u00een edi\u021bie limitat\u0103 \u00een forma unei pisicu\u021be negre!<\/p>","protected":false},"excerpt":{"rendered":"<p>Noua serie BABY-G + PLUS, programat\u0103 s\u0103 coincid\u0103 cu cea de-a 30-a aniversare a BABY-G \u00een 2024. BGD-10K, un set compact de ceas digital \u0219i suport de carcas\u0103, vine cu o lunet\u0103 \u0219i o curea care pot fi \u00eendep\u0103rtate cu u\u0219urin\u021b\u0103 &#8211; nu este nevoie de unelte speciale. Purta\u021bi-l ca pe un ceas de m\u00e2n\u0103 [&hellip;]<\/p>\n","protected":false},"featured_media":52730,"comment_status":"closed","ping_status":"open","template":"","meta":{"_acf_changed":false},"product_brand":[],"product_cat":[27,25,565],"product_tag":[],"class_list":{"0":"post-52729","1":"product","2":"type-product","3":"status-publish","4":"has-post-thumbnail","6":"product_cat-casio","7":"product_cat-ceasuri-dama","8":"product_cat-pentru-fete","9":"pa_brand-casio","10":"pa_braslet-plastic","11":"pa_braslet-silicon","12":"pa_corpus-39x43mm","13":"pa_forma-octogonala","14":"pa_funcii-alarma","15":"pa_funcii-calendar","16":"pa_funcii-cronometru","17":"pa_funcii-iluminare","18":"pa_funcii-set-cadou","19":"pa_funcii-timp-mondial","20":"pa_garatia-24-luni","21":"pa_korpus-alb","22":"pa_korpus-verde","23":"pa_kvarc-quartz","24":"pa_material-plastic","25":"pa_mehanizm-electronic","26":"pa_mehanizm-quartz","27":"pa_remeshok-alb","28":"pa_steklo-cristal-mineral","29":"pa_strana-japonia","30":"pa_voda-10-atm","32":"first","33":"instock","34":"purchasable","35":"product-type-simple"},"acf":[],"_links":{"self":[{"href":"https:\/\/ceasuri.md\/ru\/wp-json\/wp\/v2\/product\/52729","targetHints":{"allow":["GET"]}}],"collection":[{"href":"https:\/\/ceasuri.md\/ru\/wp-json\/wp\/v2\/product"}],"about":[{"href":"https:\/\/ceasuri.md\/ru\/wp-json\/wp\/v2\/types\/product"}],"replies":[{"embeddable":true,"href":"https:\/\/ceasuri.md\/ru\/wp-json\/wp\/v2\/comments?post=52729"}],"wp:featuredmedia":[{"embeddable":true,"href":"https:\/\/ceasuri.md\/ru\/wp-json\/wp\/v2\/media\/52730"}],"wp:attachment":[{"href":"https:\/\/ceasuri.md\/ru\/wp-json\/wp\/v2\/media?parent=52729"}],"wp:term":[{"taxonomy":"product_brand","embeddable":true,"href":"https:\/\/ceasuri.md\/ru\/wp-json\/wp\/v2\/product_brand?post=52729"},{"taxonomy":"product_cat","embeddable":true,"href":"https:\/\/ceasuri.md\/ru\/wp-json\/wp\/v2\/product_cat?post=52729"},{"taxonomy":"product_tag","embeddable":true,"href":"https:\/\/ceasuri.md\/ru\/wp-json\/wp\/v2\/product_tag?post=52729"}],"curies":[{"name":"wp","href":"https:\/\/api.w.org\/{rel}","templated":true}]}}