{"id":52710,"date":"2024-04-29T12:56:06","date_gmt":"2024-04-29T09:56:06","guid":{"rendered":"http:\/\/new.ceasuri.md\/shop\/uncategorized\/edox-delfin-the-original-88008-3m-nin\/"},"modified":"2026-05-01T18:29:14","modified_gmt":"2026-05-01T15:29:14","slug":"edox-delfin-the-original-88008-3m-nin","status":"publish","type":"product","link":"https:\/\/ceasuri.md\/ru\/shop\/branduri\/edox\/edox-delfin-the-original-88008-3m-nin\/","title":{"rendered":"\u0427\u0430\u0441\u044b EDOX DELFIN THE ORIGINAL 88008-3M-NIN"},"content":{"rendered":"<p>Ceasul pentru b\u0103rba\u021bi Edox este un accesoriu sportiv din seria Delfin Automatic Day-Date. Alegerea perfect\u0103 dac\u0103 sunte\u021bi \u00een c\u0103utarea unui ceas cu un design \u00eendr\u0103zne\u021b.<\/p>\n<p>Ceasul cu carcas\u0103 argintie din o\u021bel inoxidabil cu suprafa\u021b\u0103 mat\u0103 lustruit\u0103 atrage aten\u021bia tuturor.<\/p>\n<p>Carcasa cu diametrul de 43 mm \u0219i \u00een\u0103l\u021bimea de 14 mm va fi o podoab\u0103 pentru aproape orice \u00eencheietur\u0103, indiferent de preferin\u021bele individuale.<\/p>\n<p>Bezelul fix, la fel ca \u0219i coroana \u00een\u0219urubat\u0103, se remarc\u0103 discret pe fundalul carcasei. Capacul din spate al ceasului este fabricat din o\u021bel inoxidabil.<\/p>\n<p>Sticla de safir asigur\u0103 o protec\u021bie fiabil\u0103 \u00eempotriva zg\u00e2rieturilor \u0219i a deterior\u0103rilor accidentale. Cadranul ceasului este de culoare neagr\u0103.<\/p>\n<p>Elementul central al ceasului este mecanismul automat care, a\u0219a cum se cuvine pentru ceasurile Edox, garanteaz\u0103 precizia timpului \u0219i asigur\u0103 urm\u0103toarele func\u021bii: ore, minute, secunde, dat\u0103, zi a s\u0103pt\u0103m\u00e2nii.<\/p>\n<p>Rezisten\u021ba la ap\u0103 de 20 ATM (presiune de testare) asigur\u0103 o bun\u0103 adecvare pentru purtarea zilnic\u0103.<\/p>","protected":false},"excerpt":{"rendered":"<p>Ceasul pentru b\u0103rba\u021bi Edox este un accesoriu sportiv din seria Delfin Automatic Day-Date. Alegerea perfect\u0103 dac\u0103 sunte\u021bi \u00een c\u0103utarea unui ceas cu un design \u00eendr\u0103zne\u021b. Ceasul cu carcas\u0103 argintie din o\u021bel inoxidabil cu suprafa\u021b\u0103 mat\u0103 lustruit\u0103 atrage aten\u021bia tuturor. Carcasa cu diametrul de 43 mm \u0219i \u00een\u0103l\u021bimea de 14 mm va fi o podoab\u0103 pentru [&hellip;]<\/p>\n","protected":false},"featured_media":52711,"comment_status":"closed","ping_status":"open","template":"","meta":{"_acf_changed":false},"product_brand":[],"product_cat":[20,106,107],"product_tag":[],"class_list":{"0":"post-52710","1":"product","2":"type-product","3":"status-publish","4":"has-post-thumbnail","6":"product_cat-ceasuri-barbati","7":"product_cat-ceasuri-premium","8":"product_cat-edox","9":"pa_brand-edox","10":"pa_braslet-cauciuc","11":"pa_corpus-43-mm","12":"pa_forma-atipica","13":"pa_funcii-data","14":"pa_funcii-ziua-saptamanii","15":"pa_garatia-24-luni","16":"pa_korpus-argintiu","17":"pa_material-otel-inoxidabil","18":"pa_mehanizm-mecanic","19":"pa_mehanizm-mecanism-automatic","20":"pa_remeshok-argintiu","21":"pa_steklo-cristal-safir","22":"pa_strana-elvetia","23":"pa_voda-20-atm","25":"first","26":"instock","27":"purchasable","28":"product-type-simple"},"acf":[],"_links":{"self":[{"href":"https:\/\/ceasuri.md\/ru\/wp-json\/wp\/v2\/product\/52710","targetHints":{"allow":["GET"]}}],"collection":[{"href":"https:\/\/ceasuri.md\/ru\/wp-json\/wp\/v2\/product"}],"about":[{"href":"https:\/\/ceasuri.md\/ru\/wp-json\/wp\/v2\/types\/product"}],"replies":[{"embeddable":true,"href":"https:\/\/ceasuri.md\/ru\/wp-json\/wp\/v2\/comments?post=52710"}],"wp:featuredmedia":[{"embeddable":true,"href":"https:\/\/ceasuri.md\/ru\/wp-json\/wp\/v2\/media\/52711"}],"wp:attachment":[{"href":"https:\/\/ceasuri.md\/ru\/wp-json\/wp\/v2\/media?parent=52710"}],"wp:term":[{"taxonomy":"product_brand","embeddable":true,"href":"https:\/\/ceasuri.md\/ru\/wp-json\/wp\/v2\/product_brand?post=52710"},{"taxonomy":"product_cat","embeddable":true,"href":"https:\/\/ceasuri.md\/ru\/wp-json\/wp\/v2\/product_cat?post=52710"},{"taxonomy":"product_tag","embeddable":true,"href":"https:\/\/ceasuri.md\/ru\/wp-json\/wp\/v2\/product_tag?post=52710"}],"curies":[{"name":"wp","href":"https:\/\/api.w.org\/{rel}","templated":true}]}}