{"id":52707,"date":"2026-04-02T23:53:06","date_gmt":"2026-04-02T20:53:06","guid":{"rendered":"http:\/\/new.ceasuri.md\/shop\/uncategorized\/edox-delfin-the-original-88008-3gca-bgo\/"},"modified":"2026-04-20T01:28:53","modified_gmt":"2026-04-19T22:28:53","slug":"edox-delfin-the-original-88008-3gca-bgo","status":"publish","type":"product","link":"https:\/\/ceasuri.md\/ru\/shop\/branduri\/edox\/edox-delfin-the-original-88008-3gca-bgo\/","title":{"rendered":"\u0427\u0430\u0441\u044b EDOX DELFIN THE ORIGINAL 88008-3GCA-BGO"},"content":{"rendered":"<p>Ceasurile pentru b\u0103rba\u021bi Edox sunt un companion sportiv din seria de modele Delfin Automatic Day-Date. O alegere excelent\u0103 dac\u0103 sunte\u021bi \u00een c\u0103utarea unui ceas cu un design str\u0103lucitor.<\/p>\n<p>Ceasul are carcas\u0103 din o\u021bel inoxidabil cu finisaj mat \u0219i lustruit, ceea ce \u00eel face cu adev\u0103rat atractiv. Diametrul carcasei este de 43 mm, iar \u00een\u0103l\u021bimea de 14 mm, ceea ce permite purtarea lui pe aproape orice \u00eencheietur\u0103. Bezelul fix se distinge discret pe carcas\u0103, la fel ca \u0219i coroana \u00een\u0219urubat\u0103. Capacul din spate al ceasului este fabricat din o\u021bel inoxidabil.<\/p>\n<p>Sticla de safir asigur\u0103 o protec\u021bie fiabil\u0103 \u00eempotriva zg\u00e2rieturilor \u0219i a deterior\u0103rilor accidentale. Cadranul este de culoare gri.<\/p>\n<p>Elementul central al ceasului este mecanismul automat care, a\u0219a cum se cuvine pentru ceasurile Edox, garanteaz\u0103 precizia timpului \u0219i asigur\u0103 urm\u0103toarele func\u021bii: ore, minute, secunde, dat\u0103, zi a s\u0103pt\u0103m\u00e2nii.<\/p>\n<p>Rezisten\u021ba la ap\u0103 de 20 ATM (presiune de testare) asigur\u0103 o bun\u0103 adecvare pentru purtarea zilnic\u0103.<\/p>","protected":false},"excerpt":{"rendered":"<p>Ceasurile pentru b\u0103rba\u021bi Edox sunt un companion sportiv din seria de modele Delfin Automatic Day-Date. O alegere excelent\u0103 dac\u0103 sunte\u021bi \u00een c\u0103utarea unui ceas cu un design str\u0103lucitor. Ceasul are carcas\u0103 din o\u021bel inoxidabil cu finisaj mat \u0219i lustruit, ceea ce \u00eel face cu adev\u0103rat atractiv. Diametrul carcasei este de 43 mm, iar \u00een\u0103l\u021bimea de [&hellip;]<\/p>\n","protected":false},"featured_media":52708,"comment_status":"closed","ping_status":"open","template":"","meta":{"_acf_changed":false},"product_brand":[],"product_cat":[20,106,107],"product_tag":[],"class_list":{"0":"post-52707","1":"product","2":"type-product","3":"status-publish","4":"has-post-thumbnail","6":"product_cat-ceasuri-barbati","7":"product_cat-ceasuri-premium","8":"product_cat-edox","9":"pa_brand-edox","10":"pa_braslet-cauciuc","11":"pa_corpus-43-mm","12":"pa_forma-atipica","13":"pa_funcii-data","14":"pa_funcii-ziua-saptamanii","15":"pa_garatia-24-luni","16":"pa_korpus-argintiu","17":"pa_material-otel-inoxidabil","18":"pa_mehanizm-mecanic","19":"pa_mehanizm-mecanism-automatic","20":"pa_remeshok-negru","21":"pa_steklo-cristal-safir","22":"pa_strana-elvetia","23":"pa_voda-20-atm","25":"first","26":"instock","27":"purchasable","28":"product-type-simple"},"acf":[],"_links":{"self":[{"href":"https:\/\/ceasuri.md\/ru\/wp-json\/wp\/v2\/product\/52707","targetHints":{"allow":["GET"]}}],"collection":[{"href":"https:\/\/ceasuri.md\/ru\/wp-json\/wp\/v2\/product"}],"about":[{"href":"https:\/\/ceasuri.md\/ru\/wp-json\/wp\/v2\/types\/product"}],"replies":[{"embeddable":true,"href":"https:\/\/ceasuri.md\/ru\/wp-json\/wp\/v2\/comments?post=52707"}],"wp:featuredmedia":[{"embeddable":true,"href":"https:\/\/ceasuri.md\/ru\/wp-json\/wp\/v2\/media\/52708"}],"wp:attachment":[{"href":"https:\/\/ceasuri.md\/ru\/wp-json\/wp\/v2\/media?parent=52707"}],"wp:term":[{"taxonomy":"product_brand","embeddable":true,"href":"https:\/\/ceasuri.md\/ru\/wp-json\/wp\/v2\/product_brand?post=52707"},{"taxonomy":"product_cat","embeddable":true,"href":"https:\/\/ceasuri.md\/ru\/wp-json\/wp\/v2\/product_cat?post=52707"},{"taxonomy":"product_tag","embeddable":true,"href":"https:\/\/ceasuri.md\/ru\/wp-json\/wp\/v2\/product_tag?post=52707"}],"curies":[{"name":"wp","href":"https:\/\/api.w.org\/{rel}","templated":true}]}}