{"id":52704,"date":"2026-04-02T23:53:06","date_gmt":"2026-04-02T20:53:06","guid":{"rendered":"http:\/\/new.ceasuri.md\/shop\/uncategorized\/edox-delfin-the-original-88008-3ca-nin\/"},"modified":"2026-04-20T01:28:52","modified_gmt":"2026-04-19T22:28:52","slug":"edox-delfin-the-original-88008-3ca-nin","status":"publish","type":"product","link":"https:\/\/ceasuri.md\/ru\/shop\/branduri\/edox\/edox-delfin-the-original-88008-3ca-nin\/","title":{"rendered":"\u0427\u0430\u0441\u044b EDOX DELFIN THE ORIGINAL 88008-3CA-NIN"},"content":{"rendered":"<p>Ceasul pentru b\u0103rba\u021bi Edox este un accesoriu sportiv din seria Delfin Automatic Day-Date. Este alegerea perfect\u0103 dac\u0103 sunte\u021bi \u00een c\u0103utarea unui ceas cu un design \u00eendr\u0103zne\u021b.<\/p>\n<p>Ceasul cu carcas\u0103 argintie din o\u021bel inoxidabil cu suprafa\u021b\u0103 mat\u0103 lustruit\u0103 atrage aten\u021bia tuturor.<\/p>\n<p>Diametrul carcasei este de 43 mm, iar \u00een\u0103l\u021bimea de 14 mm, ceea ce permite purtarea ceasului pe aproape orice \u00eencheietur\u0103, \u00een func\u021bie de preferin\u021bele individuale. Bezelul fix, la fel ca \u0219i coroana \u00een\u0219urubat\u0103, se remarc\u0103 discret pe fundalul carcasei. Partea din spate a ceasului este fabricat\u0103 din o\u021bel inoxidabil cu capac \u00een\u0219urubat, ceea ce adaug\u0103 o not\u0103 final\u0103 designului atractiv.<\/p>\n<p>Sticla de safir asigur\u0103 protec\u021bie \u00eempotriva zg\u00e2rieturilor \u0219i a deterior\u0103rilor accidentale. Cadranul ceasului este de culoare neagr\u0103. Ceasul este echipat cu ace \u0219i indici lumino\u0219i, ceea ce \u00eel face u\u0219or de citit chiar \u0219i \u00een condi\u021bii de iluminare slab\u0103.<\/p>\n<p>Elementul central al acestui ceas este mecanismul automat care, a\u0219a cum se cuvine pentru ceasurile Edox, garanteaz\u0103 o cronometrare precis\u0103 \u0219i ofer\u0103 urm\u0103toarele func\u021bii: or\u0103, minut, secund\u0103, dat\u0103, zi a s\u0103pt\u0103m\u00e2nii.<\/p>\n<p>Rezisten\u021ba la ap\u0103 de 20 ATM (presiune de testare) asigur\u0103 o bun\u0103 adecvare pentru purtarea zilnic\u0103.<\/p>","protected":false},"excerpt":{"rendered":"<p>Ceasul pentru b\u0103rba\u021bi Edox este un accesoriu sportiv din seria Delfin Automatic Day-Date. Este alegerea perfect\u0103 dac\u0103 sunte\u021bi \u00een c\u0103utarea unui ceas cu un design \u00eendr\u0103zne\u021b. Ceasul cu carcas\u0103 argintie din o\u021bel inoxidabil cu suprafa\u021b\u0103 mat\u0103 lustruit\u0103 atrage aten\u021bia tuturor. Diametrul carcasei este de 43 mm, iar \u00een\u0103l\u021bimea de 14 mm, ceea ce permite purtarea [&hellip;]<\/p>\n","protected":false},"featured_media":52705,"comment_status":"closed","ping_status":"open","template":"","meta":{"_acf_changed":false},"product_brand":[],"product_cat":[20,106,107],"product_tag":[],"class_list":{"0":"post-52704","1":"product","2":"type-product","3":"status-publish","4":"has-post-thumbnail","6":"product_cat-ceasuri-barbati","7":"product_cat-ceasuri-premium","8":"product_cat-edox","9":"pa_brand-edox","10":"pa_braslet-cauciuc","11":"pa_corpus-43-mm","12":"pa_forma-atipica","13":"pa_funcii-data","14":"pa_funcii-ziua-saptamanii","15":"pa_garatia-24-luni","16":"pa_korpus-argintiu","17":"pa_material-otel-inoxidabil","18":"pa_mehanizm-mecanic","19":"pa_mehanizm-mecanism-automatic","20":"pa_remeshok-negru","21":"pa_steklo-cristal-safir","22":"pa_strana-elvetia","23":"pa_voda-20-atm","25":"first","26":"instock","27":"purchasable","28":"product-type-simple"},"acf":[],"_links":{"self":[{"href":"https:\/\/ceasuri.md\/ru\/wp-json\/wp\/v2\/product\/52704","targetHints":{"allow":["GET"]}}],"collection":[{"href":"https:\/\/ceasuri.md\/ru\/wp-json\/wp\/v2\/product"}],"about":[{"href":"https:\/\/ceasuri.md\/ru\/wp-json\/wp\/v2\/types\/product"}],"replies":[{"embeddable":true,"href":"https:\/\/ceasuri.md\/ru\/wp-json\/wp\/v2\/comments?post=52704"}],"wp:featuredmedia":[{"embeddable":true,"href":"https:\/\/ceasuri.md\/ru\/wp-json\/wp\/v2\/media\/52705"}],"wp:attachment":[{"href":"https:\/\/ceasuri.md\/ru\/wp-json\/wp\/v2\/media?parent=52704"}],"wp:term":[{"taxonomy":"product_brand","embeddable":true,"href":"https:\/\/ceasuri.md\/ru\/wp-json\/wp\/v2\/product_brand?post=52704"},{"taxonomy":"product_cat","embeddable":true,"href":"https:\/\/ceasuri.md\/ru\/wp-json\/wp\/v2\/product_cat?post=52704"},{"taxonomy":"product_tag","embeddable":true,"href":"https:\/\/ceasuri.md\/ru\/wp-json\/wp\/v2\/product_tag?post=52704"}],"curies":[{"name":"wp","href":"https:\/\/api.w.org\/{rel}","templated":true}]}}