{"id":52700,"date":"2024-04-29T12:16:55","date_gmt":"2024-04-29T09:16:55","guid":{"rendered":"http:\/\/new.ceasuri.md\/shop\/uncategorized\/edox-delfin-the-original-88008-3ca-buin\/"},"modified":"2026-05-01T18:29:10","modified_gmt":"2026-05-01T15:29:10","slug":"edox-delfin-the-original-88008-3ca-buin","status":"publish","type":"product","link":"https:\/\/ceasuri.md\/ru\/shop\/branduri\/edox\/edox-delfin-the-original-88008-3ca-buin\/","title":{"rendered":"\u0427\u0430\u0441\u044b EDOX DELFIN THE ORIGINAL 88008-3CA-BUIN"},"content":{"rendered":"<p>Ceasurile pentru b\u0103rba\u021bi Edox sunt un accesoriu sportiv din seria de modele Delfin Automatic Day-Date. Alegerea perfect\u0103 dac\u0103 sunte\u021bi \u00een c\u0103utarea unui ceas cu un design \u00eendr\u0103zne\u021b.<\/p>\n<p>Ceasul cu carcas\u0103 argintie din o\u021bel inoxidabil cu suprafa\u021b\u0103 mat\u0103 lustruit\u0103 atrage aten\u021bia tuturor.<\/p>\n<p>Diametrul carcasei este de 43 mm, iar \u00een\u0103l\u021bimea de 14 mm, ceea ce permite purtarea ceasului pe aproape orice \u00eencheietur\u0103, \u00een func\u021bie de preferin\u021bele individuale. Bezelul fix \u0219i coroana \u00een\u0219urubat\u0103 se disting discret pe fundalul carcasei. Partea din spate a ceasului este fabricat\u0103 din o\u021bel inoxidabil cu capac \u00een\u0219urubat, ceea ce adaug\u0103 o not\u0103 final\u0103 designului atractiv.<\/p>\n<p>Sticla de safir asigur\u0103 protec\u021bie \u00eempotriva zg\u00e2rieturilor \u0219i a deterior\u0103rilor accidentale. Cadranul ceasului este de culoare albastr\u0103. Ceasul este echipat cu ace \u0219i indici lumino\u0219i, ceea ce \u00eel face u\u0219or de citit chiar \u0219i \u00een condi\u021bii de iluminare slab\u0103.<\/p>\n<p>Ceasul are un mecanism automat care, ca \u00eentotdeauna la ceasurile Edox, garanteaz\u0103 precizia \u0219i ofer\u0103 urm\u0103toarele func\u021bii: ore, minute, secunde, dat\u0103, zi a s\u0103pt\u0103m\u00e2nii.<\/p>\n<p>Impermeabilitatea de 20 ATM (presiune de testare) asigur\u0103 o bun\u0103 adecvare pentru purtarea zilnic\u0103.<\/p>","protected":false},"excerpt":{"rendered":"<p>Ceasurile pentru b\u0103rba\u021bi Edox sunt un accesoriu sportiv din seria de modele Delfin Automatic Day-Date. Alegerea perfect\u0103 dac\u0103 sunte\u021bi \u00een c\u0103utarea unui ceas cu un design \u00eendr\u0103zne\u021b. Ceasul cu carcas\u0103 argintie din o\u021bel inoxidabil cu suprafa\u021b\u0103 mat\u0103 lustruit\u0103 atrage aten\u021bia tuturor. Diametrul carcasei este de 43 mm, iar \u00een\u0103l\u021bimea de 14 mm, ceea ce permite [&hellip;]<\/p>\n","protected":false},"featured_media":52701,"comment_status":"closed","ping_status":"open","template":"","meta":{"_acf_changed":false},"product_brand":[],"product_cat":[20,106,107],"product_tag":[],"class_list":{"0":"post-52700","1":"product","2":"type-product","3":"status-publish","4":"has-post-thumbnail","6":"product_cat-ceasuri-barbati","7":"product_cat-ceasuri-premium","8":"product_cat-edox","9":"pa_brand-edox","10":"pa_braslet-cauciuc","11":"pa_corpus-43-mm","12":"pa_forma-atipica","13":"pa_funcii-data","14":"pa_funcii-ziua-saptamanii","15":"pa_garatia-24-luni","16":"pa_korpus-argintiu","17":"pa_material-otel-inoxidabil","18":"pa_mehanizm-mecanic","19":"pa_mehanizm-mecanism-automatic","20":"pa_remeshok-negru","21":"pa_steklo-cristal-safir","22":"pa_strana-elvetia","23":"pa_voda-20-atm","25":"first","26":"instock","27":"purchasable","28":"product-type-simple"},"acf":[],"_links":{"self":[{"href":"https:\/\/ceasuri.md\/ru\/wp-json\/wp\/v2\/product\/52700","targetHints":{"allow":["GET"]}}],"collection":[{"href":"https:\/\/ceasuri.md\/ru\/wp-json\/wp\/v2\/product"}],"about":[{"href":"https:\/\/ceasuri.md\/ru\/wp-json\/wp\/v2\/types\/product"}],"replies":[{"embeddable":true,"href":"https:\/\/ceasuri.md\/ru\/wp-json\/wp\/v2\/comments?post=52700"}],"wp:featuredmedia":[{"embeddable":true,"href":"https:\/\/ceasuri.md\/ru\/wp-json\/wp\/v2\/media\/52701"}],"wp:attachment":[{"href":"https:\/\/ceasuri.md\/ru\/wp-json\/wp\/v2\/media?parent=52700"}],"wp:term":[{"taxonomy":"product_brand","embeddable":true,"href":"https:\/\/ceasuri.md\/ru\/wp-json\/wp\/v2\/product_brand?post=52700"},{"taxonomy":"product_cat","embeddable":true,"href":"https:\/\/ceasuri.md\/ru\/wp-json\/wp\/v2\/product_cat?post=52700"},{"taxonomy":"product_tag","embeddable":true,"href":"https:\/\/ceasuri.md\/ru\/wp-json\/wp\/v2\/product_tag?post=52700"}],"curies":[{"name":"wp","href":"https:\/\/api.w.org\/{rel}","templated":true}]}}