{"id":52697,"date":"2024-04-29T11:59:43","date_gmt":"2024-04-29T08:59:43","guid":{"rendered":"http:\/\/new.ceasuri.md\/shop\/uncategorized\/edox-delfin-the-original-88008-37rgca-gir\/"},"modified":"2026-05-01T18:29:08","modified_gmt":"2026-05-01T15:29:08","slug":"edox-delfin-the-original-88008-37rgca-gir","status":"publish","type":"product","link":"https:\/\/ceasuri.md\/ru\/shop\/branduri\/edox\/edox-delfin-the-original-88008-37rgca-gir\/","title":{"rendered":"\u0427\u0430\u0441\u044b EDOX DELFIN THE ORIGINAL 88008-37RGCA-GIR"},"content":{"rendered":"<p>Ceasurile pentru b\u0103rba\u021bi Edox sunt un accesoriu sportiv din seria de modele Delfin Automatic Day-Date. Alegerea perfect\u0103 dac\u0103 sunte\u021bi \u00een c\u0103utarea unui ceas cu un design \u00eendr\u0103zne\u021b.<\/p>\n<p>Diametrul carcasei este de 43 mm, iar \u00een\u0103l\u021bimea de 14 mm, ceea ce permite purtarea ceasului pe aproape orice \u00eencheietur\u0103, \u00een func\u021bie de preferin\u021bele individuale. Bezelul fix, la fel ca \u0219i coroana \u00een\u0219urubat\u0103, se remarc\u0103 discret pe fundalul carcasei.  Partea din spate a ceasului este fabricat\u0103 din o\u021bel inoxidabil cu capac \u00een\u0219urubat, ceea ce adaug\u0103 ultima tu\u0219\u0103 la designul atractiv.<\/p>\n<p>Sticla de safir asigur\u0103 protec\u021bie \u00eempotriva zg\u00e2rieturilor \u0219i a deterior\u0103rilor accidentale. Cadranul ceasului este de culoare gri. Ceasul este echipat cu ace \u0219i indici lumino\u0219i, ceea ce \u00eel face u\u0219or de citit chiar \u0219i \u00een condi\u021bii de iluminare slab\u0103.<\/p>\n<p>Ceasul are un mecanism automat care, ca \u00eentotdeauna la ceasurile Edox, garanteaz\u0103 precizia \u0219i ofer\u0103 urm\u0103toarele func\u021bii: ore, minute, secunde, dat\u0103, zi a s\u0103pt\u0103m\u00e2nii.<\/p>\n<p>Rezisten\u021ba la ap\u0103 de 20 ATM (presiune de testare) asigur\u0103 o bun\u0103 adecvare pentru purtarea zilnic\u0103.<\/p>","protected":false},"excerpt":{"rendered":"<p>Ceasurile pentru b\u0103rba\u021bi Edox sunt un accesoriu sportiv din seria de modele Delfin Automatic Day-Date. Alegerea perfect\u0103 dac\u0103 sunte\u021bi \u00een c\u0103utarea unui ceas cu un design \u00eendr\u0103zne\u021b. Diametrul carcasei este de 43 mm, iar \u00een\u0103l\u021bimea de 14 mm, ceea ce permite purtarea ceasului pe aproape orice \u00eencheietur\u0103, \u00een func\u021bie de preferin\u021bele individuale. Bezelul fix, la [&hellip;]<\/p>\n","protected":false},"featured_media":52698,"comment_status":"closed","ping_status":"open","template":"","meta":{"_acf_changed":false},"product_brand":[],"product_cat":[20,106,107],"product_tag":[],"class_list":{"0":"post-52697","1":"product","2":"type-product","3":"status-publish","4":"has-post-thumbnail","6":"product_cat-ceasuri-barbati","7":"product_cat-ceasuri-premium","8":"product_cat-edox","9":"pa_brand-edox","10":"pa_braslet-cauciuc","11":"pa_corpus-43-mm","12":"pa_forma-atipica","13":"pa_funcii-data","14":"pa_funcii-ziua-saptamanii","15":"pa_garatia-24-luni","16":"pa_korpus-gri","17":"pa_korpus-roz-gold","18":"pa_material-otel-inoxidabil","19":"pa_mehanizm-mecanic","20":"pa_mehanizm-mecanism-automatic","21":"pa_remeshok-negru","22":"pa_steklo-cristal-safir","23":"pa_strana-elvetia","24":"pa_voda-20-atm","26":"first","27":"instock","28":"purchasable","29":"product-type-simple"},"acf":[],"_links":{"self":[{"href":"https:\/\/ceasuri.md\/ru\/wp-json\/wp\/v2\/product\/52697","targetHints":{"allow":["GET"]}}],"collection":[{"href":"https:\/\/ceasuri.md\/ru\/wp-json\/wp\/v2\/product"}],"about":[{"href":"https:\/\/ceasuri.md\/ru\/wp-json\/wp\/v2\/types\/product"}],"replies":[{"embeddable":true,"href":"https:\/\/ceasuri.md\/ru\/wp-json\/wp\/v2\/comments?post=52697"}],"wp:featuredmedia":[{"embeddable":true,"href":"https:\/\/ceasuri.md\/ru\/wp-json\/wp\/v2\/media\/52698"}],"wp:attachment":[{"href":"https:\/\/ceasuri.md\/ru\/wp-json\/wp\/v2\/media?parent=52697"}],"wp:term":[{"taxonomy":"product_brand","embeddable":true,"href":"https:\/\/ceasuri.md\/ru\/wp-json\/wp\/v2\/product_brand?post=52697"},{"taxonomy":"product_cat","embeddable":true,"href":"https:\/\/ceasuri.md\/ru\/wp-json\/wp\/v2\/product_cat?post=52697"},{"taxonomy":"product_tag","embeddable":true,"href":"https:\/\/ceasuri.md\/ru\/wp-json\/wp\/v2\/product_tag?post=52697"}],"curies":[{"name":"wp","href":"https:\/\/api.w.org\/{rel}","templated":true}]}}