{"id":52679,"date":"2026-04-02T23:53:06","date_gmt":"2026-04-02T20:53:06","guid":{"rendered":"http:\/\/new.ceasuri.md\/shop\/uncategorized\/edox-co-1-chronolady-10255-357rm-buidr\/"},"modified":"2026-04-20T01:28:45","modified_gmt":"2026-04-19T22:28:45","slug":"edox-co-1-chronolady-10255-357rm-buidr","status":"publish","type":"product","link":"https:\/\/ceasuri.md\/ru\/shop\/branduri\/edox\/edox-co-1-chronolady-10255-357rm-buidr\/","title":{"rendered":"\u0427\u0430\u0441\u044b EDOX CO-1 Chronolady 10255-357RM-BUIDR"},"content":{"rendered":"<p>Bine a\u021bi venit \u00een lumea exclusiv\u0103 a Edox CO-1 ChronoLady, ceasuri special concepute pentru femeile rafinate.<\/p>\n<p>\u00cen calitate de cronometror oficial al Campionatului Mondial de Canotaj Academic din 2007, Edox \u0219i-a dus cuno\u0219tin\u021bele \u00een domeniul impermeabilit\u0103\u021bii \u0219i rezisten\u021bei la \u0219ocuri la un nivel \u0219i mai \u00eenalt.<\/p>\n<p>CO-1 ChronoLady este \u00eentruchiparea elegan\u021bei \u0219i func\u021bionalit\u0103\u021bii. Carcasa din o\u021bel inoxidabil cu lunet\u0103 rotativ\u0103 complet ceramic\u0103 este o capodoper\u0103 a designului. Sticla de safir protejeaz\u0103 ceasul de zg\u00e2rieturi \u0219i \u00eei p\u0103streaz\u0103 frumuse\u021bea pentru mul\u021bi ani.<\/p>\n<p>Acest ceas este echipat cu un mecanism precis cu cuar\u021b \u0219i garanteaz\u0103 o cronometrare fiabil\u0103. Cu o impermeabilitate impresionant\u0103 de p\u00e2n\u0103 la 300 de metri, CO-1 ChronoLady este gata s\u0103 v\u0103 \u00eenso\u021beasc\u0103 \u00een toate aventurile dvs., fie c\u0103 este vorba de scufund\u0103ri, snorkeling sau alte sporturi nautice.<\/p>\n<p>CO-1 ChronoLady ofer\u0103 o mul\u021bime de func\u021bii, inclusiv cronograf \u0219i o fereastr\u0103 de dat\u0103 convenabil\u0103. Datorit\u0103 coroanei \u00een\u0219urubate \u0219i garniturii duble O-ring, acest ceas este protejat \u00een mod fiabil \u00eempotriva p\u0103trunderii apei.<\/p>\n<p>Edox CO-1 ChronoLady este alegerea perfect\u0103 pentru femeile la mod\u0103 care apreciaz\u0103 stilul, calitatea \u0219i func\u021bionalitatea. Acest ceas \u00eentruchipeaz\u0103 pasiunea EDOX pentru precizie \u0219i frumuse\u021be \u0219i v\u0103 va impresiona cu elegan\u021ba sa atemporal\u0103.<\/p>","protected":false},"excerpt":{"rendered":"<p>Bine a\u021bi venit \u00een lumea exclusiv\u0103 a Edox CO-1 ChronoLady, ceasuri special concepute pentru femeile rafinate. \u00cen calitate de cronometror oficial al Campionatului Mondial de Canotaj Academic din 2007, Edox \u0219i-a dus cuno\u0219tin\u021bele \u00een domeniul impermeabilit\u0103\u021bii \u0219i rezisten\u021bei la \u0219ocuri la un nivel \u0219i mai \u00eenalt. CO-1 ChronoLady este \u00eentruchiparea elegan\u021bei \u0219i func\u021bionalit\u0103\u021bii. Carcasa din [&hellip;]<\/p>\n","protected":false},"featured_media":52680,"comment_status":"closed","ping_status":"open","template":"","meta":{"_acf_changed":false},"product_brand":[],"product_cat":[25,106,107],"product_tag":[],"class_list":{"0":"post-52679","1":"product","2":"type-product","3":"status-publish","4":"has-post-thumbnail","6":"product_cat-ceasuri-dama","7":"product_cat-ceasuri-premium","8":"product_cat-edox","9":"pa_brand-edox","10":"pa_braslet-otel-inoxidabil","11":"pa_corpus-38-mm","12":"pa_decor-diamante","13":"pa_forma-rotund","14":"pa_funcii-cronograf","15":"pa_funcii-data","16":"pa_garatia-24-luni","17":"pa_korpus-argintiu","18":"pa_korpus-negru","19":"pa_kvarc-quartz","20":"pa_material-ceramica","21":"pa_material-otel-inoxidabil","22":"pa_mehanizm-quartz","23":"pa_remeshok-bicolor","24":"pa_steklo-cristal-safir","25":"pa_strana-elvetia","26":"pa_voda-30-atm","28":"first","29":"instock","30":"purchasable","31":"product-type-simple"},"acf":[],"_links":{"self":[{"href":"https:\/\/ceasuri.md\/ru\/wp-json\/wp\/v2\/product\/52679","targetHints":{"allow":["GET"]}}],"collection":[{"href":"https:\/\/ceasuri.md\/ru\/wp-json\/wp\/v2\/product"}],"about":[{"href":"https:\/\/ceasuri.md\/ru\/wp-json\/wp\/v2\/types\/product"}],"replies":[{"embeddable":true,"href":"https:\/\/ceasuri.md\/ru\/wp-json\/wp\/v2\/comments?post=52679"}],"wp:featuredmedia":[{"embeddable":true,"href":"https:\/\/ceasuri.md\/ru\/wp-json\/wp\/v2\/media\/52680"}],"wp:attachment":[{"href":"https:\/\/ceasuri.md\/ru\/wp-json\/wp\/v2\/media?parent=52679"}],"wp:term":[{"taxonomy":"product_brand","embeddable":true,"href":"https:\/\/ceasuri.md\/ru\/wp-json\/wp\/v2\/product_brand?post=52679"},{"taxonomy":"product_cat","embeddable":true,"href":"https:\/\/ceasuri.md\/ru\/wp-json\/wp\/v2\/product_cat?post=52679"},{"taxonomy":"product_tag","embeddable":true,"href":"https:\/\/ceasuri.md\/ru\/wp-json\/wp\/v2\/product_tag?post=52679"}],"curies":[{"name":"wp","href":"https:\/\/api.w.org\/{rel}","templated":true}]}}