{"id":52674,"date":"2026-04-02T23:53:06","date_gmt":"2026-04-02T20:53:06","guid":{"rendered":"http:\/\/new.ceasuri.md\/shop\/uncategorized\/edox-skydiver-le-10116-3-gridn\/"},"modified":"2026-04-07T04:42:32","modified_gmt":"2026-04-07T01:42:32","slug":"edox-skydiver-le-10116-3-gridn","status":"publish","type":"product","link":"https:\/\/ceasuri.md\/ru\/shop\/branduri\/edox\/edox-skydiver-le-10116-3-gridn\/","title":{"rendered":"Ceas EDOX SKYDIVER LE 10116-3-GRIDN"},"content":{"rendered":"<p>Ceas Edox Skydiver Chronograph.<\/p>\n<p>Create de mae\u0219tri ceasornicari pentru campioni, ceasurile Edox combin\u0103 de peste 130 de ani cea mai \u00eenalt\u0103 precizie \u0219i solu\u021bii originale pentru cele mai solicitante activit\u0103\u021bi: deasupra sau sub suprafa\u021ba apei, \u00een ghe\u021bari eterni sau pe nisipul fierbinte al de\u0219ertului &#8211; orice cronometru Edox cu legendarul logo al clepsidrei va satisface chiar \u0219i cele mai exigente cerin\u021be ale proprietarului s\u0103u.<\/p>\n<p>Edox Skydiver Chronograph este un ceas \u00een edi\u021bie limitat\u0103. Acest model este num\u0103rul 0388 din 1000.<\/p>","protected":false},"excerpt":{"rendered":"<p>Ceas Edox Skydiver Chronograph. Create de mae\u0219tri ceasornicari pentru campioni, ceasurile Edox combin\u0103 de peste 130 de ani cea mai \u00eenalt\u0103 precizie \u0219i solu\u021bii originale pentru cele mai solicitante activit\u0103\u021bi: deasupra sau sub suprafa\u021ba apei, \u00een ghe\u021bari eterni sau pe nisipul fierbinte al de\u0219ertului &#8211; orice cronometru Edox cu legendarul logo al clepsidrei va satisface [&hellip;]<\/p>\n","protected":false},"featured_media":52675,"comment_status":"closed","ping_status":"open","template":"","meta":{"_acf_changed":false},"product_brand":[],"product_cat":[20,106,107,205],"product_tag":[],"class_list":{"0":"post-52674","1":"product","2":"type-product","3":"status-publish","4":"has-post-thumbnail","6":"product_cat-ceasuri-barbati","7":"product_cat-ceasuri-premium","8":"product_cat-edox","9":"product_cat-limited-edition","10":"pa_brand-edox","11":"pa_braslet-otel-inoxidabil","12":"pa_braslet-piele","13":"pa_corpus-40mm","14":"pa_forma-rotund","15":"pa_funcii-cronograf","16":"pa_funcii-data","17":"pa_funcii-limited-edition","18":"pa_funcii-set-cadou","19":"pa_garatia-24-luni","20":"pa_korpus-argintiu","21":"pa_material-otel-inoxidabil","22":"pa_mehanizm-quartz","23":"pa_remeshok-argintiu","24":"pa_steklo-cristal-safir","25":"pa_strana-elvetia","26":"pa_voda-30-atm","28":"first","29":"instock","30":"purchasable","31":"product-type-simple"},"acf":[],"_links":{"self":[{"href":"https:\/\/ceasuri.md\/ru\/wp-json\/wp\/v2\/product\/52674","targetHints":{"allow":["GET"]}}],"collection":[{"href":"https:\/\/ceasuri.md\/ru\/wp-json\/wp\/v2\/product"}],"about":[{"href":"https:\/\/ceasuri.md\/ru\/wp-json\/wp\/v2\/types\/product"}],"replies":[{"embeddable":true,"href":"https:\/\/ceasuri.md\/ru\/wp-json\/wp\/v2\/comments?post=52674"}],"wp:featuredmedia":[{"embeddable":true,"href":"https:\/\/ceasuri.md\/ru\/wp-json\/wp\/v2\/media\/52675"}],"wp:attachment":[{"href":"https:\/\/ceasuri.md\/ru\/wp-json\/wp\/v2\/media?parent=52674"}],"wp:term":[{"taxonomy":"product_brand","embeddable":true,"href":"https:\/\/ceasuri.md\/ru\/wp-json\/wp\/v2\/product_brand?post=52674"},{"taxonomy":"product_cat","embeddable":true,"href":"https:\/\/ceasuri.md\/ru\/wp-json\/wp\/v2\/product_cat?post=52674"},{"taxonomy":"product_tag","embeddable":true,"href":"https:\/\/ceasuri.md\/ru\/wp-json\/wp\/v2\/product_tag?post=52674"}],"curies":[{"name":"wp","href":"https:\/\/api.w.org\/{rel}","templated":true}]}}