{"id":52663,"date":"2026-04-02T23:53:06","date_gmt":"2026-04-02T20:53:06","guid":{"rendered":"http:\/\/new.ceasuri.md\/shop\/uncategorized\/edox-sportsman-le-08202-3bu-buin\/"},"modified":"2026-04-20T01:28:43","modified_gmt":"2026-04-19T22:28:43","slug":"edox-sportsman-le-08202-3bu-buin","status":"publish","type":"product","link":"https:\/\/ceasuri.md\/ru\/shop\/branduri\/edox\/edox-sportsman-le-08202-3bu-buin\/","title":{"rendered":"\u0427\u0430\u0441\u044b EDOX SPORTSMAN LE 08202-3BU-BUIN"},"content":{"rendered":"<p>Edox Sportsman  &#8211; edi\u021bie limitat\u0103 de numai 600 de buc\u0103\u021bi pentru \u00eentreaga lume. Aceasta este \u00eentoarcerea unui simbol al curselor.<\/p>\n<p>Vuietul motoarelor, mirosul de cauciuc ars, entuziasmul palpabil din aer &#8211; anii 1970 au fost epoca de aur a sporturilor cu motor, o er\u0103 \u00een care legendele curselor de ma\u0219ini \u0219i-au gravat numele \u00een istorie. A fost o perioad\u0103 \u00een care fiecare viraj, fiecare dep\u0103\u0219ire \u0219i fiecare victorie au fost gravate \u00een sufletele celor care au tr\u0103it \u0219i respirat viteza.<\/p>\n<p>\u00cen acest spirit, produc\u0103torul Edox a introdus o reeditare a modelului EDOX Sportsman Chronographe Automatic. Inspirat de glorioasa mo\u0219tenire a sporturilor cu motor din anii 1970 \u0219i de modelul original din 1972, acest ceas \u00eentruchipeaz\u0103 esen\u021ba competitiv\u0103 \u0219i elegan\u021ba acelei epoci legendare, s\u0103rb\u0103torind \u00een acela\u0219i timp cea de-a 140-a aniversare a EDOX.<\/p>\n<p>Acest ceas are num\u0103rul 022 din 600.<\/p>\n<p>Carcasa ceasului este realizat\u0103 din o\u021bel inoxidabil, la fel ca \u0219i br\u0103\u021bara sa.<\/p>\n<p>\u00cen interiorul carcasei func\u021bioneaz\u0103 \u00een mod fiabil mi\u0219carea mecanic\u0103 elve\u021bian\u0103 de calibru EDOX 082, la baza c\u0103reia se afl\u0103 mi\u0219carea cu \u00eenc\u0103rcare automat\u0103 Sellita SW 510 BH b. Acesta func\u021bioneaz\u0103 la o frecven\u021b\u0103 de 28.800 de semi-frecven\u021be pe or\u0103 \u0219i dispune de 27 de bijuterii \u0219i, mai ales, de o rezerv\u0103 de putere extins\u0103 de 62 de ore.Func\u021bionarea mi\u0219c\u0103rii poate fi observat\u0103 prin intermediul unui cadran transparent.<\/p>\n<p>Cadranul albastru elegant, este protejat de un cristal de safir, care este extrem de rezistent la zg\u00e2rieturi.<\/p>\n<p>M\u00e2inile \u0219i indicii sunt acoperite cu un strat luminescent care garanteaz\u0103 o luminozitate mai lung\u0103 \u0219i o mai bun\u0103 lizibilitate chiar \u0219i \u00een condi\u021bii de iluminare slab\u0103.<\/p>\n<p>Rezisten\u021ba la ap\u0103 a ceasului este de 300 m (30 ATM), astfel \u00eenc\u00e2t acesta poate face fa\u021b\u0103 oric\u0103rui contact cu apa. Rezisten\u021ba la ap\u0103 este sus\u021binut\u0103 de o coroan\u0103 \u00een\u0219urubat\u0103.<\/p>\n<p>Ceasul este livrat \u00eentr-un pachet special pe o br\u0103\u021bar\u0103 din o\u021bel \u0219i include \u0219i o a doua curea, realizat\u0103 din piele maro de \u00eenalt\u0103 calitate.<\/p>","protected":false},"excerpt":{"rendered":"<p>Edox Sportsman &#8211; edi\u021bie limitat\u0103 de numai 600 de buc\u0103\u021bi pentru \u00eentreaga lume. Aceasta este \u00eentoarcerea unui simbol al curselor. Vuietul motoarelor, mirosul de cauciuc ars, entuziasmul palpabil din aer &#8211; anii 1970 au fost epoca de aur a sporturilor cu motor, o er\u0103 \u00een care legendele curselor de ma\u0219ini \u0219i-au gravat numele \u00een istorie. [&hellip;]<\/p>\n","protected":false},"featured_media":52664,"comment_status":"closed","ping_status":"open","template":"","meta":{"_acf_changed":false},"product_brand":[],"product_cat":[20,106,107,205],"product_tag":[],"class_list":{"0":"post-52663","1":"product","2":"type-product","3":"status-publish","4":"has-post-thumbnail","6":"product_cat-ceasuri-barbati","7":"product_cat-ceasuri-premium","8":"product_cat-edox","9":"product_cat-limited-edition","10":"pa_brand-edox","11":"pa_braslet-otel-inoxidabil","12":"pa_braslet-piele","13":"pa_corpus-41-mm","14":"pa_forma-butoi","15":"pa_funcii-cronograf","16":"pa_funcii-limited-edition","17":"pa_funcii-set-cadou","18":"pa_funcii-tahimetru","19":"pa_garatia-24-luni","20":"pa_korpus-argintiu","21":"pa_material-otel-inoxidabil","22":"pa_mehanizm-mecanic","23":"pa_mehanizm-mecanism-automatic","24":"pa_remeshok-argintiu","25":"pa_steklo-cristal-safir","26":"pa_strana-elvetia","27":"pa_voda-30-atm","29":"first","30":"instock","31":"purchasable","32":"product-type-simple"},"acf":[],"_links":{"self":[{"href":"https:\/\/ceasuri.md\/ru\/wp-json\/wp\/v2\/product\/52663","targetHints":{"allow":["GET"]}}],"collection":[{"href":"https:\/\/ceasuri.md\/ru\/wp-json\/wp\/v2\/product"}],"about":[{"href":"https:\/\/ceasuri.md\/ru\/wp-json\/wp\/v2\/types\/product"}],"replies":[{"embeddable":true,"href":"https:\/\/ceasuri.md\/ru\/wp-json\/wp\/v2\/comments?post=52663"}],"wp:featuredmedia":[{"embeddable":true,"href":"https:\/\/ceasuri.md\/ru\/wp-json\/wp\/v2\/media\/52664"}],"wp:attachment":[{"href":"https:\/\/ceasuri.md\/ru\/wp-json\/wp\/v2\/media?parent=52663"}],"wp:term":[{"taxonomy":"product_brand","embeddable":true,"href":"https:\/\/ceasuri.md\/ru\/wp-json\/wp\/v2\/product_brand?post=52663"},{"taxonomy":"product_cat","embeddable":true,"href":"https:\/\/ceasuri.md\/ru\/wp-json\/wp\/v2\/product_cat?post=52663"},{"taxonomy":"product_tag","embeddable":true,"href":"https:\/\/ceasuri.md\/ru\/wp-json\/wp\/v2\/product_tag?post=52663"}],"curies":[{"name":"wp","href":"https:\/\/api.w.org\/{rel}","templated":true}]}}