{"id":52660,"date":"2026-04-02T23:53:06","date_gmt":"2026-04-02T20:53:06","guid":{"rendered":"http:\/\/new.ceasuri.md\/shop\/uncategorized\/casio-g-shock-gmw-b5000d-2er\/"},"modified":"2026-04-07T04:42:30","modified_gmt":"2026-04-07T01:42:30","slug":"casio-g-shock-gmw-b5000d-2er","status":"publish","type":"product","link":"https:\/\/ceasuri.md\/ru\/shop\/branduri\/casio\/casio-g-shock-gmw-b5000d-2er\/","title":{"rendered":"Ceas CASIO G-SHOCK GMW-B5000D-2ER"},"content":{"rendered":"<p>Carcasa legendar\u0103, \u00eembr\u0103cat\u0103 \u00een o\u021bel clasic, cu o ram\u0103 albastr\u0103 str\u0103lucitoare \u00een jurul ecranului, vopsit\u0103 cu ajutorul unei tehnologii speciale de pulverizare laser \u00een vid. Datorit\u0103 acestei tehnologii, \u00een func\u021bie de iluminare \u0219i unghiul de vizualizare, marginea ecranului joac\u0103 constant cu nuan\u021be \u0219i gradienturi, atr\u0103g\u00e2nd privirile \u0219i ne l\u0103s\u00e2nd indiferen\u021bi pe cei din jur.<\/p>\n<p>Ceasul este echipat cu tehnologia Bluetooth\u00ae, care ofer\u0103 o op\u021biune de economisire a energiei pentru transferul de date prin ap\u0103sarea unui buton. Cu ajutorul Bluetooth\u00ae, pute\u021bi conecta ceasul la smartphone f\u0103r\u0103 a utiliza un cablu \u0219i pute\u021bi accesa o serie de func\u021bii utile.<\/p>\n<p>Alimentare cu energie solar\u0103 Tough Solar &#8211; baterii solare de mare putere, indicator de \u00eenc\u0103rcare a bateriei. Func\u021bie de economisire automat\u0103 a energiei. Durata de func\u021bionare a bateriei f\u0103r\u0103 re\u00eenc\u0103rcare este de p\u00e2n\u0103 la 10 luni, iar cu func\u021bia de economisire a energiei activat\u0103, de p\u00e2n\u0103 la 22 de luni.<\/p>\n<p>Func\u021bie ora mondial\u0103. Func\u021bie cronometru &#8211; m\u0103surat\u0103 cu o precizie de 1\/100 de secund\u0103. Cronometru cu num\u0103r\u0103toare invers\u0103, timpul poate fi setat \u00een prealabil de la 1 secund\u0103 p\u00e2n\u0103 la 100 de ore.<\/p>\n<p>\u00cenchiz\u0103toare comod\u0103 a br\u0103\u021b\u0103rii, care se deschide cu o singur\u0103 atingere. Datorit\u0103 designului \u00eenchiz\u0103torii, br\u0103\u021bara nu se deschide niciodat\u0103 complet, ci se desface \u00een 3 p\u0103r\u021bi, ceea ce reduce la minimum probabilitatea de a pierde ceasul \u00een cazul deschiderii accidentale a br\u0103\u021b\u0103rii.<\/p>\n<p>Rezisten\u021b\u0103 la ap\u0103 (20 bar).<\/p>","protected":false},"excerpt":{"rendered":"<p>Carcasa legendar\u0103, \u00eembr\u0103cat\u0103 \u00een o\u021bel clasic, cu o ram\u0103 albastr\u0103 str\u0103lucitoare \u00een jurul ecranului, vopsit\u0103 cu ajutorul unei tehnologii speciale de pulverizare laser \u00een vid. Datorit\u0103 acestei tehnologii, \u00een func\u021bie de iluminare \u0219i unghiul de vizualizare, marginea ecranului joac\u0103 constant cu nuan\u021be \u0219i gradienturi, atr\u0103g\u00e2nd privirile \u0219i ne l\u0103s\u00e2nd indiferen\u021bi pe cei din jur. Ceasul [&hellip;]<\/p>\n","protected":false},"featured_media":52661,"comment_status":"closed","ping_status":"open","template":"","meta":{"_acf_changed":false},"product_brand":[],"product_cat":[27,20,419],"product_tag":[],"class_list":{"0":"post-52660","1":"product","2":"type-product","3":"status-publish","4":"has-post-thumbnail","6":"product_cat-casio","7":"product_cat-ceasuri-barbati","8":"product_cat-g-shock","9":"pa_brand-casio","10":"pa_brand-g-shock","11":"pa_braslet-otel-inoxidabil","12":"pa_corpus-43x49mm","13":"pa_forma-octogonala","14":"pa_funcii-alarma","15":"pa_funcii-bluetooth-smart","16":"pa_funcii-calendar","17":"pa_funcii-cronometru","18":"pa_funcii-iluminare","19":"pa_funcii-rezerva-de-energie","20":"pa_funcii-timp-mondial","21":"pa_garatia-24-luni","22":"pa_korpus-argintiu","23":"pa_material-otel-inoxidabil","24":"pa_mehanizm-baterie-solara","25":"pa_remeshok-argintiu","26":"pa_steklo-cristal-mineral","27":"pa_strana-japonia","28":"pa_voda-20-atm","30":"first","31":"instock","32":"purchasable","33":"product-type-simple"},"acf":[],"_links":{"self":[{"href":"https:\/\/ceasuri.md\/ru\/wp-json\/wp\/v2\/product\/52660","targetHints":{"allow":["GET"]}}],"collection":[{"href":"https:\/\/ceasuri.md\/ru\/wp-json\/wp\/v2\/product"}],"about":[{"href":"https:\/\/ceasuri.md\/ru\/wp-json\/wp\/v2\/types\/product"}],"replies":[{"embeddable":true,"href":"https:\/\/ceasuri.md\/ru\/wp-json\/wp\/v2\/comments?post=52660"}],"wp:featuredmedia":[{"embeddable":true,"href":"https:\/\/ceasuri.md\/ru\/wp-json\/wp\/v2\/media\/52661"}],"wp:attachment":[{"href":"https:\/\/ceasuri.md\/ru\/wp-json\/wp\/v2\/media?parent=52660"}],"wp:term":[{"taxonomy":"product_brand","embeddable":true,"href":"https:\/\/ceasuri.md\/ru\/wp-json\/wp\/v2\/product_brand?post=52660"},{"taxonomy":"product_cat","embeddable":true,"href":"https:\/\/ceasuri.md\/ru\/wp-json\/wp\/v2\/product_cat?post=52660"},{"taxonomy":"product_tag","embeddable":true,"href":"https:\/\/ceasuri.md\/ru\/wp-json\/wp\/v2\/product_tag?post=52660"}],"curies":[{"name":"wp","href":"https:\/\/api.w.org\/{rel}","templated":true}]}}