{"id":52656,"date":"2026-04-02T23:53:06","date_gmt":"2026-04-02T20:53:06","guid":{"rendered":"http:\/\/new.ceasuri.md\/shop\/uncategorized\/casio-g-shock-gm-b2100ad-2aer\/"},"modified":"2026-04-07T04:42:29","modified_gmt":"2026-04-07T01:42:29","slug":"casio-g-shock-gm-b2100ad-2aer","status":"publish","type":"product","link":"https:\/\/ceasuri.md\/ru\/shop\/branduri\/casio\/casio-g-shock-gm-b2100ad-2aer\/","title":{"rendered":"Ceas CASIO G-SHOCK GM-B2100AD-2AER"},"content":{"rendered":"<p>Adaug\u0103 o not\u0103 de culoare stilului t\u0103u clasic \u2014 ceasul G-SHOCK complet metalic, cu cadran albastru str\u0103lucitor.<\/p>\n<p>Cadranul este acoperit cu un strat metalic albastru, care confer\u0103 un plus de originalitate designului iconic al lunetei \u0219i curelei din o\u021bel inoxidabil.<\/p>\n<p>Componente amortizoare din polimer de \u00eenalt\u0103 calitate sunt instalate \u00eentre lunet\u0103 \u0219i carcas\u0103, asigur\u00e2nd rezisten\u021ba la \u0219ocuri a ceasului G-SHOCK \u00een ceasurile complet metalice. Iar capacul posterior al carcasei cu fixare cu \u0219urub asigur\u0103 etan\u0219eitatea.<\/p>\n<p>Detaliile metalice ale curelei au ad\u00e2ncituri pentru a reproduce aspectul curelei din plastic a primului ceas G-SHOCK.<\/p>\n<p>Bezelul din o\u021bel inoxidabil este atent forjat, decupat \u0219i lustruit pentru a-i conferi o ad\u00e2ncime \u0219i o dimensiune uimitoare. Partea superioar\u0103 a bezelului din o\u021bel inoxidabil are o finisare \u201esub fir\u201d, iar marginile te\u0219ite au o finisare oglind\u0103, conferind ceasului un aspect metalic elegant, care str\u0103luce\u0219te cu adev\u0103rat.<\/p>\n<p>Ceasul ofer\u0103 sincronizarea orei cu smartphone-ul \u0219i configurarea u\u0219oar\u0103 a ceasului prin Bluetooth, precum \u0219i tehnologia Tough Solar \u00eembun\u0103t\u0103\u021bit\u0103 \u0219i \u0219i mai eficient\u0103 &#8211; alimentarea ceasului de la soare sau alt\u0103 surs\u0103 de lumin\u0103, care nu va necesita \u00eenlocuirea bateriei \u00een urm\u0103torul deceniu.<\/p>\n<p>Func\u021biile cronometru, temporizator, ora mondial\u0103, func\u021bia convenabil\u0103 de pliere a acelor pentru citirea informa\u021biilor de pe afi\u0219aje, precum \u0219i iluminarea dubl\u0103 str\u0103lucitoare a cadranului \u0219i a afi\u0219ajului &#8211; toate acestea sunt disponibile \u00een acest model.<\/p>","protected":false},"excerpt":{"rendered":"<p>Adaug\u0103 o not\u0103 de culoare stilului t\u0103u clasic \u2014 ceasul G-SHOCK complet metalic, cu cadran albastru str\u0103lucitor. Cadranul este acoperit cu un strat metalic albastru, care confer\u0103 un plus de originalitate designului iconic al lunetei \u0219i curelei din o\u021bel inoxidabil. Componente amortizoare din polimer de \u00eenalt\u0103 calitate sunt instalate \u00eentre lunet\u0103 \u0219i carcas\u0103, asigur\u00e2nd rezisten\u021ba [&hellip;]<\/p>\n","protected":false},"featured_media":52657,"comment_status":"closed","ping_status":"open","template":"","meta":{"_acf_changed":false},"product_brand":[],"product_cat":[27,20,419],"product_tag":[],"class_list":{"0":"post-52656","1":"product","2":"type-product","3":"status-publish","4":"has-post-thumbnail","6":"product_cat-casio","7":"product_cat-ceasuri-barbati","8":"product_cat-g-shock","9":"pa_brand-casio","10":"pa_brand-g-shock","11":"pa_braslet-otel-inoxidabil","12":"pa_corpus-44x50mm","13":"pa_forma-octogonala","14":"pa_funcii-alarma","15":"pa_funcii-bluetooth-smart","16":"pa_funcii-calendar","17":"pa_funcii-cronometru","18":"pa_funcii-iluminare","19":"pa_funcii-rezerva-de-energie","20":"pa_funcii-timp-mondial","21":"pa_garatia-24-luni","22":"pa_korpus-argintiu","23":"pa_material-otel-inoxidabil","24":"pa_mehanizm-baterie-solara","25":"pa_mehanizm-electronic","26":"pa_mehanizm-quartz","27":"pa_remeshok-argintiu","28":"pa_steklo-cristal-mineral","29":"pa_strana-japonia","30":"pa_voda-20-atm","32":"first","33":"instock","34":"purchasable","35":"product-type-simple"},"acf":[],"_links":{"self":[{"href":"https:\/\/ceasuri.md\/ru\/wp-json\/wp\/v2\/product\/52656","targetHints":{"allow":["GET"]}}],"collection":[{"href":"https:\/\/ceasuri.md\/ru\/wp-json\/wp\/v2\/product"}],"about":[{"href":"https:\/\/ceasuri.md\/ru\/wp-json\/wp\/v2\/types\/product"}],"replies":[{"embeddable":true,"href":"https:\/\/ceasuri.md\/ru\/wp-json\/wp\/v2\/comments?post=52656"}],"wp:featuredmedia":[{"embeddable":true,"href":"https:\/\/ceasuri.md\/ru\/wp-json\/wp\/v2\/media\/52657"}],"wp:attachment":[{"href":"https:\/\/ceasuri.md\/ru\/wp-json\/wp\/v2\/media?parent=52656"}],"wp:term":[{"taxonomy":"product_brand","embeddable":true,"href":"https:\/\/ceasuri.md\/ru\/wp-json\/wp\/v2\/product_brand?post=52656"},{"taxonomy":"product_cat","embeddable":true,"href":"https:\/\/ceasuri.md\/ru\/wp-json\/wp\/v2\/product_cat?post=52656"},{"taxonomy":"product_tag","embeddable":true,"href":"https:\/\/ceasuri.md\/ru\/wp-json\/wp\/v2\/product_tag?post=52656"}],"curies":[{"name":"wp","href":"https:\/\/api.w.org\/{rel}","templated":true}]}}