{"id":52653,"date":"2026-04-02T23:53:06","date_gmt":"2026-04-02T20:53:06","guid":{"rendered":"http:\/\/new.ceasuri.md\/shop\/uncategorized\/casio-g-shock-gma-p2100va-7aer\/"},"modified":"2026-04-20T01:29:09","modified_gmt":"2026-04-19T22:29:09","slug":"casio-g-shock-gma-p2100va-7aer","status":"publish","type":"product","link":"https:\/\/ceasuri.md\/ru\/shop\/branduri\/casio\/casio-g-shock-gma-p2100va-7aer\/","title":{"rendered":"Ceas CASIO G-SHOCK GMA-P2100VA-7AER"},"content":{"rendered":"<p>L\u0103sa\u021bi-v\u0103 purta\u021bi de str\u0103lucirea ceasurilor inspirate de apusurile magnifice de var\u0103. Str\u0103lucirea soarelui care apune peste ap\u0103 la sf\u00e2r\u0219itul unei zile frumoase de var\u0103 este redat\u0103 prin sedimentarea vaporilor \u00eentr-o grada\u021bie str\u0103lucitoare de culori noi pe cadran.<\/p>\n<p>Ceasuri sportive elegante pentru femei. Carcasa \u0219i cureaua sunt realizate din bioplastic, care este fabricat din resurse organice regenerabile. Carcasa rezistent\u0103 la \u0219ocuri protejeaz\u0103 mecanismul de lovituri \u0219i vibra\u021bii.<\/p>\n<p>Iluminare dubl\u0103: cadranul \u0219i afi\u0219ajele LCD sunt iluminate cu LED, datorit\u0103 func\u021biei de \u00eent\u00e2rziere, dup\u0103 eliberarea butonului, iluminarea r\u0103m\u00e2ne aprins\u0103 \u00eenc\u0103 c\u00e2teva secunde. Lumina rezidual\u0103 reglabil\u0103 1,5 sau 3 secunde.<\/p>\n<p>Format de timp de 12 \u0219i 24 de ore. 5 alarme, semnal la fiecare or\u0103. Cronometru cu dou\u0103 precizii de afi\u0219are: 1\/100 s (p\u00e2n\u0103 la 1 or\u0103) \u0219i 1 s (dup\u0103 1 or\u0103) \u0219i timp de m\u0103surare de 24 de ore. Cronometru cu num\u0103r\u0103toare invers\u0103 de la 1 s la 24 de ore.<\/p>\n<p>Ora mondial\u0103 \u2013 48 de ora\u0219e (31 de fusuri orare), ora universal\u0103 coordonat\u0103 (UTC). Func\u021bie de activare\/dezactivare a orei de var\u0103.<\/p>\n<p>Func\u021bii de dezactivare\/activare a sunetului \u0219i de deplasare a acelor pentru vizualizarea f\u0103r\u0103 obstacole a informa\u021biilor pe afi\u0219ajul digital.<\/p>\n<p>Curea cu cataram\u0103 clasic\u0103.<\/p>\n<p>Rezisten\u021b\u0103 la ap\u0103 200 m.<\/p>","protected":false},"excerpt":{"rendered":"<p>L\u0103sa\u021bi-v\u0103 purta\u021bi de str\u0103lucirea ceasurilor inspirate de apusurile magnifice de var\u0103. Str\u0103lucirea soarelui care apune peste ap\u0103 la sf\u00e2r\u0219itul unei zile frumoase de var\u0103 este redat\u0103 prin sedimentarea vaporilor \u00eentr-o grada\u021bie str\u0103lucitoare de culori noi pe cadran. Ceasuri sportive elegante pentru femei. Carcasa \u0219i cureaua sunt realizate din bioplastic, care este fabricat din resurse organice [&hellip;]<\/p>\n","protected":false},"featured_media":52654,"comment_status":"closed","ping_status":"open","template":"","meta":{"_acf_changed":false},"product_brand":[],"product_cat":[27,25,419],"product_tag":[],"class_list":{"0":"post-52653","1":"product","2":"type-product","3":"status-publish","4":"has-post-thumbnail","6":"product_cat-casio","7":"product_cat-ceasuri-dama","8":"product_cat-g-shock","9":"pa_brand-casio","10":"pa_brand-g-shock","11":"pa_braslet-plastic","12":"pa_corpus-40x46mm","13":"pa_forma-octogonala","14":"pa_funcii-alarma","15":"pa_funcii-calendar","16":"pa_funcii-cronometru","17":"pa_funcii-iluminare","18":"pa_funcii-timp-mondial","19":"pa_garatia-24-luni","20":"pa_korpus-alb","21":"pa_kvarc-quartz","22":"pa_material-plastic","23":"pa_mehanizm-electronic","24":"pa_mehanizm-quartz","25":"pa_remeshok-alb","26":"pa_steklo-cristal-mineral","27":"pa_strana-japonia","28":"pa_voda-20-atm","30":"first","31":"instock","32":"purchasable","33":"product-type-simple"},"acf":[],"_links":{"self":[{"href":"https:\/\/ceasuri.md\/ru\/wp-json\/wp\/v2\/product\/52653","targetHints":{"allow":["GET"]}}],"collection":[{"href":"https:\/\/ceasuri.md\/ru\/wp-json\/wp\/v2\/product"}],"about":[{"href":"https:\/\/ceasuri.md\/ru\/wp-json\/wp\/v2\/types\/product"}],"replies":[{"embeddable":true,"href":"https:\/\/ceasuri.md\/ru\/wp-json\/wp\/v2\/comments?post=52653"}],"wp:featuredmedia":[{"embeddable":true,"href":"https:\/\/ceasuri.md\/ru\/wp-json\/wp\/v2\/media\/52654"}],"wp:attachment":[{"href":"https:\/\/ceasuri.md\/ru\/wp-json\/wp\/v2\/media?parent=52653"}],"wp:term":[{"taxonomy":"product_brand","embeddable":true,"href":"https:\/\/ceasuri.md\/ru\/wp-json\/wp\/v2\/product_brand?post=52653"},{"taxonomy":"product_cat","embeddable":true,"href":"https:\/\/ceasuri.md\/ru\/wp-json\/wp\/v2\/product_cat?post=52653"},{"taxonomy":"product_tag","embeddable":true,"href":"https:\/\/ceasuri.md\/ru\/wp-json\/wp\/v2\/product_tag?post=52653"}],"curies":[{"name":"wp","href":"https:\/\/api.w.org\/{rel}","templated":true}]}}