{"id":52643,"date":"2026-04-02T23:53:06","date_gmt":"2026-04-02T20:53:06","guid":{"rendered":"http:\/\/new.ceasuri.md\/shop\/uncategorized\/casio-g-shock-gm-2100cb-3aer\/"},"modified":"2026-04-20T01:29:07","modified_gmt":"2026-04-19T22:29:07","slug":"casio-g-shock-gm-2100cb-3aer","status":"publish","type":"product","link":"https:\/\/ceasuri.md\/ru\/shop\/branduri\/casio\/casio-g-shock-gm-2100cb-3aer\/","title":{"rendered":"\u0427\u0430\u0441\u044b CASIO G-SHOCK GM-2100CB-3AER"},"content":{"rendered":"<p>Ceas rezistent la \u0219ocuri, cu un design func\u021bional, ideal pentru iubitorii de stil de via\u021b\u0103 activ. G-Shock Utility Metal.<\/p>\n<p>Ceas cu carcas\u0103 octogonal\u0103 din o\u021bel. Carcasa rezistent\u0103 la \u0219ocuri protejeaz\u0103 mecanismul \u00eempotriva loviturilor \u0219i vibra\u021biilor.<\/p>\n<p>Iluminare dubl\u0103: cadranul \u0219i afi\u0219ajele LCD sunt iluminate cu LED, iar datorit\u0103 func\u021biei de \u00eent\u00e2rziere, iluminarea r\u0103m\u00e2ne activ\u0103 timp de c\u00e2teva secunde dup\u0103 eliberarea butonului. Luminozitate suplimentar\u0103 reglabil\u0103 de 1,5 sau 3 secunde. Culoarea ilumin\u0103rii: alb. Acoperirea indelebil\u0103 \u0219i care acumuleaz\u0103 lumin\u0103 asigur\u0103 o str\u0103lucire \u00eendelungat\u0103 \u00een \u00eentuneric, chiar \u0219i dup\u0103 o scurt\u0103 expunere la lumin\u0103.<\/p>\n<p>Format de timp de 12 \u0219i 24 de ore. Cronometru cu dou\u0103 precizii: 1\/100 s (p\u00e2n\u0103 la 1 or\u0103) \u0219i 1 s (dup\u0103 1 or\u0103) \u0219i timp de m\u0103surare de 24 de ore. Temporizator cu num\u0103r\u0103toare invers\u0103 de la 1 s la 24 h.<\/p>\n<p>Ora mondial\u0103 \u2014 48 de ora\u0219e (31 de fusuri orare), ora universal\u0103 coordonat\u0103 (UTC). Func\u021bie de activare\/dezactivare a orei de var\u0103.<\/p>\n<p>Indicator retrograd pentru s\u0103pt\u0103m\u00e2na corespunz\u0103toare.<\/p>\n<p>Func\u021bii de deplasare\/oprire \u0219i mi\u0219care a acelor pentru vizualizarea f\u0103r\u0103 obstacole a informa\u021biilor pe afi\u0219ajele digitale.<\/p>\n<p>Curea confortabil\u0103 cu sistem de schimbare rapid\u0103 \u0219i cataram\u0103 clasic\u0103.<\/p>","protected":false},"excerpt":{"rendered":"<p>Ceas rezistent la \u0219ocuri, cu un design func\u021bional, ideal pentru iubitorii de stil de via\u021b\u0103 activ. G-Shock Utility Metal. Ceas cu carcas\u0103 octogonal\u0103 din o\u021bel. Carcasa rezistent\u0103 la \u0219ocuri protejeaz\u0103 mecanismul \u00eempotriva loviturilor \u0219i vibra\u021biilor. Iluminare dubl\u0103: cadranul \u0219i afi\u0219ajele LCD sunt iluminate cu LED, iar datorit\u0103 func\u021biei de \u00eent\u00e2rziere, iluminarea r\u0103m\u00e2ne activ\u0103 timp de [&hellip;]<\/p>\n","protected":false},"featured_media":52644,"comment_status":"closed","ping_status":"open","template":"","meta":{"_acf_changed":false},"product_brand":[],"product_cat":[27,20,419],"product_tag":[],"class_list":{"0":"post-52643","1":"product","2":"type-product","3":"status-publish","4":"has-post-thumbnail","6":"product_cat-casio","7":"product_cat-ceasuri-barbati","8":"product_cat-g-shock","9":"pa_brand-casio","10":"pa_brand-g-shock","11":"pa_braslet-textile","12":"pa_corpus-44x49mm","13":"pa_forma-octogonala","14":"pa_funcii-alarma","15":"pa_funcii-calendar","16":"pa_funcii-cronometru","17":"pa_funcii-iluminare","18":"pa_funcii-timp-mondial","19":"pa_funcii-ziua-saptamanii","20":"pa_garatia-24-luni","21":"pa_korpus-gri","22":"pa_kvarc-quartz","23":"pa_material-otel-inoxidabil","24":"pa_mehanizm-electronic","25":"pa_mehanizm-quartz","26":"pa_remeshok-verde","27":"pa_steklo-cristal-mineral","28":"pa_strana-japonia","29":"pa_voda-20-atm","31":"first","32":"instock","33":"purchasable","34":"product-type-simple"},"acf":[],"_links":{"self":[{"href":"https:\/\/ceasuri.md\/ru\/wp-json\/wp\/v2\/product\/52643","targetHints":{"allow":["GET"]}}],"collection":[{"href":"https:\/\/ceasuri.md\/ru\/wp-json\/wp\/v2\/product"}],"about":[{"href":"https:\/\/ceasuri.md\/ru\/wp-json\/wp\/v2\/types\/product"}],"replies":[{"embeddable":true,"href":"https:\/\/ceasuri.md\/ru\/wp-json\/wp\/v2\/comments?post=52643"}],"wp:featuredmedia":[{"embeddable":true,"href":"https:\/\/ceasuri.md\/ru\/wp-json\/wp\/v2\/media\/52644"}],"wp:attachment":[{"href":"https:\/\/ceasuri.md\/ru\/wp-json\/wp\/v2\/media?parent=52643"}],"wp:term":[{"taxonomy":"product_brand","embeddable":true,"href":"https:\/\/ceasuri.md\/ru\/wp-json\/wp\/v2\/product_brand?post=52643"},{"taxonomy":"product_cat","embeddable":true,"href":"https:\/\/ceasuri.md\/ru\/wp-json\/wp\/v2\/product_cat?post=52643"},{"taxonomy":"product_tag","embeddable":true,"href":"https:\/\/ceasuri.md\/ru\/wp-json\/wp\/v2\/product_tag?post=52643"}],"curies":[{"name":"wp","href":"https:\/\/api.w.org\/{rel}","templated":true}]}}