{"id":52635,"date":"2026-04-02T23:52:29","date_gmt":"2026-04-02T20:52:29","guid":{"rendered":"http:\/\/new.ceasuri.md\/shop\/uncategorized\/casio-edifice-efv-c120d-1aef\/"},"modified":"2026-04-15T20:34:49","modified_gmt":"2026-04-15T17:34:49","slug":"casio-edifice-efv-c120d-1aef","status":"publish","type":"product","link":"https:\/\/ceasuri.md\/ru\/shop\/branduri\/casio\/casio-edifice-efv-c120d-1aef\/","title":{"rendered":"Ceas CASIO EDIFICE EFV-C120D-1AEF"},"content":{"rendered":"<p>Cel mai practic accesoriu, care nu v\u0103 va dezam\u0103gi niciodat\u0103 \u00een ceea ce prive\u0219te timpul.<\/p>\n<p>Format de timp de 12 \u0219i 24 de ore. Cronometru cu precizie de 1\/100 s \u0219i timp de m\u0103surare de 24 de ore. Cronometru cu num\u0103r\u0103toare invers\u0103 de la 1 minut la 24 de ore.<\/p>\n<p>Ora mondial\u0103 \u2013 30 de ora\u0219e (29 de fusuri orare), posibilitatea de activare\/dezactivare a orei de var\u0103.<\/p>\n<p>Agend\u0103 cu 30 de celule de memorie pentru \u00eenregistrarea numelor \u0219i numerelor de telefon, fiecare \u00eenregistrare poate include text de 8 litere \u0219i 16 cifre.<\/p>\n<p>Rezisten\u021b\u0103 la ap\u0103 100 m.<\/p>\n<p>Baterie cu durat\u0103 de via\u021b\u0103 de 10 ani.<\/p>\n<p>Br\u0103\u021bar\u0103 cu triplu sistem de \u00eenchidere, care se deschide cu o singur\u0103 atingere.<\/p>","protected":false},"excerpt":{"rendered":"<p>Cel mai practic accesoriu, care nu v\u0103 va dezam\u0103gi niciodat\u0103 \u00een ceea ce prive\u0219te timpul. Format de timp de 12 \u0219i 24 de ore. Cronometru cu precizie de 1\/100 s \u0219i timp de m\u0103surare de 24 de ore. Cronometru cu num\u0103r\u0103toare invers\u0103 de la 1 minut la 24 de ore. Ora mondial\u0103 \u2013 30 de [&hellip;]<\/p>\n","protected":false},"featured_media":52636,"comment_status":"closed","ping_status":"open","template":"","meta":{"_acf_changed":false},"product_brand":[],"product_cat":[27,20,536],"product_tag":[],"class_list":{"0":"post-52635","1":"product","2":"type-product","3":"status-publish","4":"has-post-thumbnail","6":"product_cat-casio","7":"product_cat-ceasuri-barbati","8":"product_cat-edifice","9":"pa_brand-casio","10":"pa_brand-edifice","11":"pa_braslet-otel-inoxidabil","12":"pa_corpus-46-mm","13":"pa_forma-rotund","14":"pa_funcii-alarma","15":"pa_funcii-calendar","16":"pa_funcii-cronometru","17":"pa_funcii-iluminare","18":"pa_funcii-timp-mondial","19":"pa_garatia-24-luni","20":"pa_korpus-argintiu","21":"pa_kvarc-quartz","22":"pa_material-otel-inoxidabil","23":"pa_mehanizm-electronic","24":"pa_mehanizm-quartz","25":"pa_remeshok-argintiu","26":"pa_steklo-cristal-mineral","27":"pa_strana-japonia","28":"pa_voda-10-atm","30":"first","31":"instock","32":"purchasable","33":"product-type-simple"},"acf":[],"_links":{"self":[{"href":"https:\/\/ceasuri.md\/ru\/wp-json\/wp\/v2\/product\/52635","targetHints":{"allow":["GET"]}}],"collection":[{"href":"https:\/\/ceasuri.md\/ru\/wp-json\/wp\/v2\/product"}],"about":[{"href":"https:\/\/ceasuri.md\/ru\/wp-json\/wp\/v2\/types\/product"}],"replies":[{"embeddable":true,"href":"https:\/\/ceasuri.md\/ru\/wp-json\/wp\/v2\/comments?post=52635"}],"wp:featuredmedia":[{"embeddable":true,"href":"https:\/\/ceasuri.md\/ru\/wp-json\/wp\/v2\/media\/52636"}],"wp:attachment":[{"href":"https:\/\/ceasuri.md\/ru\/wp-json\/wp\/v2\/media?parent=52635"}],"wp:term":[{"taxonomy":"product_brand","embeddable":true,"href":"https:\/\/ceasuri.md\/ru\/wp-json\/wp\/v2\/product_brand?post=52635"},{"taxonomy":"product_cat","embeddable":true,"href":"https:\/\/ceasuri.md\/ru\/wp-json\/wp\/v2\/product_cat?post=52635"},{"taxonomy":"product_tag","embeddable":true,"href":"https:\/\/ceasuri.md\/ru\/wp-json\/wp\/v2\/product_tag?post=52635"}],"curies":[{"name":"wp","href":"https:\/\/api.w.org\/{rel}","templated":true}]}}