{"id":52631,"date":"2026-04-02T23:52:29","date_gmt":"2026-04-02T20:52:29","guid":{"rendered":"http:\/\/new.ceasuri.md\/shop\/uncategorized\/casio-edifice-efb-710d-2avuef\/"},"modified":"2026-04-20T01:29:02","modified_gmt":"2026-04-19T22:29:02","slug":"casio-edifice-efb-710d-2avuef","status":"publish","type":"product","link":"https:\/\/ceasuri.md\/ru\/shop\/branduri\/casio\/casio-edifice-efb-710d-2avuef\/","title":{"rendered":"\u0427\u0430\u0441\u044b CASIO EDIFICE EFB-710D-2AVUEF"},"content":{"rendered":"<p>Cronograf masculin, creat pentru b\u0103rba\u021bii cu un stil de via\u021b\u0103 activ.<\/p>\n<p>Ceas cronograf cu precizie de 1\/10 secunde \u0219i timp de m\u0103surare de 1 or\u0103.<\/p>\n<p>Cadranul cu marcaje orare este realizat folosind tehnologia Sunray.  Fereastra de dat\u0103 se afl\u0103 \u00een pozi\u021bia \u201e4 ore\u201d.<\/p>\n<p>Capac posterior cu fixare cu \u0219urub.   Rezisten\u021b\u0103 la ap\u0103 p\u00e2n\u0103 la 10 bari.<\/p>\n<p>Br\u0103\u021bar\u0103 turnat\u0103 cu tripl\u0103 \u00eenchidere rabatabil\u0103 cu o singur\u0103 atingere. Dispozitivul de fixare de pe br\u0103\u021bar\u0103 previne deschiderea accidental\u0103.<\/p>","protected":false},"excerpt":{"rendered":"<p>Cronograf masculin, creat pentru b\u0103rba\u021bii cu un stil de via\u021b\u0103 activ. Ceas cronograf cu precizie de 1\/10 secunde \u0219i timp de m\u0103surare de 1 or\u0103. Cadranul cu marcaje orare este realizat folosind tehnologia Sunray. Fereastra de dat\u0103 se afl\u0103 \u00een pozi\u021bia \u201e4 ore\u201d. Capac posterior cu fixare cu \u0219urub. Rezisten\u021b\u0103 la ap\u0103 p\u00e2n\u0103 la 10 [&hellip;]<\/p>\n","protected":false},"featured_media":52632,"comment_status":"closed","ping_status":"open","template":"","meta":{"_acf_changed":false},"product_brand":[],"product_cat":[27,20,536],"product_tag":[],"class_list":{"0":"post-52631","1":"product","2":"type-product","3":"status-publish","4":"has-post-thumbnail","6":"product_cat-casio","7":"product_cat-ceasuri-barbati","8":"product_cat-edifice","9":"pa_brand-casio","10":"pa_brand-edifice","11":"pa_braslet-otel-inoxidabil","12":"pa_corpus-41-mm","13":"pa_forma-rotund","14":"pa_funcii-cronograf","15":"pa_funcii-data","16":"pa_funcii-iluminare-fluorescenta","17":"pa_garatia-24-luni","18":"pa_korpus-argintiu","19":"pa_kvarc-quartz","20":"pa_material-otel-inoxidabil","21":"pa_mehanizm-quartz","22":"pa_remeshok-argintiu","23":"pa_steklo-cristal-safir","24":"pa_strana-japonia","25":"pa_voda-10-atm","27":"first","28":"instock","29":"purchasable","30":"product-type-simple"},"acf":[],"_links":{"self":[{"href":"https:\/\/ceasuri.md\/ru\/wp-json\/wp\/v2\/product\/52631","targetHints":{"allow":["GET"]}}],"collection":[{"href":"https:\/\/ceasuri.md\/ru\/wp-json\/wp\/v2\/product"}],"about":[{"href":"https:\/\/ceasuri.md\/ru\/wp-json\/wp\/v2\/types\/product"}],"replies":[{"embeddable":true,"href":"https:\/\/ceasuri.md\/ru\/wp-json\/wp\/v2\/comments?post=52631"}],"wp:featuredmedia":[{"embeddable":true,"href":"https:\/\/ceasuri.md\/ru\/wp-json\/wp\/v2\/media\/52632"}],"wp:attachment":[{"href":"https:\/\/ceasuri.md\/ru\/wp-json\/wp\/v2\/media?parent=52631"}],"wp:term":[{"taxonomy":"product_brand","embeddable":true,"href":"https:\/\/ceasuri.md\/ru\/wp-json\/wp\/v2\/product_brand?post=52631"},{"taxonomy":"product_cat","embeddable":true,"href":"https:\/\/ceasuri.md\/ru\/wp-json\/wp\/v2\/product_cat?post=52631"},{"taxonomy":"product_tag","embeddable":true,"href":"https:\/\/ceasuri.md\/ru\/wp-json\/wp\/v2\/product_tag?post=52631"}],"curies":[{"name":"wp","href":"https:\/\/api.w.org\/{rel}","templated":true}]}}