{"id":52626,"date":"2026-04-02T23:52:29","date_gmt":"2026-04-02T20:52:29","guid":{"rendered":"http:\/\/new.ceasuri.md\/shop\/uncategorized\/casio-edifice-ecb-950db-2aef\/"},"modified":"2026-04-07T04:42:22","modified_gmt":"2026-04-07T01:42:22","slug":"casio-edifice-ecb-950db-2aef","status":"publish","type":"product","link":"https:\/\/ceasuri.md\/ru\/shop\/branduri\/casio\/casio-edifice-ecb-950db-2aef\/","title":{"rendered":"Ceas CASIO EDIFICE ECB-950DB-2AEF"},"content":{"rendered":"<p>Designul \u00eendr\u0103zne\u021b \u0219i rafinat este reprezentat de o ram\u0103 octogonal\u0103, care aminte\u0219te de liniile instrumentelor mecanice ale unei ma\u0219ini de curse.<\/p>\n<p>Acest ceas nu numai c\u0103 atrage aten\u021bia, dar are \u0219i func\u021bionalitate complet\u0103, astfel \u00eenc\u00e2t pute\u021bi ob\u021bine toate informa\u021biile necesare pe cadran \u0219i pe ecranul LCD u\u0219or de citit.<\/p>\n<p>Sincroniza\u021bi ceasul cu smartphone-ul dvs. prin Bluetooth\u00ae pentru cronometrare precis\u0103, oriunde v-a\u021bi afla. Atinge\u021bi aplica\u021bia pentru a controla cu u\u0219urin\u021b\u0103 func\u021bii precum selectarea ora\u0219ului din lista World Time.<\/p>\n<p>Cadranul secundar, situat \u00een pozi\u021bia 4 ore, este echipat cu un indicator de vitez\u0103 care afi\u0219eaz\u0103 viteza medie la cronometrarea tururilor pe distan\u021be prestabilite.<\/p>\n<p>Iluminarea complet automat\u0103 cu LED-uri lumineaz\u0103 cadranul \u0219i ecranul LCD atunci c\u00e2nd \u00eenclina\u021bi \u00eencheietura m\u00e2inii. Tough Solar \u00eencarc\u0103 ceasul cu ajutorul luminii solare sau chiar al luminii unei l\u0103mpi fluorescente.<\/p>","protected":false},"excerpt":{"rendered":"<p>Designul \u00eendr\u0103zne\u021b \u0219i rafinat este reprezentat de o ram\u0103 octogonal\u0103, care aminte\u0219te de liniile instrumentelor mecanice ale unei ma\u0219ini de curse. Acest ceas nu numai c\u0103 atrage aten\u021bia, dar are \u0219i func\u021bionalitate complet\u0103, astfel \u00eenc\u00e2t pute\u021bi ob\u021bine toate informa\u021biile necesare pe cadran \u0219i pe ecranul LCD u\u0219or de citit. Sincroniza\u021bi ceasul cu smartphone-ul dvs. prin [&hellip;]<\/p>\n","protected":false},"featured_media":52627,"comment_status":"closed","ping_status":"open","template":"","meta":{"_acf_changed":false},"product_brand":[],"product_cat":[27,20,536],"product_tag":[],"class_list":{"0":"post-52626","1":"product","2":"type-product","3":"status-publish","4":"has-post-thumbnail","6":"product_cat-casio","7":"product_cat-ceasuri-barbati","8":"product_cat-edifice","9":"pa_brand-casio","10":"pa_brand-edifice","11":"pa_braslet-otel-inoxidabil","12":"pa_corpus-48-mm","13":"pa_forma-octogonala","14":"pa_funcii-alarma","15":"pa_funcii-bluetooth-smart","16":"pa_funcii-calendar","17":"pa_funcii-cronometru","18":"pa_funcii-iluminare","19":"pa_funcii-rezerva-de-energie","20":"pa_funcii-tahimetru","21":"pa_funcii-timp-mondial","22":"pa_garatia-24-luni","23":"pa_korpus-argintiu","24":"pa_material-otel-inoxidabil","25":"pa_mehanizm-baterie-solara","26":"pa_remeshok-argintiu","27":"pa_steklo-cristal-mineral","28":"pa_strana-japonia","29":"pa_voda-10-atm","31":"first","32":"instock","33":"purchasable","34":"product-type-simple"},"acf":[],"_links":{"self":[{"href":"https:\/\/ceasuri.md\/ru\/wp-json\/wp\/v2\/product\/52626","targetHints":{"allow":["GET"]}}],"collection":[{"href":"https:\/\/ceasuri.md\/ru\/wp-json\/wp\/v2\/product"}],"about":[{"href":"https:\/\/ceasuri.md\/ru\/wp-json\/wp\/v2\/types\/product"}],"replies":[{"embeddable":true,"href":"https:\/\/ceasuri.md\/ru\/wp-json\/wp\/v2\/comments?post=52626"}],"wp:featuredmedia":[{"embeddable":true,"href":"https:\/\/ceasuri.md\/ru\/wp-json\/wp\/v2\/media\/52627"}],"wp:attachment":[{"href":"https:\/\/ceasuri.md\/ru\/wp-json\/wp\/v2\/media?parent=52626"}],"wp:term":[{"taxonomy":"product_brand","embeddable":true,"href":"https:\/\/ceasuri.md\/ru\/wp-json\/wp\/v2\/product_brand?post=52626"},{"taxonomy":"product_cat","embeddable":true,"href":"https:\/\/ceasuri.md\/ru\/wp-json\/wp\/v2\/product_cat?post=52626"},{"taxonomy":"product_tag","embeddable":true,"href":"https:\/\/ceasuri.md\/ru\/wp-json\/wp\/v2\/product_tag?post=52626"}],"curies":[{"name":"wp","href":"https:\/\/api.w.org\/{rel}","templated":true}]}}