{"id":52621,"date":"2026-04-02T23:52:29","date_gmt":"2026-04-02T20:52:29","guid":{"rendered":"http:\/\/new.ceasuri.md\/shop\/uncategorized\/casio-g-shock-dw-5600ai-1er\/"},"modified":"2026-04-07T04:42:21","modified_gmt":"2026-04-07T01:42:21","slug":"casio-g-shock-dw-5600ai-1er","status":"publish","type":"product","link":"https:\/\/ceasuri.md\/ru\/shop\/branduri\/casio\/casio-g-shock-dw-5600ai-1er\/","title":{"rendered":"Ceas CASIO G-SHOCK DW-5600AI-1ER"},"content":{"rendered":"<p>Casio G-Shock Andr\u00e9s Iniesta este o serie special\u0103, creat\u0103 \u00een colaborare cu Andr\u00e9s Iniesta, unul dintre cei mai buni mijloca\u0219i din toate timpurile.<\/p>\n<p>Culoarea principal\u0103 a ceasului, negru, este completat\u0103 de ro\u0219u \u00eenchis, culoarea caracteristic\u0103 a lui Iniesta. Cifra \u201e8\u201d, num\u0103rul celebru de pe tricoul lui Iniesta, este gravat\u0103 cu laser pe butonul din pozi\u021bia \u201eora 8\u201d. Pe curea este inscrip\u021bionat motto-ul lui Iniesta \u201eMaster the game\u201d (\u201eSt\u0103p\u00e2ne\u0219te jocul\u201d), iar pe urechea curelei se afl\u0103 logo-ul s\u0103u oficial. De \u00eendat\u0103 ce se aprinde lumina de fundal, silueta lui Iniesta v\u0103 va aminti de golul s\u0103u legendar din Campionatul Mondial. Semn\u0103tura juc\u0103torului se afl\u0103 pe capacul ceasului.<\/p>\n<p>Ceasul este echipat cu un afi\u0219aj digital care arat\u0103 data, ziua s\u0103pt\u0103m\u00e2nii, cronometru, cronometru, alarm\u0103 \u0219i alte func\u021bii.<\/p>\n<p>Cele mai interesante dintre acestea sunt calendarul complet automat \u0219i func\u021bia de notificare, care lumineaz\u0103 afi\u0219ajul atunci c\u00e2nd se activeaz\u0103 alarma sau se termin\u0103 num\u0103r\u0103toarea invers\u0103. \u00cen plus, pute\u021bi utiliza iluminarea cu LED a afi\u0219ajului pentru o citire confortabil\u0103 \u00een condi\u021bii de iluminare slab\u0103. Afi\u0219ajul este protejat cu sticl\u0103 mineral\u0103.<\/p>\n<p>Rezisten\u021ba la ap\u0103 a acestui model este de 200 de metri.<\/p>","protected":false},"excerpt":{"rendered":"<p>Casio G-Shock Andr\u00e9s Iniesta este o serie special\u0103, creat\u0103 \u00een colaborare cu Andr\u00e9s Iniesta, unul dintre cei mai buni mijloca\u0219i din toate timpurile. Culoarea principal\u0103 a ceasului, negru, este completat\u0103 de ro\u0219u \u00eenchis, culoarea caracteristic\u0103 a lui Iniesta. Cifra \u201e8\u201d, num\u0103rul celebru de pe tricoul lui Iniesta, este gravat\u0103 cu laser pe butonul din pozi\u021bia [&hellip;]<\/p>\n","protected":false},"featured_media":52622,"comment_status":"closed","ping_status":"open","template":"","meta":{"_acf_changed":false},"product_brand":[],"product_cat":[27,20,419],"product_tag":[],"class_list":{"0":"post-52621","1":"product","2":"type-product","3":"status-publish","4":"has-post-thumbnail","6":"product_cat-casio","7":"product_cat-ceasuri-barbati","8":"product_cat-g-shock","9":"pa_brand-casio","10":"pa_brand-g-shock","11":"pa_braslet-plastic","12":"pa_corpus-43x49mm","13":"pa_forma-octogonala","14":"pa_funcii-alarma","15":"pa_funcii-calendar","16":"pa_funcii-cronometru","17":"pa_funcii-iluminare","18":"pa_garatia-24-luni","19":"pa_korpus-negru","20":"pa_korpus-rosu","21":"pa_material-plastic","22":"pa_mehanizm-electronic","23":"pa_mehanizm-quartz","24":"pa_remeshok-negru","25":"pa_steklo-cristal-mineral","26":"pa_strana-japonia","27":"pa_voda-20-atm","29":"first","30":"instock","31":"purchasable","32":"product-type-simple"},"acf":[],"_links":{"self":[{"href":"https:\/\/ceasuri.md\/ru\/wp-json\/wp\/v2\/product\/52621","targetHints":{"allow":["GET"]}}],"collection":[{"href":"https:\/\/ceasuri.md\/ru\/wp-json\/wp\/v2\/product"}],"about":[{"href":"https:\/\/ceasuri.md\/ru\/wp-json\/wp\/v2\/types\/product"}],"replies":[{"embeddable":true,"href":"https:\/\/ceasuri.md\/ru\/wp-json\/wp\/v2\/comments?post=52621"}],"wp:featuredmedia":[{"embeddable":true,"href":"https:\/\/ceasuri.md\/ru\/wp-json\/wp\/v2\/media\/52622"}],"wp:attachment":[{"href":"https:\/\/ceasuri.md\/ru\/wp-json\/wp\/v2\/media?parent=52621"}],"wp:term":[{"taxonomy":"product_brand","embeddable":true,"href":"https:\/\/ceasuri.md\/ru\/wp-json\/wp\/v2\/product_brand?post=52621"},{"taxonomy":"product_cat","embeddable":true,"href":"https:\/\/ceasuri.md\/ru\/wp-json\/wp\/v2\/product_cat?post=52621"},{"taxonomy":"product_tag","embeddable":true,"href":"https:\/\/ceasuri.md\/ru\/wp-json\/wp\/v2\/product_tag?post=52621"}],"curies":[{"name":"wp","href":"https:\/\/api.w.org\/{rel}","templated":true}]}}