{"id":52607,"date":"2024-04-15T09:02:12","date_gmt":"2024-04-15T06:02:12","guid":{"rendered":"http:\/\/new.ceasuri.md\/shop\/uncategorized\/orient-classic-bambino-ra-ap0005b30b\/"},"modified":"2026-05-01T18:28:26","modified_gmt":"2026-05-01T15:28:26","slug":"orient-classic-bambino-ra-ap0005b30b","status":"publish","type":"product","link":"https:\/\/ceasuri.md\/ru\/shop\/branduri\/orient\/orient-classic-bambino-ra-ap0005b30b\/","title":{"rendered":"\u0427\u0430\u0441\u044b ORIENT CLASSIC BAMBINO RA-AP0005B30B"},"content":{"rendered":"<p>O combina\u021bie reu\u0219it\u0103 de elemente clasice, elegan\u021b\u0103 \u0219i practicabilitate. Un ceas demn de adev\u0103ra\u021bii gentlemeni.<\/p>\n<p>Mi\u0219care cu 24 de bijuterii la 21600 de vibra\u021bii pe or\u0103. Rezerv\u0103 de putere de 40 de ore.Op\u021biune de \u00eenf\u0103\u0219urare manual\u0103.<\/p>\n<p>Func\u021bie stop-secund\u0103. M\u00e2na secund\u0103 pe un cadran separat.<\/p>\n<p>Caseback transparent.<\/p>\n<p>Curea clasic\u0103 cu cataram\u0103.<\/p>","protected":false},"excerpt":{"rendered":"<p>O combina\u021bie reu\u0219it\u0103 de elemente clasice, elegan\u021b\u0103 \u0219i practicabilitate. Un ceas demn de adev\u0103ra\u021bii gentlemeni. Mi\u0219care cu 24 de bijuterii la 21600 de vibra\u021bii pe or\u0103. Rezerv\u0103 de putere de 40 de ore.Op\u021biune de \u00eenf\u0103\u0219urare manual\u0103. Func\u021bie stop-secund\u0103. M\u00e2na secund\u0103 pe un cadran separat. Caseback transparent. Curea clasic\u0103 cu cataram\u0103.<\/p>","protected":false},"featured_media":52608,"comment_status":"closed","ping_status":"open","template":"","meta":{"_acf_changed":false},"product_brand":[],"product_cat":[20,596],"product_tag":[],"class_list":{"0":"post-52607","1":"product","2":"type-product","3":"status-publish","4":"has-post-thumbnail","6":"product_cat-ceasuri-barbati","7":"product_cat-orient","8":"pa_brand-orient","9":"pa_braslet-piele","10":"pa_corpus-41-mm","11":"pa_forma-rotund","12":"pa_funcii-data","13":"pa_funcii-offset-second-hand","14":"pa_garatia-24-luni","15":"pa_korpus-argintiu","16":"pa_material-otel-inoxidabil","17":"pa_mehanizm-mecanic","18":"pa_mehanizm-mecanism-automatic","19":"pa_remeshok-negru","20":"pa_steklo-cristal-mineral","21":"pa_strana-japonia","22":"pa_voda-3-atm","24":"first","25":"instock","26":"purchasable","27":"product-type-simple"},"acf":[],"_links":{"self":[{"href":"https:\/\/ceasuri.md\/ru\/wp-json\/wp\/v2\/product\/52607","targetHints":{"allow":["GET"]}}],"collection":[{"href":"https:\/\/ceasuri.md\/ru\/wp-json\/wp\/v2\/product"}],"about":[{"href":"https:\/\/ceasuri.md\/ru\/wp-json\/wp\/v2\/types\/product"}],"replies":[{"embeddable":true,"href":"https:\/\/ceasuri.md\/ru\/wp-json\/wp\/v2\/comments?post=52607"}],"wp:featuredmedia":[{"embeddable":true,"href":"https:\/\/ceasuri.md\/ru\/wp-json\/wp\/v2\/media\/52608"}],"wp:attachment":[{"href":"https:\/\/ceasuri.md\/ru\/wp-json\/wp\/v2\/media?parent=52607"}],"wp:term":[{"taxonomy":"product_brand","embeddable":true,"href":"https:\/\/ceasuri.md\/ru\/wp-json\/wp\/v2\/product_brand?post=52607"},{"taxonomy":"product_cat","embeddable":true,"href":"https:\/\/ceasuri.md\/ru\/wp-json\/wp\/v2\/product_cat?post=52607"},{"taxonomy":"product_tag","embeddable":true,"href":"https:\/\/ceasuri.md\/ru\/wp-json\/wp\/v2\/product_tag?post=52607"}],"curies":[{"name":"wp","href":"https:\/\/api.w.org\/{rel}","templated":true}]}}