{"id":52602,"date":"2024-04-15T09:02:12","date_gmt":"2024-04-15T06:02:12","guid":{"rendered":"http:\/\/new.ceasuri.md\/shop\/uncategorized\/orient-star-contemporary-re-av0125s00b\/"},"modified":"2026-05-01T18:28:23","modified_gmt":"2026-05-01T15:28:23","slug":"orient-star-contemporary-re-av0125s00b","status":"publish","type":"product","link":"https:\/\/ceasuri.md\/ru\/shop\/branduri\/orient-star\/orient-star-contemporary-re-av0125s00b\/","title":{"rendered":"\u0427\u0430\u0441\u044b ORIENT STAR CONTEMPORARY RE-AV0125S00B"},"content":{"rendered":"<p>Ceasul pentru b\u0103rba\u021bi Orient Star este un accesoriu elegant din seria Contemporary Automatik Powerreserve. Alegerea perfect\u0103 dac\u0103 sunte\u021bi \u00een c\u0103utarea unui ceas \u00een stil clasic.<\/p>\n<p>Ceasul cu carcas\u0103 argintie din o\u021bel inoxidabil are un aspect cu adev\u0103rat impresionant datorit\u0103 suprafe\u021bei mate \u0219i lustruite.<\/p>\n<p>Carcasa rotund\u0103 cu diametrul de 41 mm \u0219i \u00een\u0103l\u021bimea de 13 mm, \u00een func\u021bie de preferin\u021be, va decora aproape orice \u00eencheietur\u0103. Bezelul fix se remarc\u0103 discret pe carcas\u0103. Partea din spate a carcasei ceasului este din sticl\u0103 \u00een\u0219urubat\u0103, care completeaz\u0103 designul integral.<\/p>\n<p>Sticla de safir antireflex asigur\u0103 protec\u021bie \u00eempotriva zg\u00e2rieturilor \u0219i a deterior\u0103rilor accidentale. Cadranul ceasului este de culoare argintie.<\/p>","protected":false},"excerpt":{"rendered":"<p>Ceasul pentru b\u0103rba\u021bi Orient Star este un accesoriu elegant din seria Contemporary Automatik Powerreserve. Alegerea perfect\u0103 dac\u0103 sunte\u021bi \u00een c\u0103utarea unui ceas \u00een stil clasic. Ceasul cu carcas\u0103 argintie din o\u021bel inoxidabil are un aspect cu adev\u0103rat impresionant datorit\u0103 suprafe\u021bei mate \u0219i lustruite. Carcasa rotund\u0103 cu diametrul de 41 mm \u0219i \u00een\u0103l\u021bimea de 13 mm, [&hellip;]<\/p>\n","protected":false},"featured_media":52603,"comment_status":"closed","ping_status":"open","template":"","meta":{"_acf_changed":false},"product_brand":[],"product_cat":[20,598],"product_tag":[],"class_list":{"0":"post-52602","1":"product","2":"type-product","3":"status-publish","4":"has-post-thumbnail","6":"product_cat-ceasuri-barbati","7":"product_cat-orient-star","8":"pa_brand-orient-star","9":"pa_braslet-otel-inoxidabil","10":"pa_corpus-41-mm","11":"pa_forma-rotund","12":"pa_funcii-offset-second-hand","13":"pa_funcii-rezerva-de-energie","14":"pa_funcii-semischelet","15":"pa_garatia-24-luni","16":"pa_korpus-argintiu","17":"pa_material-otel-inoxidabil","18":"pa_mehanizm-mecanic","19":"pa_mehanizm-mecanism-automatic","20":"pa_remeshok-argintiu","21":"pa_steklo-cristal-safir","22":"pa_strana-japonia","23":"pa_voda-10-atm","25":"first","26":"instock","27":"purchasable","28":"product-type-simple"},"acf":[],"_links":{"self":[{"href":"https:\/\/ceasuri.md\/ru\/wp-json\/wp\/v2\/product\/52602","targetHints":{"allow":["GET"]}}],"collection":[{"href":"https:\/\/ceasuri.md\/ru\/wp-json\/wp\/v2\/product"}],"about":[{"href":"https:\/\/ceasuri.md\/ru\/wp-json\/wp\/v2\/types\/product"}],"replies":[{"embeddable":true,"href":"https:\/\/ceasuri.md\/ru\/wp-json\/wp\/v2\/comments?post=52602"}],"wp:featuredmedia":[{"embeddable":true,"href":"https:\/\/ceasuri.md\/ru\/wp-json\/wp\/v2\/media\/52603"}],"wp:attachment":[{"href":"https:\/\/ceasuri.md\/ru\/wp-json\/wp\/v2\/media?parent=52602"}],"wp:term":[{"taxonomy":"product_brand","embeddable":true,"href":"https:\/\/ceasuri.md\/ru\/wp-json\/wp\/v2\/product_brand?post=52602"},{"taxonomy":"product_cat","embeddable":true,"href":"https:\/\/ceasuri.md\/ru\/wp-json\/wp\/v2\/product_cat?post=52602"},{"taxonomy":"product_tag","embeddable":true,"href":"https:\/\/ceasuri.md\/ru\/wp-json\/wp\/v2\/product_tag?post=52602"}],"curies":[{"name":"wp","href":"https:\/\/api.w.org\/{rel}","templated":true}]}}