{"id":52598,"date":"2026-04-02T23:52:29","date_gmt":"2026-04-02T20:52:29","guid":{"rendered":"http:\/\/new.ceasuri.md\/shop\/uncategorized\/orient-contemporary-ra-ar0008e30b\/"},"modified":"2026-04-16T21:25:23","modified_gmt":"2026-04-16T18:25:23","slug":"orient-contemporary-ra-ar0008e30b","status":"publish","type":"product","link":"https:\/\/ceasuri.md\/ru\/shop\/branduri\/orient\/orient-contemporary-ra-ar0008e30b\/","title":{"rendered":"Ceas ORIENT RA-AR0008E10B Contemporary EMAM74 RA-AR0008E30B"},"content":{"rendered":"<p>Ceasurile pentru b\u0103rba\u021bi Orient sunt un accesoriu elegant din seria Contemporary Automatic. Alegerea perfect\u0103 dac\u0103 sunte\u021bi \u00een c\u0103utarea unui ceas cu un design clasic.<\/p>\n<p>Ceasurile cu carcas\u0103 argintie din o\u021bel inoxidabil arat\u0103 cu adev\u0103rat impresionant.<\/p>\n<p>Carcasa rotund\u0103 cu diametrul de 41 mm \u0219i \u00een\u0103l\u021bimea de 11 mm va decora aproape orice \u00eencheietur\u0103, indiferent de gusturile individuale. Bezelul fix se remarc\u0103 discret pe carcas\u0103.<\/p>\n<p>Partea din spate  a carcasei ceasului este reprezentat\u0103 de un sticl\u0103 \u00een\u0219urubat\u0103, care completeaz\u0103 designul integral.<\/p>\n<p>Sticla de safir asigur\u0103 o protec\u021bie fiabil\u0103 \u00eempotriva zg\u00e2rieturilor \u0219i a deterior\u0103rilor accidentale. Sub ea se afl\u0103 cadranul de culoare verde.<\/p>","protected":false},"excerpt":{"rendered":"<p>Ceasurile pentru b\u0103rba\u021bi Orient sunt un accesoriu elegant din seria Contemporary Automatic. Alegerea perfect\u0103 dac\u0103 sunte\u021bi \u00een c\u0103utarea unui ceas cu un design clasic. Ceasurile cu carcas\u0103 argintie din o\u021bel inoxidabil arat\u0103 cu adev\u0103rat impresionant. Carcasa rotund\u0103 cu diametrul de 41 mm \u0219i \u00een\u0103l\u021bimea de 11 mm va decora aproape orice \u00eencheietur\u0103, indiferent de gusturile [&hellip;]<\/p>\n","protected":false},"featured_media":52599,"comment_status":"closed","ping_status":"open","template":"","meta":{"_acf_changed":false},"product_brand":[],"product_cat":[20,596],"product_tag":[],"class_list":{"0":"post-52598","1":"product","2":"type-product","3":"status-publish","4":"has-post-thumbnail","6":"product_cat-ceasuri-barbati","7":"product_cat-orient","8":"pa_brand-orient","9":"pa_braslet-otel-inoxidabil","10":"pa_corpus-41-mm","11":"pa_forma-rotund","12":"pa_funcii-offset-second-hand","13":"pa_funcii-semischelet","14":"pa_garatia-24-luni","15":"pa_korpus-argintiu","16":"pa_material-otel-inoxidabil","17":"pa_mehanizm-mecanic","18":"pa_mehanizm-mecanism-automatic","19":"pa_remeshok-argintiu","20":"pa_steklo-cristal-safir","21":"pa_strana-japonia","22":"pa_voda-5-atm","24":"first","25":"instock","26":"purchasable","27":"product-type-simple"},"acf":[],"_links":{"self":[{"href":"https:\/\/ceasuri.md\/ru\/wp-json\/wp\/v2\/product\/52598","targetHints":{"allow":["GET"]}}],"collection":[{"href":"https:\/\/ceasuri.md\/ru\/wp-json\/wp\/v2\/product"}],"about":[{"href":"https:\/\/ceasuri.md\/ru\/wp-json\/wp\/v2\/types\/product"}],"replies":[{"embeddable":true,"href":"https:\/\/ceasuri.md\/ru\/wp-json\/wp\/v2\/comments?post=52598"}],"wp:featuredmedia":[{"embeddable":true,"href":"https:\/\/ceasuri.md\/ru\/wp-json\/wp\/v2\/media\/52599"}],"wp:attachment":[{"href":"https:\/\/ceasuri.md\/ru\/wp-json\/wp\/v2\/media?parent=52598"}],"wp:term":[{"taxonomy":"product_brand","embeddable":true,"href":"https:\/\/ceasuri.md\/ru\/wp-json\/wp\/v2\/product_brand?post=52598"},{"taxonomy":"product_cat","embeddable":true,"href":"https:\/\/ceasuri.md\/ru\/wp-json\/wp\/v2\/product_cat?post=52598"},{"taxonomy":"product_tag","embeddable":true,"href":"https:\/\/ceasuri.md\/ru\/wp-json\/wp\/v2\/product_tag?post=52598"}],"curies":[{"name":"wp","href":"https:\/\/api.w.org\/{rel}","templated":true}]}}