{"id":52594,"date":"2024-04-15T09:02:11","date_gmt":"2024-04-15T06:02:11","guid":{"rendered":"http:\/\/new.ceasuri.md\/shop\/uncategorized\/orient-classic-bambino-ra-ap0002s30b\/"},"modified":"2026-05-01T18:28:20","modified_gmt":"2026-05-01T15:28:20","slug":"orient-classic-bambino-ra-ap0002s30b","status":"publish","type":"product","link":"https:\/\/ceasuri.md\/ru\/shop\/branduri\/orient\/orient-classic-bambino-ra-ap0002s30b\/","title":{"rendered":"\u0427\u0430\u0441\u044b ORIENT CLASSIC BAMBINO RA-AP0002S30B"},"content":{"rendered":"<p>Combina\u021bia perfect\u0103 \u00eentre designul clasic \u0219i cel modern: ceasurile se remarc\u0103 prin cadranul minimalist cu secundarul deplasat, indexurile arabe \u00een pozi\u021biile 3, 6, 9 \u0219i 12, precum \u0219i prin ace \u0219i indexuri din o\u021bel inoxidabil.<\/p>\n<p>Ceas cu cadran bombat \u0219i sticl\u0103 bombat\u0103 caracteristic\u0103. Cadranul este protejat de sticl\u0103 mineral\u0103.<\/p>\n<p>Func\u021bioneaz\u0103 cu cel mai nou mecanism japonez de produc\u021bie proprie, cu auto-\u00eenc\u0103rcare \u0219i rezerv\u0103 de mar\u0219 de 40 de ore (aproximativ).<\/p>","protected":false},"excerpt":{"rendered":"<p>Combina\u021bia perfect\u0103 \u00eentre designul clasic \u0219i cel modern: ceasurile se remarc\u0103 prin cadranul minimalist cu secundarul deplasat, indexurile arabe \u00een pozi\u021biile 3, 6, 9 \u0219i 12, precum \u0219i prin ace \u0219i indexuri din o\u021bel inoxidabil. Ceas cu cadran bombat \u0219i sticl\u0103 bombat\u0103 caracteristic\u0103. Cadranul este protejat de sticl\u0103 mineral\u0103. Func\u021bioneaz\u0103 cu cel mai nou mecanism [&hellip;]<\/p>\n","protected":false},"featured_media":52595,"comment_status":"closed","ping_status":"open","template":"","meta":{"_acf_changed":false},"product_brand":[],"product_cat":[20,596],"product_tag":[],"class_list":{"0":"post-52594","1":"product","2":"type-product","3":"status-publish","4":"has-post-thumbnail","6":"product_cat-ceasuri-barbati","7":"product_cat-orient","8":"pa_brand-orient","9":"pa_braslet-piele","10":"pa_corpus-41-mm","11":"pa_forma-rotund","12":"pa_funcii-data","13":"pa_funcii-offset-second-hand","14":"pa_garatia-24-luni","15":"pa_korpus-argintiu","16":"pa_material-otel-inoxidabil","17":"pa_mehanizm-mecanic","18":"pa_mehanizm-mecanism-automatic","19":"pa_remeshok-maro","20":"pa_steklo-cristal-mineral","21":"pa_strana-japonia","22":"pa_voda-3-atm","24":"first","25":"instock","26":"purchasable","27":"product-type-simple"},"acf":[],"_links":{"self":[{"href":"https:\/\/ceasuri.md\/ru\/wp-json\/wp\/v2\/product\/52594","targetHints":{"allow":["GET"]}}],"collection":[{"href":"https:\/\/ceasuri.md\/ru\/wp-json\/wp\/v2\/product"}],"about":[{"href":"https:\/\/ceasuri.md\/ru\/wp-json\/wp\/v2\/types\/product"}],"replies":[{"embeddable":true,"href":"https:\/\/ceasuri.md\/ru\/wp-json\/wp\/v2\/comments?post=52594"}],"wp:featuredmedia":[{"embeddable":true,"href":"https:\/\/ceasuri.md\/ru\/wp-json\/wp\/v2\/media\/52595"}],"wp:attachment":[{"href":"https:\/\/ceasuri.md\/ru\/wp-json\/wp\/v2\/media?parent=52594"}],"wp:term":[{"taxonomy":"product_brand","embeddable":true,"href":"https:\/\/ceasuri.md\/ru\/wp-json\/wp\/v2\/product_brand?post=52594"},{"taxonomy":"product_cat","embeddable":true,"href":"https:\/\/ceasuri.md\/ru\/wp-json\/wp\/v2\/product_cat?post=52594"},{"taxonomy":"product_tag","embeddable":true,"href":"https:\/\/ceasuri.md\/ru\/wp-json\/wp\/v2\/product_tag?post=52594"}],"curies":[{"name":"wp","href":"https:\/\/api.w.org\/{rel}","templated":true}]}}