{"id":52578,"date":"2026-04-02T23:51:58","date_gmt":"2026-04-02T20:51:58","guid":{"rendered":"http:\/\/new.ceasuri.md\/shop\/uncategorized\/swiss-military-by-chrono-sm34105-04\/"},"modified":"2026-04-20T01:29:38","modified_gmt":"2026-04-19T22:29:38","slug":"swiss-military-by-chrono-sm34105-04","status":"publish","type":"product","link":"https:\/\/ceasuri.md\/ru\/shop\/branduri\/swiss-military\/swiss-military-by-chrono-sm34105-04\/","title":{"rendered":"\u0427\u0430\u0441\u044b SWISS MILITARY BY CHRONO SM34105.04"},"content":{"rendered":"<p>Un accesoriu elegant pentru femei care combin\u0103 calitatea elve\u021bian\u0103 \u0219i designul clasic.<\/p>\n<p>Carcasa \u0219i br\u0103\u021bara cu diametrul de 28 mm sunt realizate din o\u021bel inoxidabil cu un strat PVD par\u021bial auriu pentru durabilitate \u0219i un aspect rafinat.<\/p>\n<p>Cadranul argintiu cu indicatoare orare \u0219i m\u00e2ini este protejat de un cristal safir rezistent la zg\u00e2rieturi. M\u00e2inile \u0219i indicatoarele orelor sunt acoperite cu un strat luminescent, facilit\u00e2nd citirea orei chiar \u0219i \u00een condi\u021bii de luminozitate sc\u0103zut\u0103.<\/p>\n<p>Br\u0103\u021bara din o\u021bel inoxidabil cu \u00eenchidere pliabil\u0103 asigur\u0103 o purtare confortabil\u0103 \u0219i o fixare sigur\u0103.<\/p>\n<p>Protec\u021bie la ap\u0103 p\u00e2n\u0103 la 10 ATM.<\/p>\n<p>Modelul este echipat cu o mi\u0219care elve\u021bian\u0103 cu cuar\u021b, care asigur\u0103 o precizie ridicat\u0103.<\/p>\n<p>O alegere ideal\u0103 pentru femeile care apreciaz\u0103 combina\u021bia de stil sofisticat, func\u021bionalitate \u0219i calitate elve\u021bian\u0103.<\/p>","protected":false},"excerpt":{"rendered":"<p>Un accesoriu elegant pentru femei care combin\u0103 calitatea elve\u021bian\u0103 \u0219i designul clasic. Carcasa \u0219i br\u0103\u021bara cu diametrul de 28 mm sunt realizate din o\u021bel inoxidabil cu un strat PVD par\u021bial auriu pentru durabilitate \u0219i un aspect rafinat. Cadranul argintiu cu indicatoare orare \u0219i m\u00e2ini este protejat de un cristal safir rezistent la zg\u00e2rieturi. M\u00e2inile \u0219i [&hellip;]<\/p>\n","protected":false},"featured_media":52579,"comment_status":"closed","ping_status":"open","template":"","meta":{"_acf_changed":false},"product_brand":[],"product_cat":[25,572],"product_tag":[],"class_list":{"0":"post-52578","1":"product","2":"type-product","3":"status-publish","4":"has-post-thumbnail","6":"product_cat-ceasuri-dama","7":"product_cat-swiss-military","8":"pa_brand-swiss-military","9":"pa_braslet-otel-inoxidabil","10":"pa_corpus-28-mm","11":"pa_forma-rotund","12":"pa_garatia-24-luni","13":"pa_korpus-bicolor","14":"pa_kvarc-quartz","15":"pa_material-otel-inoxidabil","16":"pa_mehanizm-quartz","17":"pa_remeshok-bicolor","18":"pa_steklo-cristal-safir","19":"pa_strana-elvetia","20":"pa_voda-10-atm","22":"first","23":"instock","24":"purchasable","25":"product-type-simple"},"acf":[],"_links":{"self":[{"href":"https:\/\/ceasuri.md\/ru\/wp-json\/wp\/v2\/product\/52578","targetHints":{"allow":["GET"]}}],"collection":[{"href":"https:\/\/ceasuri.md\/ru\/wp-json\/wp\/v2\/product"}],"about":[{"href":"https:\/\/ceasuri.md\/ru\/wp-json\/wp\/v2\/types\/product"}],"replies":[{"embeddable":true,"href":"https:\/\/ceasuri.md\/ru\/wp-json\/wp\/v2\/comments?post=52578"}],"wp:featuredmedia":[{"embeddable":true,"href":"https:\/\/ceasuri.md\/ru\/wp-json\/wp\/v2\/media\/52579"}],"wp:attachment":[{"href":"https:\/\/ceasuri.md\/ru\/wp-json\/wp\/v2\/media?parent=52578"}],"wp:term":[{"taxonomy":"product_brand","embeddable":true,"href":"https:\/\/ceasuri.md\/ru\/wp-json\/wp\/v2\/product_brand?post=52578"},{"taxonomy":"product_cat","embeddable":true,"href":"https:\/\/ceasuri.md\/ru\/wp-json\/wp\/v2\/product_cat?post=52578"},{"taxonomy":"product_tag","embeddable":true,"href":"https:\/\/ceasuri.md\/ru\/wp-json\/wp\/v2\/product_tag?post=52578"}],"curies":[{"name":"wp","href":"https:\/\/api.w.org\/{rel}","templated":true}]}}