{"id":52568,"date":"2026-04-02T23:51:58","date_gmt":"2026-04-02T20:51:58","guid":{"rendered":"http:\/\/new.ceasuri.md\/shop\/uncategorized\/swiss-military-by-chrono-sm34104-10\/"},"modified":"2026-04-20T01:29:34","modified_gmt":"2026-04-19T22:29:34","slug":"swiss-military-by-chrono-sm34104-10","status":"publish","type":"product","link":"https:\/\/ceasuri.md\/ru\/shop\/branduri\/swiss-military\/swiss-military-by-chrono-sm34104-10\/","title":{"rendered":"\u0427\u0430\u0441\u044b SWISS MILITARY BY CHRONO SM34104.10"},"content":{"rendered":"<p>Un ceas clasic pentru b\u0103rba\u021bi care combin\u0103 perfect stilul \u0219i func\u021bionalitatea.<\/p>\n<p>Cadranul albastru cu indicatoare orare \u0219i m\u00e2ini clasice este protejat de un cristal de safir durabil. M\u00e2inile \u0219i indicatoarele orare sunt luminescente \u0219i ofer\u0103 o vizibilitate clar\u0103 chiar \u0219i \u00een condi\u021bii de lumin\u0103 sc\u0103zut\u0103.<\/p>\n<p>Carcasa este asociat\u0103 cu o curea din piele neagr\u0103 pentru o not\u0103 de masculinitate.<\/p>\n<p>Rezistent la ap\u0103 p\u00e2n\u0103 la 100 de metri, acest ceas robust nu este doar un accesoriu, ci un companion de \u00eencredere pentru toate ocaziile.<\/p>\n<p>Ceasul este alimentat de o mi\u0219care cu cuar\u021b fabricat\u0103 \u00een Elve\u021bia \u0219i este asamblat manual.<\/p>","protected":false},"excerpt":{"rendered":"<p>Un ceas clasic pentru b\u0103rba\u021bi care combin\u0103 perfect stilul \u0219i func\u021bionalitatea. Cadranul albastru cu indicatoare orare \u0219i m\u00e2ini clasice este protejat de un cristal de safir durabil. M\u00e2inile \u0219i indicatoarele orare sunt luminescente \u0219i ofer\u0103 o vizibilitate clar\u0103 chiar \u0219i \u00een condi\u021bii de lumin\u0103 sc\u0103zut\u0103. Carcasa este asociat\u0103 cu o curea din piele neagr\u0103 pentru [&hellip;]<\/p>\n","protected":false},"featured_media":52569,"comment_status":"closed","ping_status":"open","template":"","meta":{"_acf_changed":false},"product_brand":[],"product_cat":[20,572],"product_tag":[],"class_list":{"0":"post-52568","1":"product","2":"type-product","3":"status-publish","4":"has-post-thumbnail","6":"product_cat-ceasuri-barbati","7":"product_cat-swiss-military","8":"pa_brand-swiss-military","9":"pa_braslet-piele","10":"pa_corpus-40mm","11":"pa_forma-rotund","12":"pa_funcii-data","13":"pa_garatia-24-luni","14":"pa_korpus-argintiu","15":"pa_kvarc-quartz","16":"pa_material-otel-inoxidabil","17":"pa_mehanizm-quartz","18":"pa_remeshok-negru","19":"pa_steklo-cristal-safir","20":"pa_strana-elvetia","21":"pa_voda-10-atm","23":"first","24":"instock","25":"purchasable","26":"product-type-simple"},"acf":[],"_links":{"self":[{"href":"https:\/\/ceasuri.md\/ru\/wp-json\/wp\/v2\/product\/52568","targetHints":{"allow":["GET"]}}],"collection":[{"href":"https:\/\/ceasuri.md\/ru\/wp-json\/wp\/v2\/product"}],"about":[{"href":"https:\/\/ceasuri.md\/ru\/wp-json\/wp\/v2\/types\/product"}],"replies":[{"embeddable":true,"href":"https:\/\/ceasuri.md\/ru\/wp-json\/wp\/v2\/comments?post=52568"}],"wp:featuredmedia":[{"embeddable":true,"href":"https:\/\/ceasuri.md\/ru\/wp-json\/wp\/v2\/media\/52569"}],"wp:attachment":[{"href":"https:\/\/ceasuri.md\/ru\/wp-json\/wp\/v2\/media?parent=52568"}],"wp:term":[{"taxonomy":"product_brand","embeddable":true,"href":"https:\/\/ceasuri.md\/ru\/wp-json\/wp\/v2\/product_brand?post=52568"},{"taxonomy":"product_cat","embeddable":true,"href":"https:\/\/ceasuri.md\/ru\/wp-json\/wp\/v2\/product_cat?post=52568"},{"taxonomy":"product_tag","embeddable":true,"href":"https:\/\/ceasuri.md\/ru\/wp-json\/wp\/v2\/product_tag?post=52568"}],"curies":[{"name":"wp","href":"https:\/\/api.w.org\/{rel}","templated":true}]}}