{"id":52554,"date":"2026-04-02T23:51:58","date_gmt":"2026-04-02T20:51:58","guid":{"rendered":"http:\/\/new.ceasuri.md\/shop\/uncategorized\/swiss-military-by-chrono-sm34104-03\/"},"modified":"2026-04-20T01:29:29","modified_gmt":"2026-04-19T22:29:29","slug":"swiss-military-by-chrono-sm34104-03","status":"publish","type":"product","link":"https:\/\/ceasuri.md\/ru\/shop\/branduri\/swiss-military\/swiss-military-by-chrono-sm34104-03\/","title":{"rendered":"\u0427\u0430\u0441\u044b SWISS MILITARY BY CHRONO SM34104.03"},"content":{"rendered":"<p>Un model atemporal care combin\u0103 perfect stilul \u0219i func\u021bionalitatea.<\/p>\n<p>Cadranul albastru cu indicatoare orare \u0219i m\u00e2ini clasice este protejat de un cristal de safir durabil. M\u00e2inile \u0219i indicatoarele orelor sunt luminescente \u0219i asigur\u0103 o vizibilitate clar\u0103 chiar \u0219i \u00een condi\u021bii de luminozitate sc\u0103zut\u0103.<\/p>\n<p>Carcasa este completat\u0103 de o br\u0103\u021bar\u0103 robust\u0103. Carcasa \u0219i br\u0103\u021bara sunt realizate din o\u021bel inoxidabil, \u00een conformitate cu principiile orologeriei elve\u021biene.<\/p>\n<p>Acest ceas auster pentru b\u0103rba\u021bi cu rezisten\u021b\u0103 la ap\u0103 p\u00e2n\u0103 la 100 de metri nu este doar un accesoriu, ci un companion de \u00eencredere pentru orice moment.<\/p>\n<p>Ceasul este alimentat de o mi\u0219care cu cuar\u021b fabricat\u0103 \u00een Elve\u021bia \u0219i este asamblat manual.<\/p>","protected":false},"excerpt":{"rendered":"<p>Un model atemporal care combin\u0103 perfect stilul \u0219i func\u021bionalitatea. Cadranul albastru cu indicatoare orare \u0219i m\u00e2ini clasice este protejat de un cristal de safir durabil. M\u00e2inile \u0219i indicatoarele orelor sunt luminescente \u0219i asigur\u0103 o vizibilitate clar\u0103 chiar \u0219i \u00een condi\u021bii de luminozitate sc\u0103zut\u0103. Carcasa este completat\u0103 de o br\u0103\u021bar\u0103 robust\u0103. Carcasa \u0219i br\u0103\u021bara sunt realizate [&hellip;]<\/p>\n","protected":false},"featured_media":52555,"comment_status":"closed","ping_status":"open","template":"","meta":{"_acf_changed":false},"product_brand":[],"product_cat":[20,572],"product_tag":[],"class_list":{"0":"post-52554","1":"product","2":"type-product","3":"status-publish","4":"has-post-thumbnail","6":"product_cat-ceasuri-barbati","7":"product_cat-swiss-military","8":"pa_brand-swiss-military","9":"pa_braslet-otel-inoxidabil","10":"pa_corpus-40mm","11":"pa_forma-rotund","12":"pa_funcii-data","13":"pa_garatia-24-luni","14":"pa_korpus-argintiu","15":"pa_kvarc-quartz","16":"pa_material-otel-inoxidabil","17":"pa_mehanizm-quartz","18":"pa_remeshok-argintiu","19":"pa_steklo-cristal-safir","20":"pa_strana-elvetia","21":"pa_voda-10-atm","23":"first","24":"instock","25":"purchasable","26":"product-type-simple"},"acf":[],"_links":{"self":[{"href":"https:\/\/ceasuri.md\/ru\/wp-json\/wp\/v2\/product\/52554","targetHints":{"allow":["GET"]}}],"collection":[{"href":"https:\/\/ceasuri.md\/ru\/wp-json\/wp\/v2\/product"}],"about":[{"href":"https:\/\/ceasuri.md\/ru\/wp-json\/wp\/v2\/types\/product"}],"replies":[{"embeddable":true,"href":"https:\/\/ceasuri.md\/ru\/wp-json\/wp\/v2\/comments?post=52554"}],"wp:featuredmedia":[{"embeddable":true,"href":"https:\/\/ceasuri.md\/ru\/wp-json\/wp\/v2\/media\/52555"}],"wp:attachment":[{"href":"https:\/\/ceasuri.md\/ru\/wp-json\/wp\/v2\/media?parent=52554"}],"wp:term":[{"taxonomy":"product_brand","embeddable":true,"href":"https:\/\/ceasuri.md\/ru\/wp-json\/wp\/v2\/product_brand?post=52554"},{"taxonomy":"product_cat","embeddable":true,"href":"https:\/\/ceasuri.md\/ru\/wp-json\/wp\/v2\/product_cat?post=52554"},{"taxonomy":"product_tag","embeddable":true,"href":"https:\/\/ceasuri.md\/ru\/wp-json\/wp\/v2\/product_tag?post=52554"}],"curies":[{"name":"wp","href":"https:\/\/api.w.org\/{rel}","templated":true}]}}