{"id":52548,"date":"2026-04-02T23:51:58","date_gmt":"2026-04-02T20:51:58","guid":{"rendered":"http:\/\/new.ceasuri.md\/shop\/uncategorized\/swiss-military-by-chrono-sm34103-02\/"},"modified":"2026-04-20T01:29:27","modified_gmt":"2026-04-19T22:29:27","slug":"swiss-military-by-chrono-sm34103-02","status":"publish","type":"product","link":"https:\/\/ceasuri.md\/ru\/shop\/branduri\/swiss-military\/swiss-military-by-chrono-sm34103-02\/","title":{"rendered":"\u0427\u0430\u0441\u044b SWISS MILITARY BY CHRONO SM34103.02"},"content":{"rendered":"<p>Cronograful Swiss Sport este o combina\u021bie armonioas\u0103 de stil \u0219i precizie.<\/p>\n<p>Cadranul albastru, decorat cu indicatoare luminoase albe pentru ore \u0219i m\u00e2ini, este protejat de un cristal de safir rezistent la zg\u00e2rieturi. M\u00e2na ro\u0219ie a secundelor cronografului adaug\u0103 o not\u0103 \u00eendr\u0103znea\u021b\u0103 \u0219i un caracter sportiv.<\/p>\n<p>Br\u0103\u021bara cu 5 verigi are suprafe\u021be mate \u0219i lucioase.<\/p>\n<p>Ceasul are o lunet\u0103 rotativ\u0103 albastr\u0103 asortat\u0103 culorii care \u00eei spore\u0219te func\u021bionalitatea.<\/p>\n<p>Este rezistent la ap\u0103 p\u00e2n\u0103 la 100 de metri.<\/p>\n<p>\u00cen plus, acest ceas b\u0103rb\u0103tesc este echipat cu caracteristici de \u00eenalt\u0103 calitate potrivite unui ceas sport. Carcasa \u0219i cureaua acestui model sunt fabricate din o\u021bel inoxidabil durabil. Ceasul este alimentat de o mi\u0219care elve\u021bian\u0103 \u0219i este asamblat manual.<\/p>","protected":false},"excerpt":{"rendered":"<p>Cronograful Swiss Sport este o combina\u021bie armonioas\u0103 de stil \u0219i precizie. Cadranul albastru, decorat cu indicatoare luminoase albe pentru ore \u0219i m\u00e2ini, este protejat de un cristal de safir rezistent la zg\u00e2rieturi. M\u00e2na ro\u0219ie a secundelor cronografului adaug\u0103 o not\u0103 \u00eendr\u0103znea\u021b\u0103 \u0219i un caracter sportiv. Br\u0103\u021bara cu 5 verigi are suprafe\u021be mate \u0219i lucioase. Ceasul [&hellip;]<\/p>\n","protected":false},"featured_media":52549,"comment_status":"closed","ping_status":"open","template":"","meta":{"_acf_changed":false},"product_brand":[],"product_cat":[20,572],"product_tag":[],"class_list":{"0":"post-52548","1":"product","2":"type-product","3":"status-publish","4":"has-post-thumbnail","6":"product_cat-ceasuri-barbati","7":"product_cat-swiss-military","8":"pa_brand-swiss-military","9":"pa_braslet-otel-inoxidabil","10":"pa_corpus-43-mm","11":"pa_forma-rotund","12":"pa_funcii-cronometru","13":"pa_funcii-data","14":"pa_garatia-24-luni","15":"pa_korpus-albastru","16":"pa_korpus-argintiu","17":"pa_kvarc-quartz","18":"pa_material-otel-inoxidabil","19":"pa_mehanizm-quartz","20":"pa_remeshok-argintiu","21":"pa_steklo-cristal-safir","22":"pa_strana-elvetia","23":"pa_voda-10-atm","25":"first","26":"instock","27":"purchasable","28":"product-type-simple"},"acf":[],"_links":{"self":[{"href":"https:\/\/ceasuri.md\/ru\/wp-json\/wp\/v2\/product\/52548","targetHints":{"allow":["GET"]}}],"collection":[{"href":"https:\/\/ceasuri.md\/ru\/wp-json\/wp\/v2\/product"}],"about":[{"href":"https:\/\/ceasuri.md\/ru\/wp-json\/wp\/v2\/types\/product"}],"replies":[{"embeddable":true,"href":"https:\/\/ceasuri.md\/ru\/wp-json\/wp\/v2\/comments?post=52548"}],"wp:featuredmedia":[{"embeddable":true,"href":"https:\/\/ceasuri.md\/ru\/wp-json\/wp\/v2\/media\/52549"}],"wp:attachment":[{"href":"https:\/\/ceasuri.md\/ru\/wp-json\/wp\/v2\/media?parent=52548"}],"wp:term":[{"taxonomy":"product_brand","embeddable":true,"href":"https:\/\/ceasuri.md\/ru\/wp-json\/wp\/v2\/product_brand?post=52548"},{"taxonomy":"product_cat","embeddable":true,"href":"https:\/\/ceasuri.md\/ru\/wp-json\/wp\/v2\/product_cat?post=52548"},{"taxonomy":"product_tag","embeddable":true,"href":"https:\/\/ceasuri.md\/ru\/wp-json\/wp\/v2\/product_tag?post=52548"}],"curies":[{"name":"wp","href":"https:\/\/api.w.org\/{rel}","templated":true}]}}