{"id":52546,"date":"2024-04-08T08:23:22","date_gmt":"2024-04-08T05:23:22","guid":{"rendered":"http:\/\/new.ceasuri.md\/shop\/uncategorized\/swiss-military-by-chrono-sm34103-01\/"},"modified":"2026-05-01T18:27:03","modified_gmt":"2026-05-01T15:27:03","slug":"swiss-military-by-chrono-sm34103-01","status":"publish","type":"product","link":"https:\/\/ceasuri.md\/ru\/shop\/branduri\/swiss-military\/swiss-military-by-chrono-sm34103-01\/","title":{"rendered":"\u0427\u0430\u0441\u044b SWISS MILITARY BY CHRONO SM34103.01"},"content":{"rendered":"<p>Cronograful Swiss Sport este o combina\u021bie armonioas\u0103 de stil \u0219i precizie.<\/p>\n<p>Cadranul negru, decorat cu indicatoare orare \u0219i m\u00e2ini luminoase albe, este protejat de un cristal de safir rezistent la zg\u00e2rieturi. M\u00e2na ro\u0219ie a secundelor cronografului adaug\u0103 o not\u0103 \u00eendr\u0103znea\u021b\u0103 \u0219i un caracter sportiv.<\/p>\n<p>Br\u0103\u021bara cu 5 verigi are suprafe\u021be mate \u0219i lucioase.<\/p>\n<p>Ceasul are un luneta rotativ\u0103 neagr\u0103 de culoare asortat\u0103 care \u00eei spore\u0219te func\u021bionalitatea.<\/p>\n<p>Este rezistent la ap\u0103 p\u00e2n\u0103 la 100 de metri.<\/p>\n<p>\u00cen plus, acest ceas b\u0103rb\u0103tesc este echipat cu caracteristici de \u00eenalt\u0103 calitate potrivite unui ceas sport. Carcasa \u0219i cureaua acestui model sunt fabricate din o\u021bel inoxidabil durabil. Ceasul este alimentat de o mi\u0219care elve\u021bian\u0103 \u0219i este asamblat manual.<\/p>","protected":false},"excerpt":{"rendered":"<p>Cronograful Swiss Sport este o combina\u021bie armonioas\u0103 de stil \u0219i precizie. Cadranul negru, decorat cu indicatoare orare \u0219i m\u00e2ini luminoase albe, este protejat de un cristal de safir rezistent la zg\u00e2rieturi. M\u00e2na ro\u0219ie a secundelor cronografului adaug\u0103 o not\u0103 \u00eendr\u0103znea\u021b\u0103 \u0219i un caracter sportiv. Br\u0103\u021bara cu 5 verigi are suprafe\u021be mate \u0219i lucioase. Ceasul are [&hellip;]<\/p>\n","protected":false},"featured_media":52547,"comment_status":"closed","ping_status":"open","template":"","meta":{"_acf_changed":false},"product_brand":[],"product_cat":[20,572],"product_tag":[],"class_list":{"0":"post-52546","1":"product","2":"type-product","3":"status-publish","4":"has-post-thumbnail","6":"product_cat-ceasuri-barbati","7":"product_cat-swiss-military","8":"pa_brand-swiss-military","9":"pa_braslet-otel-inoxidabil","10":"pa_corpus-43-mm","11":"pa_forma-rotund","12":"pa_funcii-cronograf","13":"pa_funcii-data","14":"pa_garatia-24-luni","15":"pa_korpus-argintiu","16":"pa_korpus-negru","17":"pa_kvarc-quartz","18":"pa_material-otel-inoxidabil","19":"pa_mehanizm-quartz","20":"pa_remeshok-argintiu","21":"pa_steklo-cristal-safir","22":"pa_strana-elvetia","23":"pa_voda-10-atm","25":"first","26":"instock","27":"purchasable","28":"product-type-simple"},"acf":[],"_links":{"self":[{"href":"https:\/\/ceasuri.md\/ru\/wp-json\/wp\/v2\/product\/52546","targetHints":{"allow":["GET"]}}],"collection":[{"href":"https:\/\/ceasuri.md\/ru\/wp-json\/wp\/v2\/product"}],"about":[{"href":"https:\/\/ceasuri.md\/ru\/wp-json\/wp\/v2\/types\/product"}],"replies":[{"embeddable":true,"href":"https:\/\/ceasuri.md\/ru\/wp-json\/wp\/v2\/comments?post=52546"}],"wp:featuredmedia":[{"embeddable":true,"href":"https:\/\/ceasuri.md\/ru\/wp-json\/wp\/v2\/media\/52547"}],"wp:attachment":[{"href":"https:\/\/ceasuri.md\/ru\/wp-json\/wp\/v2\/media?parent=52546"}],"wp:term":[{"taxonomy":"product_brand","embeddable":true,"href":"https:\/\/ceasuri.md\/ru\/wp-json\/wp\/v2\/product_brand?post=52546"},{"taxonomy":"product_cat","embeddable":true,"href":"https:\/\/ceasuri.md\/ru\/wp-json\/wp\/v2\/product_cat?post=52546"},{"taxonomy":"product_tag","embeddable":true,"href":"https:\/\/ceasuri.md\/ru\/wp-json\/wp\/v2\/product_tag?post=52546"}],"curies":[{"name":"wp","href":"https:\/\/api.w.org\/{rel}","templated":true}]}}