{"id":52542,"date":"2024-04-08T08:23:21","date_gmt":"2024-04-08T05:23:21","guid":{"rendered":"http:\/\/new.ceasuri.md\/shop\/uncategorized\/swiss-military-by-chrono-sm34101-01\/"},"modified":"2026-05-01T18:26:53","modified_gmt":"2026-05-01T15:26:53","slug":"swiss-military-by-chrono-sm34101-01","status":"publish","type":"product","link":"https:\/\/ceasuri.md\/ru\/shop\/branduri\/swiss-military\/swiss-military-by-chrono-sm34101-01\/","title":{"rendered":"\u0427\u0430\u0441\u044b SWISS MILITARY BY CHRONO SM34101.01"},"content":{"rendered":"<p>Militarul Chronograph XL este conceput pentru a fi partenerul perfect pe \u00eencheietura m\u00e2inii oric\u0103rui b\u0103rbat.<\/p>\n<p>De la luneta rotativ\u0103 neagr\u0103 cu indicatoare clare pentru minute, cadranul negru cu m\u00e2ini \u0219i indicatoare vizibile pentru ore p\u00e2n\u0103 la br\u0103\u021bara din o\u021bel, totul este conceput pentru a sublinia caracterul acestui ceas pentru b\u0103rba\u021bi. Diametrul de 46 mm \u00eel face o alegere ideal\u0103 pentru cei care apreciaz\u0103 farmecul unui ceas mare.<\/p>\n<p>\u00cen plus, acest ceas elve\u021bian este echipat cu caracteristici de \u00eenalt\u0103 calitate potrivite pentru un ceas sportiv militar cu cronograf. Carcasa \u0219i br\u0103\u021bara sunt realizate din o\u021bel inoxidabil durabil. Cristalul de safir rezistent la zg\u00e2rieturi protejeaz\u0103 cadranul negru. M\u00e2inile \u0219i indicatoarele orare clar vizibile sunt acoperite cu material luminescent \u0219i str\u0103lucesc \u00een \u00eentuneric.<\/p>\n<p>Acest ceas pentru b\u0103rba\u021bi este echipat cu o mi\u0219care cronograf elve\u021bian\u0103 \u0219i este asamblat manual.<\/p>","protected":false},"excerpt":{"rendered":"<p>Militarul Chronograph XL este conceput pentru a fi partenerul perfect pe \u00eencheietura m\u00e2inii oric\u0103rui b\u0103rbat. De la luneta rotativ\u0103 neagr\u0103 cu indicatoare clare pentru minute, cadranul negru cu m\u00e2ini \u0219i indicatoare vizibile pentru ore p\u00e2n\u0103 la br\u0103\u021bara din o\u021bel, totul este conceput pentru a sublinia caracterul acestui ceas pentru b\u0103rba\u021bi. Diametrul de 46 mm \u00eel [&hellip;]<\/p>\n","protected":false},"featured_media":52543,"comment_status":"closed","ping_status":"open","template":"","meta":{"_acf_changed":false},"product_brand":[],"product_cat":[20,572],"product_tag":[],"class_list":{"0":"post-52542","1":"product","2":"type-product","3":"status-publish","4":"has-post-thumbnail","6":"product_cat-ceasuri-barbati","7":"product_cat-swiss-military","8":"pa_brand-swiss-military","9":"pa_braslet-otel-inoxidabil","10":"pa_corpus-46-mm","11":"pa_forma-rotund","12":"pa_funcii-cronograf","13":"pa_funcii-data","14":"pa_funcii-ziua-saptamanii","15":"pa_garatia-24-luni","16":"pa_korpus-argintiu","17":"pa_korpus-negru","18":"pa_kvarc-quartz","19":"pa_material-otel-inoxidabil","20":"pa_mehanizm-quartz","21":"pa_remeshok-argintiu","22":"pa_steklo-cristal-safir","23":"pa_strana-elvetia","24":"pa_voda-10-atm","26":"first","27":"instock","28":"purchasable","29":"product-type-simple"},"acf":[],"_links":{"self":[{"href":"https:\/\/ceasuri.md\/ru\/wp-json\/wp\/v2\/product\/52542","targetHints":{"allow":["GET"]}}],"collection":[{"href":"https:\/\/ceasuri.md\/ru\/wp-json\/wp\/v2\/product"}],"about":[{"href":"https:\/\/ceasuri.md\/ru\/wp-json\/wp\/v2\/types\/product"}],"replies":[{"embeddable":true,"href":"https:\/\/ceasuri.md\/ru\/wp-json\/wp\/v2\/comments?post=52542"}],"wp:featuredmedia":[{"embeddable":true,"href":"https:\/\/ceasuri.md\/ru\/wp-json\/wp\/v2\/media\/52543"}],"wp:attachment":[{"href":"https:\/\/ceasuri.md\/ru\/wp-json\/wp\/v2\/media?parent=52542"}],"wp:term":[{"taxonomy":"product_brand","embeddable":true,"href":"https:\/\/ceasuri.md\/ru\/wp-json\/wp\/v2\/product_brand?post=52542"},{"taxonomy":"product_cat","embeddable":true,"href":"https:\/\/ceasuri.md\/ru\/wp-json\/wp\/v2\/product_cat?post=52542"},{"taxonomy":"product_tag","embeddable":true,"href":"https:\/\/ceasuri.md\/ru\/wp-json\/wp\/v2\/product_tag?post=52542"}],"curies":[{"name":"wp","href":"https:\/\/api.w.org\/{rel}","templated":true}]}}