{"id":52540,"date":"2024-04-08T08:23:21","date_gmt":"2024-04-08T05:23:21","guid":{"rendered":"http:\/\/new.ceasuri.md\/shop\/uncategorized\/swiss-military-by-chrono-sm34099-03\/"},"modified":"2026-05-01T18:26:50","modified_gmt":"2026-05-01T15:26:50","slug":"swiss-military-by-chrono-sm34099-03","status":"publish","type":"product","link":"https:\/\/ceasuri.md\/ru\/shop\/branduri\/swiss-military\/swiss-military-by-chrono-sm34099-03\/","title":{"rendered":"\u0427\u0430\u0441\u044b SWISS MILITARY BY CHRONO SM34099.03"},"content":{"rendered":"<p>Ceasul pentru b\u0103rba\u021bi Swiss Military by Chrono este un companion elegant pentru seria de ceasuri pentru b\u0103rba\u021bi de 42 mm. Alegerea ideal\u0103 dac\u0103 sunte\u021bi \u00een c\u0103utarea unui model cu un stil sportiv.<\/p>\n<p>Ceasul cu o carcas\u0103 neagr\u0103 din o\u021bel inoxidabil atrage aten\u021bia datorit\u0103 suprafe\u021bei sale mate.<\/p>\n<p>Luneta fix\u0103 iese discret din carcas\u0103. Partea din spate a ceasului este un fund de carcas\u0103 din o\u021bel inoxidabil cu \u0219urub care stabile\u0219te scena pentru un design coerent.<\/p>\n<p>Curea din silicon.<\/p>\n<p>Rezisten\u021b\u0103 la ap\u0103 100m.<\/p>","protected":false},"excerpt":{"rendered":"<p>Ceasul pentru b\u0103rba\u021bi Swiss Military by Chrono este un companion elegant pentru seria de ceasuri pentru b\u0103rba\u021bi de 42 mm. Alegerea ideal\u0103 dac\u0103 sunte\u021bi \u00een c\u0103utarea unui model cu un stil sportiv. Ceasul cu o carcas\u0103 neagr\u0103 din o\u021bel inoxidabil atrage aten\u021bia datorit\u0103 suprafe\u021bei sale mate. Luneta fix\u0103 iese discret din carcas\u0103. Partea din spate [&hellip;]<\/p>\n","protected":false},"featured_media":52541,"comment_status":"closed","ping_status":"open","template":"","meta":{"_acf_changed":false},"product_brand":[],"product_cat":[20,572],"product_tag":[],"class_list":{"0":"post-52540","1":"product","2":"type-product","3":"status-publish","4":"has-post-thumbnail","6":"product_cat-ceasuri-barbati","7":"product_cat-swiss-military","8":"pa_brand-swiss-military","9":"pa_braslet-cauciuc","10":"pa_corpus-42-mm","11":"pa_forma-rotund","12":"pa_funcii-data","13":"pa_garatia-24-luni","14":"pa_korpus-gri","15":"pa_kvarc-quartz","16":"pa_material-otel-inoxidabil","17":"pa_mehanizm-quartz","18":"pa_remeshok-negru","19":"pa_steklo-cristal-safir","20":"pa_strana-elvetia","21":"pa_voda-10-atm","23":"first","24":"instock","25":"purchasable","26":"product-type-simple"},"acf":[],"_links":{"self":[{"href":"https:\/\/ceasuri.md\/ru\/wp-json\/wp\/v2\/product\/52540","targetHints":{"allow":["GET"]}}],"collection":[{"href":"https:\/\/ceasuri.md\/ru\/wp-json\/wp\/v2\/product"}],"about":[{"href":"https:\/\/ceasuri.md\/ru\/wp-json\/wp\/v2\/types\/product"}],"replies":[{"embeddable":true,"href":"https:\/\/ceasuri.md\/ru\/wp-json\/wp\/v2\/comments?post=52540"}],"wp:featuredmedia":[{"embeddable":true,"href":"https:\/\/ceasuri.md\/ru\/wp-json\/wp\/v2\/media\/52541"}],"wp:attachment":[{"href":"https:\/\/ceasuri.md\/ru\/wp-json\/wp\/v2\/media?parent=52540"}],"wp:term":[{"taxonomy":"product_brand","embeddable":true,"href":"https:\/\/ceasuri.md\/ru\/wp-json\/wp\/v2\/product_brand?post=52540"},{"taxonomy":"product_cat","embeddable":true,"href":"https:\/\/ceasuri.md\/ru\/wp-json\/wp\/v2\/product_cat?post=52540"},{"taxonomy":"product_tag","embeddable":true,"href":"https:\/\/ceasuri.md\/ru\/wp-json\/wp\/v2\/product_tag?post=52540"}],"curies":[{"name":"wp","href":"https:\/\/api.w.org\/{rel}","templated":true}]}}