{"id":52534,"date":"2026-04-02T23:51:27","date_gmt":"2026-04-02T20:51:27","guid":{"rendered":"http:\/\/new.ceasuri.md\/shop\/uncategorized\/swiss-military-by-chrono-sm34097-03\/"},"modified":"2026-04-20T01:29:21","modified_gmt":"2026-04-19T22:29:21","slug":"swiss-military-by-chrono-sm34097-03","status":"publish","type":"product","link":"https:\/\/ceasuri.md\/ru\/shop\/branduri\/swiss-military\/swiss-military-by-chrono-sm34097-03\/","title":{"rendered":"\u0427\u0430\u0441\u044b SWISS MILITARY BY CHRONO SM34097.03"},"content":{"rendered":"<p>Ceas b\u0103rb\u0103tesc din gama Chronograph 42 mm. O alegere excelent\u0103 dac\u0103 sunte\u021bi \u00een c\u0103utarea unui model cu un stil sportiv.<\/p>\n<p>Ceasul are o carcas\u0103 din o\u021bel inoxidabil care atrage aten\u021bia cu suprafa\u021ba sa periat\u0103 \u0219i lustruit\u0103.<\/p>\n<p>Sticla mineral\u0103 temperat\u0103 asigur\u0103 o protec\u021bie fiabil\u0103 \u00eempotriva zg\u00e2rieturilor \u0219i deterior\u0103rilor accidentale. Cadranul ceasului este de culoare albastr\u0103.<\/p>\n<p>La baz\u0103 se afl\u0103 o mi\u0219care cu cuar\u021b Swiss Made, care, a\u0219a cum ar trebui s\u0103 fie ceasurile Swiss Military, garanteaz\u0103 ora exact\u0103 \u0219i ofer\u0103 urm\u0103toarele func\u021bii: Ore, Minute, Secunde, Dat\u0103, Cronograf.<\/p>\n<p>Rezisten\u021b\u0103 la ap\u0103 de 5 ATM.<\/p>\n<p>Br\u0103\u021bara din o\u021bel inoxidabil ofer\u0103 un nivel ridicat de confort la purtare \u0219i se potrive\u0219te \u00eencheieturilor cu o circumferin\u021b\u0103 maxim\u0103 de 210mm.<\/p>","protected":false},"excerpt":{"rendered":"<p>Ceas b\u0103rb\u0103tesc din gama Chronograph 42 mm. O alegere excelent\u0103 dac\u0103 sunte\u021bi \u00een c\u0103utarea unui model cu un stil sportiv. Ceasul are o carcas\u0103 din o\u021bel inoxidabil care atrage aten\u021bia cu suprafa\u021ba sa periat\u0103 \u0219i lustruit\u0103. Sticla mineral\u0103 temperat\u0103 asigur\u0103 o protec\u021bie fiabil\u0103 \u00eempotriva zg\u00e2rieturilor \u0219i deterior\u0103rilor accidentale. Cadranul ceasului este de culoare albastr\u0103. La [&hellip;]<\/p>\n","protected":false},"featured_media":52535,"comment_status":"closed","ping_status":"open","template":"","meta":{"_acf_changed":false},"product_brand":[],"product_cat":[20,572],"product_tag":[],"class_list":{"0":"post-52534","1":"product","2":"type-product","3":"status-publish","4":"has-post-thumbnail","6":"product_cat-ceasuri-barbati","7":"product_cat-swiss-military","8":"pa_brand-swiss-military","9":"pa_braslet-otel-inoxidabil","10":"pa_corpus-42-mm","11":"pa_forma-rotund","12":"pa_funcii-cronograf","13":"pa_funcii-data","14":"pa_funcii-tahimetru","15":"pa_garatia-24-luni","16":"pa_korpus-argintiu","17":"pa_kvarc-quartz","18":"pa_material-otel-inoxidabil","19":"pa_mehanizm-quartz","20":"pa_remeshok-argintiu","21":"pa_steklo-cristal-mineral","22":"pa_strana-elvetia","23":"pa_voda-5-atm","25":"first","26":"instock","27":"purchasable","28":"product-type-simple"},"acf":[],"_links":{"self":[{"href":"https:\/\/ceasuri.md\/ru\/wp-json\/wp\/v2\/product\/52534","targetHints":{"allow":["GET"]}}],"collection":[{"href":"https:\/\/ceasuri.md\/ru\/wp-json\/wp\/v2\/product"}],"about":[{"href":"https:\/\/ceasuri.md\/ru\/wp-json\/wp\/v2\/types\/product"}],"replies":[{"embeddable":true,"href":"https:\/\/ceasuri.md\/ru\/wp-json\/wp\/v2\/comments?post=52534"}],"wp:featuredmedia":[{"embeddable":true,"href":"https:\/\/ceasuri.md\/ru\/wp-json\/wp\/v2\/media\/52535"}],"wp:attachment":[{"href":"https:\/\/ceasuri.md\/ru\/wp-json\/wp\/v2\/media?parent=52534"}],"wp:term":[{"taxonomy":"product_brand","embeddable":true,"href":"https:\/\/ceasuri.md\/ru\/wp-json\/wp\/v2\/product_brand?post=52534"},{"taxonomy":"product_cat","embeddable":true,"href":"https:\/\/ceasuri.md\/ru\/wp-json\/wp\/v2\/product_cat?post=52534"},{"taxonomy":"product_tag","embeddable":true,"href":"https:\/\/ceasuri.md\/ru\/wp-json\/wp\/v2\/product_tag?post=52534"}],"curies":[{"name":"wp","href":"https:\/\/api.w.org\/{rel}","templated":true}]}}