{"id":52526,"date":"2026-04-02T23:51:27","date_gmt":"2026-04-02T20:51:27","guid":{"rendered":"http:\/\/new.ceasuri.md\/shop\/uncategorized\/swiss-military-by-chrono-sm34096-04\/"},"modified":"2026-04-20T01:29:18","modified_gmt":"2026-04-19T22:29:18","slug":"swiss-military-by-chrono-sm34096-04","status":"publish","type":"product","link":"https:\/\/ceasuri.md\/ru\/shop\/branduri\/swiss-military\/swiss-military-by-chrono-sm34096-04\/","title":{"rendered":"\u0427\u0430\u0441\u044b SWISS MILITARY BY CHRONO  SM34096.04"},"content":{"rendered":"<p>Ceasul pentru b\u0103rba\u021bi Swiss Military by Chrono este un companion elegant pentru seria de ceasuri pentru b\u0103rba\u021bi de 42 mm. O alegere ideal\u0103 dac\u0103 sunte\u021bi \u00een c\u0103utarea unui ceas cu un stil clasic.<\/p>\n<p>Carcasa ceasului este fabricat\u0103 din o\u021bel inoxidabil \u0219i este atr\u0103g\u0103toare datorit\u0103 suprafe\u021bei sale mate \u0219i lustruite, \u00een func\u021bie de gustul individual, va \u00eempodobi aproape orice \u00eencheietur\u0103. Luneta fix\u0103 iese discret din carcas\u0103.<\/p>\n<p>Capacul carcasei este fabricat din o\u021bel inoxidabil \u0219i pune ultimele accente designului complet.<\/p>","protected":false},"excerpt":{"rendered":"<p>Ceasul pentru b\u0103rba\u021bi Swiss Military by Chrono este un companion elegant pentru seria de ceasuri pentru b\u0103rba\u021bi de 42 mm. O alegere ideal\u0103 dac\u0103 sunte\u021bi \u00een c\u0103utarea unui ceas cu un stil clasic. Carcasa ceasului este fabricat\u0103 din o\u021bel inoxidabil \u0219i este atr\u0103g\u0103toare datorit\u0103 suprafe\u021bei sale mate \u0219i lustruite, \u00een func\u021bie de gustul individual, va [&hellip;]<\/p>\n","protected":false},"featured_media":52527,"comment_status":"closed","ping_status":"open","template":"","meta":{"_acf_changed":false},"product_brand":[],"product_cat":[20,572],"product_tag":[],"class_list":{"0":"post-52526","1":"product","2":"type-product","3":"status-publish","4":"has-post-thumbnail","6":"product_cat-ceasuri-barbati","7":"product_cat-swiss-military","8":"pa_brand-swiss-military","9":"pa_braslet-otel-inoxidabil","10":"pa_corpus-42-mm","11":"pa_forma-rotund","12":"pa_funcii-data","13":"pa_garatia-24-luni","14":"pa_korpus-argintiu","15":"pa_korpus-verde","16":"pa_kvarc-quartz","17":"pa_material-otel-inoxidabil","18":"pa_mehanizm-quartz","19":"pa_remeshok-argintiu","20":"pa_steklo-cristal-mineral","21":"pa_strana-elvetia","22":"pa_voda-5-atm","24":"first","25":"instock","26":"purchasable","27":"product-type-simple"},"acf":[],"_links":{"self":[{"href":"https:\/\/ceasuri.md\/ru\/wp-json\/wp\/v2\/product\/52526","targetHints":{"allow":["GET"]}}],"collection":[{"href":"https:\/\/ceasuri.md\/ru\/wp-json\/wp\/v2\/product"}],"about":[{"href":"https:\/\/ceasuri.md\/ru\/wp-json\/wp\/v2\/types\/product"}],"replies":[{"embeddable":true,"href":"https:\/\/ceasuri.md\/ru\/wp-json\/wp\/v2\/comments?post=52526"}],"wp:featuredmedia":[{"embeddable":true,"href":"https:\/\/ceasuri.md\/ru\/wp-json\/wp\/v2\/media\/52527"}],"wp:attachment":[{"href":"https:\/\/ceasuri.md\/ru\/wp-json\/wp\/v2\/media?parent=52526"}],"wp:term":[{"taxonomy":"product_brand","embeddable":true,"href":"https:\/\/ceasuri.md\/ru\/wp-json\/wp\/v2\/product_brand?post=52526"},{"taxonomy":"product_cat","embeddable":true,"href":"https:\/\/ceasuri.md\/ru\/wp-json\/wp\/v2\/product_cat?post=52526"},{"taxonomy":"product_tag","embeddable":true,"href":"https:\/\/ceasuri.md\/ru\/wp-json\/wp\/v2\/product_tag?post=52526"}],"curies":[{"name":"wp","href":"https:\/\/api.w.org\/{rel}","templated":true}]}}