{"id":52518,"date":"2026-04-02T23:51:27","date_gmt":"2026-04-02T20:51:27","guid":{"rendered":"http:\/\/new.ceasuri.md\/shop\/uncategorized\/swiss-military-by-chrono-sm34066-09\/"},"modified":"2026-04-20T01:29:15","modified_gmt":"2026-04-19T22:29:15","slug":"swiss-military-by-chrono-sm34066-09","status":"publish","type":"product","link":"https:\/\/ceasuri.md\/ru\/shop\/branduri\/swiss-military\/swiss-military-by-chrono-sm34066-09\/","title":{"rendered":"\u0427\u0430\u0441\u044b SWISS MILITARY BY CHRONO SM34066.09"},"content":{"rendered":"<p>Acest ceas elegant pentru femei este un must-have \u00een colec\u021bia oric\u0103rei femei.<\/p>\n<p>Designul elegant din o\u021bel \u0219i aurit prezint\u0103 un luneta canelat \u0219i un cadran albastru cu indici clasici \u0219i m\u00e2ini aurii.<\/p>\n<p>Aceste ceasuri elve\u021biene sunt asamblate manual. De asemenea, sunt caracterizate de calitatea \u00eenalt\u0103 inerent\u0103 ceasurilor elve\u021biene.<\/p>","protected":false},"excerpt":{"rendered":"<p>Acest ceas elegant pentru femei este un must-have \u00een colec\u021bia oric\u0103rei femei. Designul elegant din o\u021bel \u0219i aurit prezint\u0103 un luneta canelat \u0219i un cadran albastru cu indici clasici \u0219i m\u00e2ini aurii. Aceste ceasuri elve\u021biene sunt asamblate manual. De asemenea, sunt caracterizate de calitatea \u00eenalt\u0103 inerent\u0103 ceasurilor elve\u021biene.<\/p>","protected":false},"featured_media":52519,"comment_status":"closed","ping_status":"open","template":"","meta":{"_acf_changed":false},"product_brand":[],"product_cat":[25,572],"product_tag":[],"class_list":{"0":"post-52518","1":"product","2":"type-product","3":"status-publish","4":"has-post-thumbnail","6":"product_cat-ceasuri-dama","7":"product_cat-swiss-military","8":"pa_brand-swiss-military","9":"pa_braslet-otel-inoxidabil","10":"pa_corpus-30-mm","11":"pa_forma-rotund","12":"pa_funcii-data","13":"pa_garatia-24-luni","14":"pa_korpus-bicolor","15":"pa_kvarc-quartz","16":"pa_material-otel-inoxidabil","17":"pa_mehanizm-quartz","18":"pa_remeshok-bicolor","19":"pa_steklo-cristal-safir","20":"pa_strana-elvetia","21":"pa_voda-5-atm","23":"first","24":"instock","25":"purchasable","26":"product-type-simple"},"acf":[],"_links":{"self":[{"href":"https:\/\/ceasuri.md\/ru\/wp-json\/wp\/v2\/product\/52518","targetHints":{"allow":["GET"]}}],"collection":[{"href":"https:\/\/ceasuri.md\/ru\/wp-json\/wp\/v2\/product"}],"about":[{"href":"https:\/\/ceasuri.md\/ru\/wp-json\/wp\/v2\/types\/product"}],"replies":[{"embeddable":true,"href":"https:\/\/ceasuri.md\/ru\/wp-json\/wp\/v2\/comments?post=52518"}],"wp:featuredmedia":[{"embeddable":true,"href":"https:\/\/ceasuri.md\/ru\/wp-json\/wp\/v2\/media\/52519"}],"wp:attachment":[{"href":"https:\/\/ceasuri.md\/ru\/wp-json\/wp\/v2\/media?parent=52518"}],"wp:term":[{"taxonomy":"product_brand","embeddable":true,"href":"https:\/\/ceasuri.md\/ru\/wp-json\/wp\/v2\/product_brand?post=52518"},{"taxonomy":"product_cat","embeddable":true,"href":"https:\/\/ceasuri.md\/ru\/wp-json\/wp\/v2\/product_cat?post=52518"},{"taxonomy":"product_tag","embeddable":true,"href":"https:\/\/ceasuri.md\/ru\/wp-json\/wp\/v2\/product_tag?post=52518"}],"curies":[{"name":"wp","href":"https:\/\/api.w.org\/{rel}","templated":true}]}}