{"id":52501,"date":"2026-04-02T23:51:27","date_gmt":"2026-04-02T20:51:27","guid":{"rendered":"http:\/\/new.ceasuri.md\/shop\/uncategorized\/casio-g-shock-gbx-100ns-1er\/"},"modified":"2026-04-07T04:41:39","modified_gmt":"2026-04-07T01:41:39","slug":"casio-g-shock-gbx-100ns-1er","status":"publish","type":"product","link":"https:\/\/ceasuri.md\/ru\/shop\/branduri\/casio\/casio-g-shock-gbx-100ns-1er\/","title":{"rendered":"Ceas CASIO G-SHOCK GBX-100NS-1ER"},"content":{"rendered":"<p>Noul ceas de la Casio este creat pentru sporturile extreme. Carcasa rezistent\u0103 la \u0219ocuri protejeaz\u0103 mecanismul de \u0219ocuri \u0219i vibra\u021bii.<\/p>\n<p>Superiluminare automat\u0103 cu LED. Atunci c\u00e2nd v\u0103 mi\u0219ca\u021bi m\u00e2na, afi\u0219ajul este iluminat cu o lumin\u0103 puternic\u0103. Afi\u0219ajul mip LCD permite o citire u\u0219oar\u0103 chiar \u0219i pe \u00eentuneric.<\/p>\n<p>Func\u021bii de baz\u0103: Formatul orei de 12 \u0219i 24 de ore, cronometru cu o precizie de 1s \u0219i un timp de m\u0103surare de 100h, posibilitatea de a seta 5 cronometre, cronometru cu num\u0103r\u0103toare invers\u0103 de la 1sec la 1h cu repeti\u021bie automat\u0103, ora mondial\u0103 &#8211; 38 de ora\u0219e (38 de fuse orare), timp universal coordonat (UTC). Comutare automat\u0103 la ora de iarn\u0103 \u0219i de var\u0103, posibilitatea de a activa\/dezactiva aceast\u0103 func\u021bie.<\/p>\n<p>Func\u021bia de antrenament afi\u0219eaz\u0103 distan\u021ba, viteza, ritmul, caloriile arse (p\u00e2n\u0103 la 100 de curse, p\u00e2n\u0103 la 140 de ture pe curs\u0103).<\/p>\n<p>Tehnologie f\u0103r\u0103 fir Bluetooth\u00ae cu consum de energie ultra-redus pentru sincronizarea cu smartphone-ul dvs. Atunci c\u00e2nd este conectat la un smartphone, ceasul regleaz\u0103 ora curent\u0103, data \u0219i ora mondial\u0103 &#8211; 300 de ora\u0219e \u0219i activarea\/dezactivarea orei de var\u0103. Mod avion. Func\u021bii de dezactivare\/activare a alertei sonore \u0219i a vibra\u021biilor, economisire a energiei, c\u0103utare telefon, setare a func\u021biei de antrenament. Gestionarea datelor din jurnalul de antrenament. Accelerometru. Afi\u0219are informa\u021bii despre maree. Ore de r\u0103s\u0103rit \u0219i apus de soare.<\/p>\n<p>Luneta din o\u021bel. Rezistent la ap\u0103 p\u00e2n\u0103 la 20 bar. Curea din polimer cu cataram\u0103 clasic\u0103.<\/p>","protected":false},"excerpt":{"rendered":"<p>Noul ceas de la Casio este creat pentru sporturile extreme. Carcasa rezistent\u0103 la \u0219ocuri protejeaz\u0103 mecanismul de \u0219ocuri \u0219i vibra\u021bii. Superiluminare automat\u0103 cu LED. Atunci c\u00e2nd v\u0103 mi\u0219ca\u021bi m\u00e2na, afi\u0219ajul este iluminat cu o lumin\u0103 puternic\u0103. Afi\u0219ajul mip LCD permite o citire u\u0219oar\u0103 chiar \u0219i pe \u00eentuneric. Func\u021bii de baz\u0103: Formatul orei de 12 \u0219i [&hellip;]<\/p>\n","protected":false},"featured_media":52502,"comment_status":"closed","ping_status":"open","template":"","meta":{"_acf_changed":false},"product_brand":[],"product_cat":[27,20,419],"product_tag":[],"class_list":{"0":"post-52501","1":"product","2":"type-product","3":"status-publish","4":"has-post-thumbnail","6":"product_cat-casio","7":"product_cat-ceasuri-barbati","8":"product_cat-g-shock","9":"pa_brand-casio","10":"pa_brand-g-shock","11":"pa_braslet-plastic","12":"pa_corpus-46x51mm","13":"pa_forma-octogonala","14":"pa_funcii-accelerometru","15":"pa_funcii-alarma","16":"pa_funcii-bluetooth-smart","17":"pa_funcii-calendar","18":"pa_funcii-cronometru","19":"pa_funcii-fazele-lunii","20":"pa_funcii-iluminare","21":"pa_funcii-pedometru","22":"pa_funcii-timp-mondial","23":"pa_garatia-24-luni","24":"pa_korpus-negru","25":"pa_material-otel-inoxidabil","26":"pa_material-plastic","27":"pa_mehanizm-electronic","28":"pa_mehanizm-quartz","29":"pa_remeshok-negru","30":"pa_steklo-cristal-mineral","31":"pa_strana-japonia","32":"pa_voda-20-atm","34":"first","35":"instock","36":"purchasable","37":"product-type-simple"},"acf":[],"_links":{"self":[{"href":"https:\/\/ceasuri.md\/ru\/wp-json\/wp\/v2\/product\/52501","targetHints":{"allow":["GET"]}}],"collection":[{"href":"https:\/\/ceasuri.md\/ru\/wp-json\/wp\/v2\/product"}],"about":[{"href":"https:\/\/ceasuri.md\/ru\/wp-json\/wp\/v2\/types\/product"}],"replies":[{"embeddable":true,"href":"https:\/\/ceasuri.md\/ru\/wp-json\/wp\/v2\/comments?post=52501"}],"wp:featuredmedia":[{"embeddable":true,"href":"https:\/\/ceasuri.md\/ru\/wp-json\/wp\/v2\/media\/52502"}],"wp:attachment":[{"href":"https:\/\/ceasuri.md\/ru\/wp-json\/wp\/v2\/media?parent=52501"}],"wp:term":[{"taxonomy":"product_brand","embeddable":true,"href":"https:\/\/ceasuri.md\/ru\/wp-json\/wp\/v2\/product_brand?post=52501"},{"taxonomy":"product_cat","embeddable":true,"href":"https:\/\/ceasuri.md\/ru\/wp-json\/wp\/v2\/product_cat?post=52501"},{"taxonomy":"product_tag","embeddable":true,"href":"https:\/\/ceasuri.md\/ru\/wp-json\/wp\/v2\/product_tag?post=52501"}],"curies":[{"name":"wp","href":"https:\/\/api.w.org\/{rel}","templated":true}]}}