{"id":52484,"date":"2026-04-02T23:50:51","date_gmt":"2026-04-02T20:50:51","guid":{"rendered":"http:\/\/new.ceasuri.md\/shop\/uncategorized\/casio-edifice-efr-526d-3avuef\/"},"modified":"2026-04-07T04:41:35","modified_gmt":"2026-04-07T01:41:35","slug":"casio-edifice-efr-526d-3avuef","status":"publish","type":"product","link":"https:\/\/ceasuri.md\/ru\/shop\/branduri\/casio\/casio-edifice-efr-526d-3avuef\/","title":{"rendered":"Ceas CASIO EDIFICE EFR-526D-3AVUEF"},"content":{"rendered":"<p>Un cronograf clasic EDIFICE \u00eentr-un caz de dimensiuni medii \u0219i un design fin lucrat.<\/p>\n<p>Br\u0103\u021bara robust\u0103 din o\u021bel inoxidabil se combin\u0103 cu luneta \u0219i cadranul verde rafinat &#8211; un aspect elegant care eman\u0103 c\u0103ldur\u0103.<\/p>\n<p>Acest cronograf elegant va fi apreciat de b\u0103rba\u021bii moderni care prefer\u0103 articolele practice \u0219i func\u021bionale.<\/p>\n<p>Ceas cronograf cu cronometru cu precizie de 1\/10s \u0219i timp de m\u0103surare de 1h.<\/p>\n<p>Cadranul cu semne de liniu\u021b\u0103 este realizat cu tehnologia Sunray. Fereastra datei se afl\u0103 la ora 3.<\/p>\n<p>Br\u0103\u021bar\u0103 cu \u00eenchidere tripl\u0103 pliabil\u0103 care poate fi eliberat\u0103 cu o singur\u0103 atingere.<\/p>","protected":false},"excerpt":{"rendered":"<p>Un cronograf clasic EDIFICE \u00eentr-un caz de dimensiuni medii \u0219i un design fin lucrat. Br\u0103\u021bara robust\u0103 din o\u021bel inoxidabil se combin\u0103 cu luneta \u0219i cadranul verde rafinat &#8211; un aspect elegant care eman\u0103 c\u0103ldur\u0103. Acest cronograf elegant va fi apreciat de b\u0103rba\u021bii moderni care prefer\u0103 articolele practice \u0219i func\u021bionale. Ceas cronograf cu cronometru cu precizie [&hellip;]<\/p>\n","protected":false},"featured_media":52485,"comment_status":"closed","ping_status":"open","template":"","meta":{"_acf_changed":false},"product_brand":[],"product_cat":[27,20,536],"product_tag":[],"class_list":{"0":"post-52484","1":"product","2":"type-product","3":"status-publish","4":"has-post-thumbnail","6":"product_cat-casio","7":"product_cat-ceasuri-barbati","8":"product_cat-edifice","9":"pa_brand-casio","10":"pa_brand-edifice","11":"pa_braslet-otel-inoxidabil","12":"pa_corpus-44-mm","13":"pa_forma-rotund","14":"pa_funcii-cronograf","15":"pa_funcii-data","16":"pa_garatia-24-luni","17":"pa_korpus-argintiu","18":"pa_korpus-verde","19":"pa_material-otel-inoxidabil","20":"pa_mehanizm-quartz","21":"pa_remeshok-argintiu","22":"pa_steklo-cristal-mineral","23":"pa_strana-japonia","24":"pa_voda-10-atm","26":"first","27":"instock","28":"purchasable","29":"product-type-simple"},"acf":[],"_links":{"self":[{"href":"https:\/\/ceasuri.md\/ru\/wp-json\/wp\/v2\/product\/52484","targetHints":{"allow":["GET"]}}],"collection":[{"href":"https:\/\/ceasuri.md\/ru\/wp-json\/wp\/v2\/product"}],"about":[{"href":"https:\/\/ceasuri.md\/ru\/wp-json\/wp\/v2\/types\/product"}],"replies":[{"embeddable":true,"href":"https:\/\/ceasuri.md\/ru\/wp-json\/wp\/v2\/comments?post=52484"}],"wp:featuredmedia":[{"embeddable":true,"href":"https:\/\/ceasuri.md\/ru\/wp-json\/wp\/v2\/media\/52485"}],"wp:attachment":[{"href":"https:\/\/ceasuri.md\/ru\/wp-json\/wp\/v2\/media?parent=52484"}],"wp:term":[{"taxonomy":"product_brand","embeddable":true,"href":"https:\/\/ceasuri.md\/ru\/wp-json\/wp\/v2\/product_brand?post=52484"},{"taxonomy":"product_cat","embeddable":true,"href":"https:\/\/ceasuri.md\/ru\/wp-json\/wp\/v2\/product_cat?post=52484"},{"taxonomy":"product_tag","embeddable":true,"href":"https:\/\/ceasuri.md\/ru\/wp-json\/wp\/v2\/product_tag?post=52484"}],"curies":[{"name":"wp","href":"https:\/\/api.w.org\/{rel}","templated":true}]}}