{"id":52481,"date":"2026-04-02T23:50:51","date_gmt":"2026-04-02T20:50:51","guid":{"rendered":"http:\/\/new.ceasuri.md\/shop\/uncategorized\/casio-edifice-efr-552d-2avuef\/"},"modified":"2026-04-07T04:41:34","modified_gmt":"2026-04-07T01:41:34","slug":"casio-edifice-efr-552d-2avuef","status":"publish","type":"product","link":"https:\/\/ceasuri.md\/ru\/shop\/branduri\/casio\/casio-edifice-efr-552d-2avuef\/","title":{"rendered":"Ceas CASIO EDIFICE EFR-552D-2AVUEF"},"content":{"rendered":"<p>Un cronograf clasic EDIFICE cu o carcas\u0103 mare \u0219i un design \u00eendr\u0103zne\u021b, dar subtil.<\/p>\n<p>Br\u0103\u021bara robust\u0103 din o\u021bel inoxidabil combinat\u0103 cu luneta \u0219i cadranul gri-albastru sofisticate reprezint\u0103 un stil aventuros \u0219i impresionant.<\/p>\n<p>Ceasurile Edifice sunt concepute pentru a rezista condi\u021biilor extreme \u0219i, prin urmare, sunt extrem de ergonomice \u0219i func\u021bionale.<\/p>\n<p>Stratul nereflectorizant de acumulare a luminii asigur\u0103 o str\u0103lucire de lung\u0103 durat\u0103 \u00een \u00eentuneric, chiar \u0219i dup\u0103 o scurt\u0103 expunere la lumin\u0103.<\/p>\n<p>Ceas cronograf cu cronometru cu o precizie de 1s \u0219i un timp de m\u0103surare de 10min. M\u00e2n\u0103 de minute cu cronograf retrograd. Format de timp de 12 \u0219i 24 de ore.<\/p>\n<p>Cadran Sunray cu repere de curs\u0103. Fereastra datei este situat\u0103 \u00eentre reperele orei 4 \u0219i 5.<\/p>\n<p>Rezistent la ap\u0103 p\u00e2n\u0103 la 100 m.<\/p>\n<p>Br\u0103\u021bar\u0103 cu \u00eenchiz\u0103toare pliabil\u0103 tripl\u0103, desf\u0103cut\u0103 cu o singur\u0103 atingere.<\/p>","protected":false},"excerpt":{"rendered":"<p>Un cronograf clasic EDIFICE cu o carcas\u0103 mare \u0219i un design \u00eendr\u0103zne\u021b, dar subtil. Br\u0103\u021bara robust\u0103 din o\u021bel inoxidabil combinat\u0103 cu luneta \u0219i cadranul gri-albastru sofisticate reprezint\u0103 un stil aventuros \u0219i impresionant. Ceasurile Edifice sunt concepute pentru a rezista condi\u021biilor extreme \u0219i, prin urmare, sunt extrem de ergonomice \u0219i func\u021bionale. Stratul nereflectorizant de acumulare a [&hellip;]<\/p>\n","protected":false},"featured_media":52482,"comment_status":"closed","ping_status":"open","template":"","meta":{"_acf_changed":false},"product_brand":[],"product_cat":[27,20,536],"product_tag":[],"class_list":{"0":"post-52481","1":"product","2":"type-product","3":"status-publish","4":"has-post-thumbnail","6":"product_cat-casio","7":"product_cat-ceasuri-barbati","8":"product_cat-edifice","9":"pa_brand-casio","10":"pa_brand-edifice","11":"pa_braslet-otel-inoxidabil","12":"pa_corpus-47-mm","13":"pa_forma-rotund","14":"pa_funcii-cronograf","15":"pa_funcii-data","16":"pa_garatia-24-luni","17":"pa_korpus-albastru","18":"pa_korpus-argintiu","19":"pa_material-otel-inoxidabil","20":"pa_mehanizm-quartz","21":"pa_remeshok-argintiu","22":"pa_steklo-cristal-mineral","23":"pa_strana-japonia","24":"pa_voda-10-atm","26":"first","27":"instock","28":"purchasable","29":"product-type-simple"},"acf":[],"_links":{"self":[{"href":"https:\/\/ceasuri.md\/ru\/wp-json\/wp\/v2\/product\/52481","targetHints":{"allow":["GET"]}}],"collection":[{"href":"https:\/\/ceasuri.md\/ru\/wp-json\/wp\/v2\/product"}],"about":[{"href":"https:\/\/ceasuri.md\/ru\/wp-json\/wp\/v2\/types\/product"}],"replies":[{"embeddable":true,"href":"https:\/\/ceasuri.md\/ru\/wp-json\/wp\/v2\/comments?post=52481"}],"wp:featuredmedia":[{"embeddable":true,"href":"https:\/\/ceasuri.md\/ru\/wp-json\/wp\/v2\/media\/52482"}],"wp:attachment":[{"href":"https:\/\/ceasuri.md\/ru\/wp-json\/wp\/v2\/media?parent=52481"}],"wp:term":[{"taxonomy":"product_brand","embeddable":true,"href":"https:\/\/ceasuri.md\/ru\/wp-json\/wp\/v2\/product_brand?post=52481"},{"taxonomy":"product_cat","embeddable":true,"href":"https:\/\/ceasuri.md\/ru\/wp-json\/wp\/v2\/product_cat?post=52481"},{"taxonomy":"product_tag","embeddable":true,"href":"https:\/\/ceasuri.md\/ru\/wp-json\/wp\/v2\/product_tag?post=52481"}],"curies":[{"name":"wp","href":"https:\/\/api.w.org\/{rel}","templated":true}]}}