{"id":52468,"date":"2026-04-02T23:50:51","date_gmt":"2026-04-02T20:50:51","guid":{"rendered":"http:\/\/new.ceasuri.md\/shop\/uncategorized\/casio-edifice-efv-150d-2avuef\/"},"modified":"2026-04-07T04:41:31","modified_gmt":"2026-04-07T01:41:31","slug":"casio-edifice-efv-150d-2avuef","status":"publish","type":"product","link":"https:\/\/ceasuri.md\/ru\/shop\/branduri\/casio\/casio-edifice-efv-150d-2avuef\/","title":{"rendered":"Ceas CASIO EDIFICE EFV-150D-2AVUEF"},"content":{"rendered":"<p>\u00cembr\u0103ca\u021bi un clasic contemporan &#8211; sofisticarea simpl\u0103 a unui design analogic axat pe m\u00e2inile orei, minutei \u0219i secundei.<\/p>\n<p>Semnele solide \u0219i ascu\u021bite ale indicilor se adaug\u0103 la aspectul sportiv, dar clasic.<\/p>\n<p>\u0218i, ca \u00een cazul fiec\u0103rui EDIFICE, acest ceas ofer\u0103 rezisten\u021b\u0103 la ap\u0103 de 100 de metri.<\/p>","protected":false},"excerpt":{"rendered":"<p>\u00cembr\u0103ca\u021bi un clasic contemporan &#8211; sofisticarea simpl\u0103 a unui design analogic axat pe m\u00e2inile orei, minutei \u0219i secundei. Semnele solide \u0219i ascu\u021bite ale indicilor se adaug\u0103 la aspectul sportiv, dar clasic. \u0218i, ca \u00een cazul fiec\u0103rui EDIFICE, acest ceas ofer\u0103 rezisten\u021b\u0103 la ap\u0103 de 100 de metri.<\/p>","protected":false},"featured_media":52469,"comment_status":"closed","ping_status":"open","template":"","meta":{"_acf_changed":false},"product_brand":[],"product_cat":[27,20,536],"product_tag":[],"class_list":{"0":"post-52468","1":"product","2":"type-product","3":"status-publish","4":"has-post-thumbnail","6":"product_cat-casio","7":"product_cat-ceasuri-barbati","8":"product_cat-edifice","9":"pa_brand-casio","10":"pa_brand-edifice","11":"pa_braslet-otel-inoxidabil","12":"pa_corpus-43-mm","13":"pa_forma-rotund","14":"pa_funcii-data","15":"pa_garatia-24-luni","16":"pa_korpus-argintiu","17":"pa_material-otel-inoxidabil","18":"pa_mehanizm-quartz","19":"pa_remeshok-argintiu","20":"pa_steklo-cristal-mineral","21":"pa_strana-japonia","22":"pa_voda-10-atm","24":"first","25":"instock","26":"purchasable","27":"product-type-simple"},"acf":[],"_links":{"self":[{"href":"https:\/\/ceasuri.md\/ru\/wp-json\/wp\/v2\/product\/52468","targetHints":{"allow":["GET"]}}],"collection":[{"href":"https:\/\/ceasuri.md\/ru\/wp-json\/wp\/v2\/product"}],"about":[{"href":"https:\/\/ceasuri.md\/ru\/wp-json\/wp\/v2\/types\/product"}],"replies":[{"embeddable":true,"href":"https:\/\/ceasuri.md\/ru\/wp-json\/wp\/v2\/comments?post=52468"}],"wp:featuredmedia":[{"embeddable":true,"href":"https:\/\/ceasuri.md\/ru\/wp-json\/wp\/v2\/media\/52469"}],"wp:attachment":[{"href":"https:\/\/ceasuri.md\/ru\/wp-json\/wp\/v2\/media?parent=52468"}],"wp:term":[{"taxonomy":"product_brand","embeddable":true,"href":"https:\/\/ceasuri.md\/ru\/wp-json\/wp\/v2\/product_brand?post=52468"},{"taxonomy":"product_cat","embeddable":true,"href":"https:\/\/ceasuri.md\/ru\/wp-json\/wp\/v2\/product_cat?post=52468"},{"taxonomy":"product_tag","embeddable":true,"href":"https:\/\/ceasuri.md\/ru\/wp-json\/wp\/v2\/product_tag?post=52468"}],"curies":[{"name":"wp","href":"https:\/\/api.w.org\/{rel}","templated":true}]}}